{"id":239,"date":"2019-10-15T10:59:40","date_gmt":"2019-10-15T08:59:40","guid":{"rendered":"https:\/\/www.hotelexcelsior.fr\/quartier-hotel-excelsior-paris\/"},"modified":"2019-11-15T10:41:02","modified_gmt":"2019-11-15T09:41:02","slug":"district-hotel-excelsior-paris","status":"publish","type":"page","link":"https:\/\/www.hotelexcelsior.fr\/zh-hans\/district-hotel-excelsior-paris\/","title":{"rendered":"Quartier"},"content":{"rendered":"\n\t<section class=\"section\" id=\"section_1998305129\">\n\t\t<div class=\"bg section-bg fill bg-fill  bg-loaded\" >\n\n\t\t\t\n\t\t\t\n\t\t\t\n\n\t\t<\/div><!-- .section-bg -->\n\n\t\t<div class=\"section-content relative\">\n\t\t\t\n\n<p><iframe loading=\"lazy\" width=\"100%\" height=\"350\" frameborder=\"0\" scrolling=\"no\" marginheight=\"0\" marginwidth=\"0\" src=\"https:\/\/maps.google.fr\/maps?f=q&amp;source=s_q&amp;hl=fr&amp;geocode=&amp;q=4+Rue+de+Lancry,+75010+Paris&amp;aq=&amp;sll=48.86878,2.360129&amp;sspn=0.011913,0.027874&amp;ie=UTF8&amp;hq=&amp;hnear=4+Rue+de+Lancry,+75010+Paris,+%C3%8Ele-de-France&amp;t=m&amp;ll=48.87228,2.361546&amp;spn=0.019759,0.05579&amp;z=14&amp;iwloc=A&amp;output=embed\"><\/iframe><\/p>\n<div class=\"row\"  id=\"row-87087119\">\n\n<div class=\"col small-12 large-12\"  ><div class=\"col-inner\"  >\n\n<h1 style=\"text-align: center;\">\u6021\u4e1c\u5171\u548c\u9152\u5e97\u5468\u8fb9\u73af\u5883<\/h1>\n<p style=\"text-align: center;\">\u672c\u9152\u5e97\u4e34\u8fd1\u5730\u94c13\u53f7\u7ebf\uff0c\u80fd\u76f4\u8fbe\u5df4\u9ece\u6b4c\u5267\u9662\u6216\u5723\u62c9\u624e\u5c14\u706b\u8f66\u7ad9\uff0c\u53ca\u5176\u5468\u8fb9\u5305\u62ec\u8001\u4f5b\u7237\u5728\u5185\u7684\u5927\u578b\u5546\u4e1a\u533a\u3002<br>\u6b64\u4f18\u52bf\u8ba9\u672c\u9152\u5e97\u6210\u4e3a\u80fd\u8ba9\u60a8\u8fd1\u8ddd\u79bb\u611f\u53d7\u6700\u7ecf\u5178\u7684\u5df4\u9ece\u5f0f\u751f\u6d3b\u7684\u9996\u9009\u3002<\/p>\n\n<\/div><\/div>\n\n<\/div>\n\n\t\t<\/div><!-- .section-content -->\n\n\t\t\n<style scope=\"scope\">\n\n#section_1998305129 {\n  padding-top: 0px;\n  padding-bottom: 0px;\n  margin-bottom: 0px;\n}\n<\/style>\n\t<\/section>\n\t\n\t<section class=\"section\" id=\"section_1214909276\">\n\t\t<div class=\"bg section-bg fill bg-fill  bg-loaded\" >\n\n\t\t\t\n\t\t\t\n\t\t\t\n\n\t\t<\/div><!-- .section-bg -->\n\n\t\t<div class=\"section-content relative\">\n\t\t\t\n\n<div class=\"row\"  id=\"row-554491069\">\n\n<div class=\"col medium-5 small-12 large-5 medium-col-first\"  ><div class=\"col-inner\"  >\n\n<div class=\"slider-wrapper relative\" id=\"slider-72490545\" style=\"margin-bottom:20px;\">\n    <div class=\"slider slider-nav-circle slider-nav-large slider-nav-light slider-style-normal\"\n        data-flickity-options='{\n            \"cellAlign\": \"center\",\n            \"imagesLoaded\": true,\n            \"lazyLoad\": 1,\n            \"freeScroll\": false,\n            \"wrapAround\": true,\n            \"autoPlay\": 6000,\n            \"pauseAutoPlayOnHover\" : true,\n            \"prevNextButtons\": true,\n            \"contain\" : true,\n            \"adaptiveHeight\" : true,\n            \"dragThreshold\" : 10,\n            \"percentPosition\": true,\n            \"pageDots\": true,\n            \"rightToLeft\": false,\n            \"draggable\": true,\n            \"selectedAttraction\": 0.1,\n            \"parallax\" : 0,\n            \"friction\": 0.6        }'\n        >\n        \n\n\t<div class=\"img has-hover x md-x lg-x y md-y lg-y\" id=\"image_139503195\">\n\t\t\t\t\t\t\t\t<div class=\"img-inner dark\" >\n\t\t\t<img loading=\"lazy\" decoding=\"async\" width=\"650\" height=\"433\" src=\"https:\/\/www.hotelexcelsior.fr\/wp-content\/uploads\/2019\/10\/1-1.jpg\" class=\"attachment-large size-large\" alt=\"Place de la R\u00e9publique\" srcset=\"https:\/\/www.hotelexcelsior.fr\/wp-content\/uploads\/2019\/10\/1-1.jpg 650w, https:\/\/www.hotelexcelsior.fr\/wp-content\/uploads\/2019\/10\/1-1-300x200.jpg 300w\" sizes=\"(max-width: 650px) 100vw, 650px\" \/>\t\t\t\t\t\t\n\t\t\t\t\t<\/div>\n\t\t\t\t\t\t\t\t\n<style scope=\"scope\">\n\n#image_139503195 {\n  width: 100%;\n}\n<\/style>\n\t<\/div>\n\t\n\n\t<div class=\"img has-hover x md-x lg-x y md-y lg-y\" id=\"image_1949584884\">\n\t\t\t\t\t\t\t\t<div class=\"img-inner dark\" >\n\t\t\t<img loading=\"lazy\" decoding=\"async\" width=\"650\" height=\"433\" src=\"https:\/\/www.hotelexcelsior.fr\/wp-content\/uploads\/2019\/10\/2-1.jpg\" class=\"attachment-large size-large\" alt=\"Place de la R\u00e9publique\" srcset=\"https:\/\/www.hotelexcelsior.fr\/wp-content\/uploads\/2019\/10\/2-1.jpg 650w, https:\/\/www.hotelexcelsior.fr\/wp-content\/uploads\/2019\/10\/2-1-300x200.jpg 300w\" sizes=\"(max-width: 650px) 100vw, 650px\" \/>\t\t\t\t\t\t\n\t\t\t\t\t<\/div>\n\t\t\t\t\t\t\t\t\n<style scope=\"scope\">\n\n#image_1949584884 {\n  width: 100%;\n}\n<\/style>\n\t<\/div>\n\t\n\n\n     <\/div>\n\n     <div class=\"loading-spin dark large centered\"><\/div>\n\n     <style scope=\"scope\">\n             <\/style>\n<\/div><!-- .ux-slider-wrapper -->\n\n\n<h3>\u516c\u5171\u4ea4\u901a<\/h3>\n<p><strong>\u2014\u5730\u94c1\uff1a<\/strong>\u5171\u548c\u5e7f\u573a\u7ad9<br><strong>\u2014\u5c0f\u706b\u8f66RER<\/strong>\uff1a\u5df4\u9ece\u5317\u7ad9<br><strong>\u2014\u5df4\u58eb\uff1a<\/strong>20\u201454\u201456\u201465\u201475\u53f7\u7ebf<br><strong>\u2014\u706b\u8f66\u7ad9\uff1a<\/strong>\u5df4\u9ece\u5317\u7ad9\u2014\u5df4\u9ece\u4e1c\u7ad9\u2014\u5df4\u9ece\u91cc\u6602\u706b\u8f66\u7ad9<\/p>\n\n<\/div><\/div>\n<div class=\"col medium-7 small-12 large-7\"  ><div class=\"col-inner\"  >\n\n<h3>\u5df4\u9ece\u5171\u548c\u5e7f\u573a<\/h3>\n<p>\u5171\u548c\u5e7f\u573a\u4f4d\u4e8e\u57ce\u5e02\u4e2d\u5fc3\uff0c\u662f\u5df4\u9ece\u975e\u5e38\u7e41\u534e\u70ed\u95f9\u7684\u533a\u57df\u3002\u5b83\u662f\u5df4\u9ece\u9762\u79ef\u6700\u5927\u7684\u5e7f\u573a\u4e4b\u4e00\uff08280\u7c73x120\u7c73\uff0c3.6\u4ea9\uff09\uff0c\u5efa\u9020\u4e8e\u5341\u4e5d\u4e16\u7eaa\u3002<\/p>\n<p>\u5e7f\u573a\u6b63\u4e2d\u5fc3\u7684\u5171\u548c\u56fd\u94dc\u50cf\u4e8e1883\u5e74\u843d\u6210\uff0c\u8fd9\u662f\u4e00\u5ea7\u5728\u9996\u90fd\u8c61\u5f81\u7740\u5171\u548c\u56fd\u8363\u8000\u7684\u7eaa\u5ff5\u7891\uff0c\u5176\u5e95\u5ea7\u9ad815\u70b95\u7c73\uff0c\u81ea\u4f53\u9ad89\u70b95\u7c73\u3002<br>\u8fd9\u5ea7\u5e7f\u573a\u76f4\u52301889\u5e74\u624d\u786e\u5b9a\u4e86\u6b63\u5f0f\u540d\u79f0\u3002<\/p>\n<p>\u5e95\u5ea7\u4e0a\u7684\u4e09\u5ea7\u5de8\u5927\u7684\u77f3\u50cf\u5206\u522b\u4ee3\u8868\u624b\u4e2d\u7d27\u7d27\u6525\u7740\u7834\u788e\u7684\u94c1\u5668\u3001\u6325\u821e\u7740\u706b\u70ac\u7684\u81ea\u7531\uff0c\u624b\u6301\u4e09\u8272\u65d7\u548c\u4e09\u89d2\u94c1\u5c3a\u7684\u5e73\u7b49\uff0c\u4ee5\u53ca\u88ab\u519c\u4f5c\u7269\u548c\u6b63\u5728\u9605\u8bfb\u7684\u5b69\u5b50\u4eec\u56f4\u7ed5\u7740\u7684\u535a\u7231\u3002<br>\u5728\u7eaa\u5ff5\u7891\u811a\u4e0b\uff0c\u530d\u5310\u7740\u4e00\u59343\u7c73\u9ad8\u7684\u9752\u94dc\u72ee\uff0c\u5b83\u8eab\u524d\u5219\u662f\u8c61\u5f81\u7740\u5168\u6c11\u9009\u4e3e\u7684\u6295\u7968\u7bb1\u3002<\/p>\n\n<\/div><\/div>\n\n<\/div>\n\n\t\t<\/div><!-- .section-content -->\n\n\t\t\n<style scope=\"scope\">\n\n#section_1214909276 {\n  padding-top: 0px;\n  padding-bottom: 0px;\n}\n<\/style>\n\t<\/section>\n\t\n\t<section class=\"section\" id=\"section_1771637188\">\n\t\t<div class=\"bg section-bg fill bg-fill  \" >\n\n\t\t\t\n\t\t\t\n\t\t\t\n\n\t\t<\/div><!-- .section-bg -->\n\n\t\t<div class=\"section-content relative\">\n\t\t\t\n\n\n\t\t<\/div><!-- .section-content -->\n\n\t\t\n<style scope=\"scope\">\n\n#section_1771637188 {\n  padding-top: 0px;\n  padding-bottom: 0px;\n  min-height: 200px;\n}\n#section_1771637188 .section-bg.bg-loaded {\n  background-image: url(https:\/\/www.hotelexcelsior.fr\/wp-content\/uploads\/2019\/10\/musee-arts-metiers.jpg);\n}\n#section_1771637188 .section-bg {\n  background-position: bottom;\n}\n<\/style>\n\t<\/section>\n\t\n\t<section class=\"section\" id=\"section_1838236631\">\n\t\t<div class=\"bg section-bg fill bg-fill  bg-loaded\" >\n\n\t\t\t\n\t\t\t\n\t\t\t\n\n\t\t<\/div><!-- .section-bg -->\n\n\t\t<div class=\"section-content relative\">\n\t\t\t\n\n<div class=\"row\"  id=\"row-660431798\">\n\n<div class=\"col medium-6 small-12 large-6\"  ><div class=\"col-inner\"  >\n\n<h3>\u5df4\u9ece\u5de5\u827a\u7f8e\u672f\u535a\u7269\u9986<\/h3>\n<p>\u6cd5\u56fd\u5df4\u9eceR\u00e9aumur\u885760\u53f7\uff0c\u90ae\u7f1675003<br>\u7535\u8bdd\uff1a+33 1 53 01 82 00<\/p>\n<p><strong>\u5730\u94c1\uff1a<\/strong><br>3\u53f7\u7ebf\u548c11\u53f7\u7ebf \u2014 \u5de5\u827a\u5730\u94c1\u7ad9<br>4\u53f7\u7ebf \u2014 R\u00e9aumur-S\u00e9bastopol\u7ad9<\/p>\n<p>\u5df4\u9ece\u5de5\u827a\u7f8e\u672f\u535a\u7269\u9986\u5efa\u7acb\u4e8e1794\u5e74\uff0c\u8d77\u521d\u662f\u4e00\u6240\u81f4\u529b\u4e8e\u57f9\u517b\u6280\u672f\u4eba\u5458\u4e0e\u5de5\u7a0b\u5e08\u7684\u673a\u6784\u3002<br>\n1798\u5e74\uff0c\u8fd9\u5ea7\u5f15\u4eba\u6ce8\u76ee\u7684\u5efa\u7b51\u88ab\u6539\u4e3a\u7f8e\u672f\u535a\u7269\u9986\u3002<\/p>\n\n<\/div><\/div>\n<div class=\"col medium-6 small-12 large-6\"  ><div class=\"col-inner\"  >\n\n<p>\u5728\u6cd5\u56fd\u673a\u68b0\u5e08\u96c5\u514b\u00b7\u8fea\u00b7\u6c83\u5eb7\u677e\u7684\u53d1\u8d77\u4e0b\uff0c\u7f8e\u672f\u535a\u7269\u9986\u62e5\u6709\u4e86\u7b2c\u4e00\u6279\u85cf\u54c1\u3002<br>\u4e3a\u4e86\u4fc3\u8fdb\u4ee5\u5f80\u88ab\u7cbe\u82f1\u9636\u5c42\u72ec\u5360\u3001\u5e76\u53ea\u5728\u884c\u4e1a\u5185\u90e8\u5171\u4eab\u7684\u5de5\u827a\u77e5\u8bc6\u7684\u4f20\u64ad\uff0c\u6cd5\u56fd\u5927\u9769\u547d\u52aa\u529b\u5c06\u8fd9\u4e9b\u79d1\u5b66\u4e8e\u6280\u672f\u85cf\u54c1\u5c55\u73b0\u5728\u4e86\u666e\u7f57\u5927\u4f17\u9762\u524d\u3002 \u7d27\u968f\u4e8e\u5728\u524d\u56fd\u738b\u82b1\u56ed\u57fa\u7840\u4e0a\u5efa\u6210\u7684\u56fd\u5bb6\u81ea\u7136\u5386\u53f2\u535a\u7269\u9986\u5176\u540e\uff0c\u5de5\u827a\u7f8e\u672f\u535a\u7269\u9986\u5c06\u8d35\u65cf\u6216\u524d\u7687\u5bb6\u79d1\u5b66\u9662\u7684\u7269\u7406\u5de5\u4f5c\u5ba4\u7684\u85cf\u54c1\u6c47\u96c6\u8d77\u6765\u3002 <br>\u7f8e\u672f\u535a\u7269\u9986\u4e8e1802\u5e745\u6708\u5411\u5927\u4f17\u655e\u5f00\u4e86\u5927\u95e8\u3002<br>\u5de5\u827a\u7f8e\u672f\u535a\u7269\u9986\u7684\u6c38\u4e45\u6027\u5c55\u5385\u75317\u4e2a\u4e3b\u9898\u7684\u85cf\u54c1\u6784\u6210\u3002<\/p>\n\n<\/div><\/div>\n\n<\/div>\n\n\t\t<\/div><!-- .section-content -->\n\n\t\t\n<style scope=\"scope\">\n\n#section_1838236631 {\n  padding-top: 30px;\n  padding-bottom: 30px;\n  margin-bottom: 0px;\n}\n<\/style>\n\t<\/section>\n\t\n\t<section class=\"section\" id=\"section_494334540\">\n\t\t<div class=\"bg section-bg fill bg-fill  \" >\n\n\t\t\t\n\t\t\t\n\t\t\t\n\n\t\t<\/div><!-- .section-bg -->\n\n\t\t<div class=\"section-content relative\">\n\t\t\t\n\n\n\t\t<\/div><!-- .section-content -->\n\n\t\t\n<style scope=\"scope\">\n\n#section_494334540 {\n  padding-top: 0px;\n  padding-bottom: 0px;\n  min-height: 200px;\n}\n#section_494334540 .section-bg.bg-loaded {\n  background-image: url(https:\/\/www.hotelexcelsior.fr\/wp-content\/uploads\/2019\/10\/cirque-hiver.jpg);\n}\n#section_494334540 .section-bg {\n  background-position: top;\n}\n<\/style>\n\t<\/section>\n\t\n\t<section class=\"section\" id=\"section_181315424\">\n\t\t<div class=\"bg section-bg fill bg-fill  bg-loaded\" >\n\n\t\t\t\n\t\t\t\n\t\t\t\n\n\t\t<\/div><!-- .section-bg -->\n\n\t\t<div class=\"section-content relative\">\n\t\t\t\n\n<div class=\"row\"  id=\"row-451241581\">\n\n<div class=\"col medium-6 small-12 large-6\"  ><div class=\"col-inner\"  >\n\n<h3>\u4e30\u5bcc\u7684\u591c\u751f\u6d3b\uff0c<\/h3>\n<p>\u6021\u4e1c\u5171\u548c\u9152\u5e97\u9644\u8fd1\u62e5\u6709\u4f17\u591a\u5267\u9662\uff0c\u4f8b\u5982\uff1a<br><br>\u2014 \u5171\u548c\u5e7f\u573aLe Caveau\u5267\u9662\uff1aLe Caveau\u5267\u9662\u5185\u5145\u6ee1\u4e86\u6b22\u7b11\u548c\u8bbd\u523a\uff01<br>\u4eba\u624d\u6d4e\u6d4e\u7684\u5e7d\u9ed8\u5267\u573a<br>\u9884\u5b9a\u7535\u8bdd\uff1a01 42 78 44 45<br>\u5171\u548c\u5e7f\u573aLe Caveau\u5267\u9662<br>\u5723\u9a6c\u4e01\u5927\u90531\u53f7<br>\u5df4\u9ece\uff0c\u90ae\u7f1675003<\/p>\n\n<\/div><\/div>\n<div class=\"col medium-6 small-12 large-6\"  ><div class=\"col-inner\"  >\n\n<h3>\u9002\u5408\u5168\u5bb6\u4e00\u8d77\u89c2\u8d4f\uff1a<\/h3>\n\n<p>\u9152\u5e97\u9644\u8fd1\u7684\u51ac\u65e5\u9a6c\u620f\u56e2\u3002<br><br>\n\n\u5728\u8fd9\u4e2a\u5168\u4e16\u754c\u6700\u53e4\u8001\u7684\u9a6c\u620f\u56e2\u91cc\uff0c\u60a8\u5c06\u89c2\u8d4f\u5230\u5c5e\u4e8e\u5e03\u683c\u91cc\u7fc1\u5bb6\u65cf\u7684\u51ac\u65e5\u9a6c\u620f\u56e2\u5e26\u6765\u7684\u4f53\u64cd\u6742\u6280\u3001\u7a7a\u4e2d\u6742\u6280\u3001\u8001\u864e\u3001\u72d7\u3001\u9a6c\u4ee5\u53ca\u5c0f\u4e11\u548c\u4e50\u961f\u7684\u7cbe\u5f69\u8868\u6f14<br>\u9884\u5b9a\u7535\u8bdd\uff1a01 47 00 28 81<\/p>\n\n<\/div><\/div>\n\n<\/div>\n\n\t\t<\/div><!-- .section-content -->\n\n\t\t\n<style scope=\"scope\">\n\n#section_181315424 {\n  padding-top: 30px;\n  padding-bottom: 30px;\n}\n<\/style>\n\t<\/section>\n\t\n","protected":false},"excerpt":{"rendered":"","protected":false},"author":1,"featured_media":0,"parent":0,"menu_order":0,"comment_status":"closed","ping_status":"closed","template":"page-blank.php","meta":{"footnotes":""},"yoast_head":"<!-- This site is optimized with the Yoast SEO plugin v22.0 - https:\/\/yoast.com\/wordpress\/plugins\/seo\/ -->\n<title>\u6021\u4e1c\u5171\u548c\u9152\u5e97\u5468\u8fb9\u73af\u5883<\/title>\n<meta name=\"description\" content=\"\u672c\u9152\u5e97\u4e34\u8fd1\u5730\u94c13\u53f7\u7ebf\uff0c\u80fd\u76f4\u8fbe\u5df4\u9ece\u6b4c\u5267\u9662\u6216\u5723\u62c9\u624e\u5c14\u706b\u8f66\u7ad9\uff0c\u53ca\u5176\u5468\u8fb9\u5305\u62ec\u8001\u4f5b\u7237\u5728\u5185\u7684\u5927\u578b\u5546\u4e1a\u533a\u3002\u6b64\u4f18\u52bf\u8ba9\u672c\u9152\u5e97\u6210\u4e3a\u80fd\u8ba9\u60a8\u8fd1\u8ddd\u79bb\u611f\u53d7\u6700\u7ecf\u5178\u7684\u5df4\u9ece\u5f0f\u751f\u6d3b\u7684\u9996\u9009\u3002\" \/>\n<meta name=\"robots\" content=\"index, follow, max-snippet:-1, max-image-preview:large, max-video-preview:-1\" \/>\n<link rel=\"canonical\" href=\"https:\/\/www.hotelexcelsior.fr\/zh-hans\/district-hotel-excelsior-paris\/\" \/>\n<meta property=\"og:locale\" content=\"zh_CN\" \/>\n<meta property=\"og:type\" content=\"article\" \/>\n<meta property=\"og:title\" content=\"\u6021\u4e1c\u5171\u548c\u9152\u5e97\u5468\u8fb9\u73af\u5883\" \/>\n<meta property=\"og:description\" content=\"\u672c\u9152\u5e97\u4e34\u8fd1\u5730\u94c13\u53f7\u7ebf\uff0c\u80fd\u76f4\u8fbe\u5df4\u9ece\u6b4c\u5267\u9662\u6216\u5723\u62c9\u624e\u5c14\u706b\u8f66\u7ad9\uff0c\u53ca\u5176\u5468\u8fb9\u5305\u62ec\u8001\u4f5b\u7237\u5728\u5185\u7684\u5927\u578b\u5546\u4e1a\u533a\u3002\u6b64\u4f18\u52bf\u8ba9\u672c\u9152\u5e97\u6210\u4e3a\u80fd\u8ba9\u60a8\u8fd1\u8ddd\u79bb\u611f\u53d7\u6700\u7ecf\u5178\u7684\u5df4\u9ece\u5f0f\u751f\u6d3b\u7684\u9996\u9009\u3002\" \/>\n<meta property=\"og:url\" content=\"https:\/\/www.hotelexcelsior.fr\/zh-hans\/district-hotel-excelsior-paris\/\" \/>\n<meta property=\"og:site_name\" content=\"H\u00f4tel Excelsior R\u00e9publique\" \/>\n<meta property=\"article:modified_time\" content=\"2019-11-15T09:41:02+00:00\" \/>\n<meta name=\"twitter:card\" content=\"summary_large_image\" \/>\n<meta name=\"twitter:label1\" content=\"\u9884\u8ba1\u9605\u8bfb\u65f6\u95f4\" \/>\n\t<meta name=\"twitter:data1\" content=\"1 \u5206\" \/>\n<script type=\"application\/ld+json\" class=\"yoast-schema-graph\">{\"@context\":\"https:\/\/schema.org\",\"@graph\":[{\"@type\":\"WebPage\",\"@id\":\"https:\/\/www.hotelexcelsior.fr\/zh-hans\/district-hotel-excelsior-paris\/\",\"url\":\"https:\/\/www.hotelexcelsior.fr\/zh-hans\/district-hotel-excelsior-paris\/\",\"name\":\"\u6021\u4e1c\u5171\u548c\u9152\u5e97\u5468\u8fb9\u73af\u5883\",\"isPartOf\":{\"@id\":\"https:\/\/www.hotelexcelsior.fr\/#website\"},\"datePublished\":\"2019-10-15T08:59:40+00:00\",\"dateModified\":\"2019-11-15T09:41:02+00:00\",\"description\":\"\u672c\u9152\u5e97\u4e34\u8fd1\u5730\u94c13\u53f7\u7ebf\uff0c\u80fd\u76f4\u8fbe\u5df4\u9ece\u6b4c\u5267\u9662\u6216\u5723\u62c9\u624e\u5c14\u706b\u8f66\u7ad9\uff0c\u53ca\u5176\u5468\u8fb9\u5305\u62ec\u8001\u4f5b\u7237\u5728\u5185\u7684\u5927\u578b\u5546\u4e1a\u533a\u3002\u6b64\u4f18\u52bf\u8ba9\u672c\u9152\u5e97\u6210\u4e3a\u80fd\u8ba9\u60a8\u8fd1\u8ddd\u79bb\u611f\u53d7\u6700\u7ecf\u5178\u7684\u5df4\u9ece\u5f0f\u751f\u6d3b\u7684\u9996\u9009\u3002\",\"breadcrumb\":{\"@id\":\"https:\/\/www.hotelexcelsior.fr\/zh-hans\/district-hotel-excelsior-paris\/#breadcrumb\"},\"inLanguage\":\"zh-Hans\",\"potentialAction\":[{\"@type\":\"ReadAction\",\"target\":[\"https:\/\/www.hotelexcelsior.fr\/zh-hans\/district-hotel-excelsior-paris\/\"]}]},{\"@type\":\"BreadcrumbList\",\"@id\":\"https:\/\/www.hotelexcelsior.fr\/zh-hans\/district-hotel-excelsior-paris\/#breadcrumb\",\"itemListElement\":[{\"@type\":\"ListItem\",\"position\":1,\"name\":\"Accueil\",\"item\":\"https:\/\/www.hotelexcelsior.fr\/zh-hans\/\"},{\"@type\":\"ListItem\",\"position\":2,\"name\":\"Quartier\"}]},{\"@type\":\"WebSite\",\"@id\":\"https:\/\/www.hotelexcelsior.fr\/#website\",\"url\":\"https:\/\/www.hotelexcelsior.fr\/\",\"name\":\"H\u00f4tel Excelsior R\u00e9publique\",\"description\":\"H\u00f4tel proche de la place de la R\u00e9publique\",\"potentialAction\":[{\"@type\":\"SearchAction\",\"target\":{\"@type\":\"EntryPoint\",\"urlTemplate\":\"https:\/\/www.hotelexcelsior.fr\/?s={search_term_string}\"},\"query-input\":\"required name=search_term_string\"}],\"inLanguage\":\"zh-Hans\"}]}<\/script>\n<!-- \/ Yoast SEO plugin. -->","yoast_head_json":{"title":"\u6021\u4e1c\u5171\u548c\u9152\u5e97\u5468\u8fb9\u73af\u5883","description":"\u672c\u9152\u5e97\u4e34\u8fd1\u5730\u94c13\u53f7\u7ebf\uff0c\u80fd\u76f4\u8fbe\u5df4\u9ece\u6b4c\u5267\u9662\u6216\u5723\u62c9\u624e\u5c14\u706b\u8f66\u7ad9\uff0c\u53ca\u5176\u5468\u8fb9\u5305\u62ec\u8001\u4f5b\u7237\u5728\u5185\u7684\u5927\u578b\u5546\u4e1a\u533a\u3002\u6b64\u4f18\u52bf\u8ba9\u672c\u9152\u5e97\u6210\u4e3a\u80fd\u8ba9\u60a8\u8fd1\u8ddd\u79bb\u611f\u53d7\u6700\u7ecf\u5178\u7684\u5df4\u9ece\u5f0f\u751f\u6d3b\u7684\u9996\u9009\u3002","robots":{"index":"index","follow":"follow","max-snippet":"max-snippet:-1","max-image-preview":"max-image-preview:large","max-video-preview":"max-video-preview:-1"},"canonical":"https:\/\/www.hotelexcelsior.fr\/zh-hans\/district-hotel-excelsior-paris\/","og_locale":"zh_CN","og_type":"article","og_title":"\u6021\u4e1c\u5171\u548c\u9152\u5e97\u5468\u8fb9\u73af\u5883","og_description":"\u672c\u9152\u5e97\u4e34\u8fd1\u5730\u94c13\u53f7\u7ebf\uff0c\u80fd\u76f4\u8fbe\u5df4\u9ece\u6b4c\u5267\u9662\u6216\u5723\u62c9\u624e\u5c14\u706b\u8f66\u7ad9\uff0c\u53ca\u5176\u5468\u8fb9\u5305\u62ec\u8001\u4f5b\u7237\u5728\u5185\u7684\u5927\u578b\u5546\u4e1a\u533a\u3002\u6b64\u4f18\u52bf\u8ba9\u672c\u9152\u5e97\u6210\u4e3a\u80fd\u8ba9\u60a8\u8fd1\u8ddd\u79bb\u611f\u53d7\u6700\u7ecf\u5178\u7684\u5df4\u9ece\u5f0f\u751f\u6d3b\u7684\u9996\u9009\u3002","og_url":"https:\/\/www.hotelexcelsior.fr\/zh-hans\/district-hotel-excelsior-paris\/","og_site_name":"H\u00f4tel Excelsior R\u00e9publique","article_modified_time":"2019-11-15T09:41:02+00:00","twitter_card":"summary_large_image","twitter_misc":{"\u9884\u8ba1\u9605\u8bfb\u65f6\u95f4":"1 \u5206"},"schema":{"@context":"https:\/\/schema.org","@graph":[{"@type":"WebPage","@id":"https:\/\/www.hotelexcelsior.fr\/zh-hans\/district-hotel-excelsior-paris\/","url":"https:\/\/www.hotelexcelsior.fr\/zh-hans\/district-hotel-excelsior-paris\/","name":"\u6021\u4e1c\u5171\u548c\u9152\u5e97\u5468\u8fb9\u73af\u5883","isPartOf":{"@id":"https:\/\/www.hotelexcelsior.fr\/#website"},"datePublished":"2019-10-15T08:59:40+00:00","dateModified":"2019-11-15T09:41:02+00:00","description":"\u672c\u9152\u5e97\u4e34\u8fd1\u5730\u94c13\u53f7\u7ebf\uff0c\u80fd\u76f4\u8fbe\u5df4\u9ece\u6b4c\u5267\u9662\u6216\u5723\u62c9\u624e\u5c14\u706b\u8f66\u7ad9\uff0c\u53ca\u5176\u5468\u8fb9\u5305\u62ec\u8001\u4f5b\u7237\u5728\u5185\u7684\u5927\u578b\u5546\u4e1a\u533a\u3002\u6b64\u4f18\u52bf\u8ba9\u672c\u9152\u5e97\u6210\u4e3a\u80fd\u8ba9\u60a8\u8fd1\u8ddd\u79bb\u611f\u53d7\u6700\u7ecf\u5178\u7684\u5df4\u9ece\u5f0f\u751f\u6d3b\u7684\u9996\u9009\u3002","breadcrumb":{"@id":"https:\/\/www.hotelexcelsior.fr\/zh-hans\/district-hotel-excelsior-paris\/#breadcrumb"},"inLanguage":"zh-Hans","potentialAction":[{"@type":"ReadAction","target":["https:\/\/www.hotelexcelsior.fr\/zh-hans\/district-hotel-excelsior-paris\/"]}]},{"@type":"BreadcrumbList","@id":"https:\/\/www.hotelexcelsior.fr\/zh-hans\/district-hotel-excelsior-paris\/#breadcrumb","itemListElement":[{"@type":"ListItem","position":1,"name":"Accueil","item":"https:\/\/www.hotelexcelsior.fr\/zh-hans\/"},{"@type":"ListItem","position":2,"name":"Quartier"}]},{"@type":"WebSite","@id":"https:\/\/www.hotelexcelsior.fr\/#website","url":"https:\/\/www.hotelexcelsior.fr\/","name":"H\u00f4tel Excelsior R\u00e9publique","description":"H\u00f4tel proche de la place de la R\u00e9publique","potentialAction":[{"@type":"SearchAction","target":{"@type":"EntryPoint","urlTemplate":"https:\/\/www.hotelexcelsior.fr\/?s={search_term_string}"},"query-input":"required name=search_term_string"}],"inLanguage":"zh-Hans"}]}},"_links":{"self":[{"href":"https:\/\/www.hotelexcelsior.fr\/zh-hans\/wp-json\/wp\/v2\/pages\/239"}],"collection":[{"href":"https:\/\/www.hotelexcelsior.fr\/zh-hans\/wp-json\/wp\/v2\/pages"}],"about":[{"href":"https:\/\/www.hotelexcelsior.fr\/zh-hans\/wp-json\/wp\/v2\/types\/page"}],"author":[{"embeddable":true,"href":"https:\/\/www.hotelexcelsior.fr\/zh-hans\/wp-json\/wp\/v2\/users\/1"}],"replies":[{"embeddable":true,"href":"https:\/\/www.hotelexcelsior.fr\/zh-hans\/wp-json\/wp\/v2\/comments?post=239"}],"version-history":[{"count":5,"href":"https:\/\/www.hotelexcelsior.fr\/zh-hans\/wp-json\/wp\/v2\/pages\/239\/revisions"}],"predecessor-version":[{"id":370,"href":"https:\/\/www.hotelexcelsior.fr\/zh-hans\/wp-json\/wp\/v2\/pages\/239\/revisions\/370"}],"wp:attachment":[{"href":"https:\/\/www.hotelexcelsior.fr\/zh-hans\/wp-json\/wp\/v2\/media?parent=239"}],"curies":[{"name":"wp","href":"https:\/\/api.w.org\/{rel}","templated":true}]}}