{"id":252,"date":"2019-10-15T10:26:38","date_gmt":"2019-10-15T08:26:38","guid":{"rendered":"https:\/\/www.hotelexcelsior.fr\/situation-hotel-excelsior\/"},"modified":"2019-11-14T18:43:21","modified_gmt":"2019-11-14T17:43:21","slug":"localizacao-hotel-excelsior","status":"publish","type":"page","link":"https:\/\/www.hotelexcelsior.fr\/pt-br\/localizacao-hotel-excelsior\/","title":{"rendered":"Situation"},"content":{"rendered":"\n\t<section class=\"section\" id=\"section_1265742271\">\n\t\t<div class=\"bg section-bg fill bg-fill  bg-loaded\" >\n\n\t\t\t\n\t\t\t\n\t\t\t\n\n\t\t<\/div><!-- .section-bg -->\n\n\t\t<div class=\"section-content relative\">\n\t\t\t\n\n<p><iframe loading=\"lazy\" width=\"100%\" height=\"350\" frameborder=\"0\" scrolling=\"no\" marginheight=\"0\" marginwidth=\"0\" src=\"https:\/\/maps.google.fr\/maps?f=q&amp;source=s_q&amp;hl=fr&amp;geocode=&amp;q=4+Rue+de+Lancry,+75010+Paris&amp;aq=&amp;sll=48.86878,2.360129&amp;sspn=0.011913,0.027874&amp;ie=UTF8&amp;hq=&amp;hnear=4+Rue+de+Lancry,+75010+Paris,+%C3%8Ele-de-France&amp;t=m&amp;ll=48.87228,2.361546&amp;spn=0.019759,0.05579&amp;z=14&amp;iwloc=A&amp;output=embed\"><\/iframe><\/p>\n<div class=\"row\"  id=\"row-2033005750\">\n\n<div class=\"col small-12 large-12\"  ><div class=\"col-inner\"  >\n\n<h1 style=\"text-align: center;\">localiza\u00e7\u00e3o do hotel Excelsior R\u00e9publique<\/h1>\n<p style=\"text-align: center;\">A proximidade do metr\u00f4 linha 3 direto para a esta\u00e7\u00e3o Op\u00e9ra ou Saint Lazare e suas grandes lojas como as Galerias Lafayette fazem deste hotel um lugar ideal para uma estadia tipicamente parisiense.<\/p>\n\n<\/div><\/div>\n\n<\/div>\n\n\t\t<\/div><!-- .section-content -->\n\n\t\t\n<style scope=\"scope\">\n\n#section_1265742271 {\n  padding-top: 0px;\n  padding-bottom: 0px;\n  margin-bottom: 0px;\n}\n<\/style>\n\t<\/section>\n\t\n\t<section class=\"section\" id=\"section_2028626009\">\n\t\t<div class=\"bg section-bg fill bg-fill  bg-loaded\" >\n\n\t\t\t\n\t\t\t\n\t\t\t\n\n\t\t<\/div><!-- .section-bg -->\n\n\t\t<div class=\"section-content relative\">\n\t\t\t\n\n<div class=\"row\"  id=\"row-1932784320\">\n\n<div class=\"col medium-5 small-12 large-5 medium-col-first\"  ><div class=\"col-inner\"  >\n\n<div class=\"slider-wrapper relative\" id=\"slider-235830906\" style=\"margin-bottom:20px;\">\n    <div class=\"slider slider-nav-circle slider-nav-large slider-nav-light slider-style-normal\"\n        data-flickity-options='{\n            \"cellAlign\": \"center\",\n            \"imagesLoaded\": true,\n            \"lazyLoad\": 1,\n            \"freeScroll\": false,\n            \"wrapAround\": true,\n            \"autoPlay\": 6000,\n            \"pauseAutoPlayOnHover\" : true,\n            \"prevNextButtons\": true,\n            \"contain\" : true,\n            \"adaptiveHeight\" : true,\n            \"dragThreshold\" : 10,\n            \"percentPosition\": true,\n            \"pageDots\": true,\n            \"rightToLeft\": false,\n            \"draggable\": true,\n            \"selectedAttraction\": 0.1,\n            \"parallax\" : 0,\n            \"friction\": 0.6        }'\n        >\n        \n\n\t<div class=\"img has-hover x md-x lg-x y md-y lg-y\" id=\"image_1269674419\">\n\t\t\t\t\t\t\t\t<div class=\"img-inner dark\" >\n\t\t\t<img loading=\"lazy\" decoding=\"async\" width=\"650\" height=\"433\" src=\"https:\/\/www.hotelexcelsior.fr\/wp-content\/uploads\/2019\/10\/2-1.jpg\" class=\"attachment-large size-large\" alt=\"Place de la R\u00e9publique\" srcset=\"https:\/\/www.hotelexcelsior.fr\/wp-content\/uploads\/2019\/10\/2-1.jpg 650w, https:\/\/www.hotelexcelsior.fr\/wp-content\/uploads\/2019\/10\/2-1-300x200.jpg 300w\" sizes=\"(max-width: 650px) 100vw, 650px\" \/>\t\t\t\t\t\t\n\t\t\t\t\t<\/div>\n\t\t\t\t\t\t\t\t\n<style scope=\"scope\">\n\n#image_1269674419 {\n  width: 100%;\n}\n<\/style>\n\t<\/div>\n\t\n\n\t<div class=\"img has-hover x md-x lg-x y md-y lg-y\" id=\"image_211747460\">\n\t\t\t\t\t\t\t\t<div class=\"img-inner dark\" >\n\t\t\t<img loading=\"lazy\" decoding=\"async\" width=\"650\" height=\"433\" src=\"https:\/\/www.hotelexcelsior.fr\/wp-content\/uploads\/2019\/10\/1-1.jpg\" class=\"attachment-large size-large\" alt=\"Place de la R\u00e9publique\" srcset=\"https:\/\/www.hotelexcelsior.fr\/wp-content\/uploads\/2019\/10\/1-1.jpg 650w, https:\/\/www.hotelexcelsior.fr\/wp-content\/uploads\/2019\/10\/1-1-300x200.jpg 300w\" sizes=\"(max-width: 650px) 100vw, 650px\" \/>\t\t\t\t\t\t\n\t\t\t\t\t<\/div>\n\t\t\t\t\t\t\t\t\n<style scope=\"scope\">\n\n#image_211747460 {\n  width: 100%;\n}\n<\/style>\n\t<\/div>\n\t\n\n\t<div class=\"img has-hover x md-x lg-x y md-y lg-y\" id=\"image_179613179\">\n\t\t\t\t\t\t\t\t<div class=\"img-inner dark\" >\n\t\t\t<img loading=\"lazy\" decoding=\"async\" width=\"650\" height=\"433\" src=\"https:\/\/www.hotelexcelsior.fr\/wp-content\/uploads\/2019\/10\/3-1.jpg\" class=\"attachment-large size-large\" alt=\"Place des Vosges\" srcset=\"https:\/\/www.hotelexcelsior.fr\/wp-content\/uploads\/2019\/10\/3-1.jpg 650w, https:\/\/www.hotelexcelsior.fr\/wp-content\/uploads\/2019\/10\/3-1-300x200.jpg 300w\" sizes=\"(max-width: 650px) 100vw, 650px\" \/>\t\t\t\t\t\t\n\t\t\t\t\t<\/div>\n\t\t\t\t\t\t\t\t\n<style scope=\"scope\">\n\n#image_179613179 {\n  width: 100%;\n}\n<\/style>\n\t<\/div>\n\t\n\n\n     <\/div>\n\n     <div class=\"loading-spin dark large centered\"><\/div>\n\n     <style scope=\"scope\">\n             <\/style>\n<\/div><!-- .ux-slider-wrapper -->\n\n\n<h3>Os Transportes P\u00fablicos<\/h3>\n<p><strong>&#8211; Metr\u00f4:<\/strong> R\u00e9publique<br \/><strong>&#8211; RER :<\/strong> Gare du Nord<br \/><strong>&#8211; \u00d4nibus:<\/strong> linhas 20 \u2013 54 \u2013 56 \u2013 65 &#8211; 75<br \/><strong>&#8211; Gares :<\/strong> Nord &#8211; Est &#8211; Lyon<\/p>\n\n<\/div><\/div>\n<div class=\"col medium-7 small-12 large-7\"  ><div class=\"col-inner\"  >\n\n<h3>L\u2019h\u00f4tel est au c\u0153ur du quartier RIVE DROITE<\/h3>\n<p>A 10 min de Bastille, Op\u00e9ra, Centre Pompidou, Place des Vosges, Notre Dame, H\u00f4tel de Ville.<\/p>\n<ul>\n<li>\u00c0 10 min du Cimeti\u00e8re du P\u00e8re-Lachaise<\/li>\n<li>\u00c0 10 min de la bourse, du Sentier et du centre des Arts et M\u00e9tiers<\/li>\n<li>\u00c0 15 min de la Cit\u00e9 des sciences<\/li>\n<li>\u00c0 15 min du Sacr\u00e9-C\u0153ur<\/li>\n<li>\u00c0 10 min de la station la plus proche (5 m\u00e8tres de l\u2019h\u00f4tel)<\/li>\n<li>\u00c0 10 min de la navette pour l\u2019a\u00e9roport de Roissy Charles De Gaulle<\/li>\n<li>\u00c0 10 min de la station de RER la plus proche<\/li>\n<li>\u00c0 proximit\u00e9 de 5 lignes de bus. Station \u00ab Open Tour \u00bb devant l\u2019h\u00f4tel.<\/li>\n<li>\u00c0 10 min des gares SNCF Est \u2013 Nord \u2013 Gare de Lyon<\/li>\n<\/ul>\n\n<\/div><\/div>\n\n<\/div>\n\n\t\t<\/div><!-- .section-content -->\n\n\t\t\n<style scope=\"scope\">\n\n#section_2028626009 {\n  padding-top: 0px;\n  padding-bottom: 0px;\n}\n<\/style>\n\t<\/section>\n\t\n\t<section class=\"section\" id=\"section_1635758848\">\n\t\t<div class=\"bg section-bg fill bg-fill  \" >\n\n\t\t\t\n\t\t\t\n\t\t\t\n\n\t\t<\/div><!-- .section-bg -->\n\n\t\t<div class=\"section-content relative\">\n\t\t\t\n\n\n\t\t<\/div><!-- .section-content -->\n\n\t\t\n<style scope=\"scope\">\n\n#section_1635758848 {\n  padding-top: 0px;\n  padding-bottom: 0px;\n  min-height: 200px;\n}\n#section_1635758848 .section-bg.bg-loaded {\n  background-image: url(https:\/\/www.hotelexcelsior.fr\/wp-content\/uploads\/2019\/10\/bg-adp.jpg);\n}\n#section_1635758848 .section-bg {\n  background-position: center;\n}\n<\/style>\n\t<\/section>\n\t\n\t<section class=\"section\" id=\"section_121205956\">\n\t\t<div class=\"bg section-bg fill bg-fill  bg-loaded\" >\n\n\t\t\t\n\t\t\t\n\t\t\t\n\n\t\t<\/div><!-- .section-bg -->\n\n\t\t<div class=\"section-content relative\">\n\t\t\t\n\n<div class=\"row\"  id=\"row-900600533\">\n\n<div class=\"col medium-6 small-12 large-6\"  ><div class=\"col-inner\"  >\n\n<h3>De l\u2019a\u00e9roport Roissy Charles de Gaulle<\/h3>\n<p>Prendre le RER pour Gare du Nord. Ensuite M\u00e9tro ligne 5 direction Place d\u2019Italie descendre \u00e0 station R\u00e9publique.<\/p>\n\n<\/div><\/div>\n<div class=\"col medium-6 small-12 large-6\"  ><div class=\"col-inner\"  >\n\n<h3>De l\u2019a\u00e9roport d\u2019Orly<\/h3>\n<p>Prendre le RER (ligne OrlyVal) jusqu\u2019\u00e0 Ch\u00e2telet ensuite le m\u00e9tro ligne 11 direction Mairie des Lilas sortir \u00e0 R\u00e9publique.<\/p>\n\n<\/div><\/div>\n\n<\/div>\n\n\t\t<\/div><!-- .section-content -->\n\n\t\t\n<style scope=\"scope\">\n\n#section_121205956 {\n  padding-top: 30px;\n  padding-bottom: 30px;\n  margin-bottom: 0px;\n}\n<\/style>\n\t<\/section>\n\t\n<div class=\"is-divider divider clearfix\" style=\"margin-top:2em;margin-bottom:2em;max-width:100%;background-color:rgb(222, 206, 183);\"><\/div><!-- .divider -->\n\n\t<section class=\"section\" id=\"section_415488622\">\n\t\t<div class=\"bg section-bg fill bg-fill  bg-loaded\" >\n\n\t\t\t\n\t\t\t\n\t\t\t\n\n\t\t<\/div><!-- .section-bg -->\n\n\t\t<div class=\"section-content relative\">\n\t\t\t\n\n<div class=\"row\"  id=\"row-799183996\">\n\n<div class=\"col medium-6 small-12 large-6\"  ><div class=\"col-inner\"  >\n\n<h3>De Gare du Nord (3 stations) ou Gare de l\u2019Est (2 stations)<\/h3>\n<p>Prendre le M\u00e9tro direction Place d\u2019Italie ligne 5 et sortir station R\u00e9publique.<\/p>\n\n<\/div><\/div>\n<div class=\"col medium-6 small-12 large-5\"  ><div class=\"col-inner\"  >\n\n\t<div class=\"img has-hover x md-x lg-x y md-y lg-y\" id=\"image_2016875649\">\n\t\t\t\t\t\t\t\t<div class=\"img-inner dark\" >\n\t\t\t<img loading=\"lazy\" decoding=\"async\" width=\"650\" height=\"250\" src=\"https:\/\/www.hotelexcelsior.fr\/wp-content\/uploads\/2019\/10\/gare-est-paris.jpg\" class=\"attachment-large size-large\" alt=\"gare de l&#039;est\" srcset=\"https:\/\/www.hotelexcelsior.fr\/wp-content\/uploads\/2019\/10\/gare-est-paris.jpg 650w, https:\/\/www.hotelexcelsior.fr\/wp-content\/uploads\/2019\/10\/gare-est-paris-300x115.jpg 300w\" sizes=\"(max-width: 650px) 100vw, 650px\" \/>\t\t\t\t\t\t\n\t\t\t\t\t<\/div>\n\t\t\t\t\t\t\t\t\n<style scope=\"scope\">\n\n#image_2016875649 {\n  width: 100%;\n}\n<\/style>\n\t<\/div>\n\t\n\n\n<\/div><\/div>\n\n<\/div>\n\n\t\t<\/div><!-- .section-content -->\n\n\t\t\n<style scope=\"scope\">\n\n#section_415488622 {\n  padding-top: 30px;\n  padding-bottom: 30px;\n}\n<\/style>\n\t<\/section>\n\t\n\n","protected":false},"excerpt":{"rendered":"","protected":false},"author":1,"featured_media":0,"parent":0,"menu_order":0,"comment_status":"closed","ping_status":"closed","template":"page-blank.php","meta":{"footnotes":""},"yoast_head":"<!-- This site is optimized with the Yoast SEO plugin v22.0 - https:\/\/yoast.com\/wordpress\/plugins\/seo\/ -->\n<title>localiza\u00e7\u00e3o do hotel Excelsior Paris - Hotel Place de La R\u00e9publique<\/title>\n<meta name=\"description\" content=\"localiza\u00e7\u00e3o do hotel Repulbique Paris, Em pleno centro de Paris, a dois passos da pra\u00e7a da Rep\u00fablica fica no cora\u00e7\u00e3o da anima\u00e7\u00e3o dos grandes boulevards..\" \/>\n<meta name=\"robots\" content=\"index, follow, max-snippet:-1, max-image-preview:large, max-video-preview:-1\" \/>\n<link rel=\"canonical\" href=\"https:\/\/www.hotelexcelsior.fr\/pt-br\/localizacao-hotel-excelsior\/\" \/>\n<meta property=\"og:locale\" content=\"pt_BR\" \/>\n<meta property=\"og:type\" content=\"article\" \/>\n<meta property=\"og:title\" content=\"localiza\u00e7\u00e3o do hotel Excelsior Paris - Hotel Place de La R\u00e9publique\" \/>\n<meta property=\"og:description\" content=\"localiza\u00e7\u00e3o do hotel Repulbique Paris, Em pleno centro de Paris, a dois passos da pra\u00e7a da Rep\u00fablica fica no cora\u00e7\u00e3o da anima\u00e7\u00e3o dos grandes boulevards..\" \/>\n<meta property=\"og:url\" content=\"https:\/\/www.hotelexcelsior.fr\/pt-br\/localizacao-hotel-excelsior\/\" \/>\n<meta property=\"og:site_name\" content=\"H\u00f4tel Excelsior R\u00e9publique\" \/>\n<meta property=\"article:modified_time\" content=\"2019-11-14T17:43:21+00:00\" \/>\n<meta name=\"twitter:card\" content=\"summary_large_image\" \/>\n<meta name=\"twitter:label1\" content=\"Est. tempo de leitura\" \/>\n\t<meta name=\"twitter:data1\" content=\"2 minutos\" \/>\n<script type=\"application\/ld+json\" class=\"yoast-schema-graph\">{\"@context\":\"https:\/\/schema.org\",\"@graph\":[{\"@type\":\"WebPage\",\"@id\":\"https:\/\/www.hotelexcelsior.fr\/pt-br\/localizacao-hotel-excelsior\/\",\"url\":\"https:\/\/www.hotelexcelsior.fr\/pt-br\/localizacao-hotel-excelsior\/\",\"name\":\"localiza\u00e7\u00e3o do hotel Excelsior Paris - Hotel Place de La R\u00e9publique\",\"isPartOf\":{\"@id\":\"https:\/\/www.hotelexcelsior.fr\/#website\"},\"datePublished\":\"2019-10-15T08:26:38+00:00\",\"dateModified\":\"2019-11-14T17:43:21+00:00\",\"description\":\"localiza\u00e7\u00e3o do hotel Repulbique Paris, Em pleno centro de Paris, a dois passos da pra\u00e7a da Rep\u00fablica fica no cora\u00e7\u00e3o da anima\u00e7\u00e3o dos grandes boulevards..\",\"breadcrumb\":{\"@id\":\"https:\/\/www.hotelexcelsior.fr\/pt-br\/localizacao-hotel-excelsior\/#breadcrumb\"},\"inLanguage\":\"pt-BR\",\"potentialAction\":[{\"@type\":\"ReadAction\",\"target\":[\"https:\/\/www.hotelexcelsior.fr\/pt-br\/localizacao-hotel-excelsior\/\"]}]},{\"@type\":\"BreadcrumbList\",\"@id\":\"https:\/\/www.hotelexcelsior.fr\/pt-br\/localizacao-hotel-excelsior\/#breadcrumb\",\"itemListElement\":[{\"@type\":\"ListItem\",\"position\":1,\"name\":\"Accueil\",\"item\":\"https:\/\/www.hotelexcelsior.fr\/pt-br\/\"},{\"@type\":\"ListItem\",\"position\":2,\"name\":\"Situation\"}]},{\"@type\":\"WebSite\",\"@id\":\"https:\/\/www.hotelexcelsior.fr\/#website\",\"url\":\"https:\/\/www.hotelexcelsior.fr\/\",\"name\":\"H\u00f4tel Excelsior R\u00e9publique\",\"description\":\"H\u00f4tel proche de la place de la R\u00e9publique\",\"potentialAction\":[{\"@type\":\"SearchAction\",\"target\":{\"@type\":\"EntryPoint\",\"urlTemplate\":\"https:\/\/www.hotelexcelsior.fr\/?s={search_term_string}\"},\"query-input\":\"required name=search_term_string\"}],\"inLanguage\":\"pt-BR\"}]}<\/script>\n<!-- \/ Yoast SEO plugin. -->","yoast_head_json":{"title":"localiza\u00e7\u00e3o do hotel Excelsior Paris - Hotel Place de La R\u00e9publique","description":"localiza\u00e7\u00e3o do hotel Repulbique Paris, Em pleno centro de Paris, a dois passos da pra\u00e7a da Rep\u00fablica fica no cora\u00e7\u00e3o da anima\u00e7\u00e3o dos grandes boulevards..","robots":{"index":"index","follow":"follow","max-snippet":"max-snippet:-1","max-image-preview":"max-image-preview:large","max-video-preview":"max-video-preview:-1"},"canonical":"https:\/\/www.hotelexcelsior.fr\/pt-br\/localizacao-hotel-excelsior\/","og_locale":"pt_BR","og_type":"article","og_title":"localiza\u00e7\u00e3o do hotel Excelsior Paris - Hotel Place de La R\u00e9publique","og_description":"localiza\u00e7\u00e3o do hotel Repulbique Paris, Em pleno centro de Paris, a dois passos da pra\u00e7a da Rep\u00fablica fica no cora\u00e7\u00e3o da anima\u00e7\u00e3o dos grandes boulevards..","og_url":"https:\/\/www.hotelexcelsior.fr\/pt-br\/localizacao-hotel-excelsior\/","og_site_name":"H\u00f4tel Excelsior R\u00e9publique","article_modified_time":"2019-11-14T17:43:21+00:00","twitter_card":"summary_large_image","twitter_misc":{"Est. tempo de leitura":"2 minutos"},"schema":{"@context":"https:\/\/schema.org","@graph":[{"@type":"WebPage","@id":"https:\/\/www.hotelexcelsior.fr\/pt-br\/localizacao-hotel-excelsior\/","url":"https:\/\/www.hotelexcelsior.fr\/pt-br\/localizacao-hotel-excelsior\/","name":"localiza\u00e7\u00e3o do hotel Excelsior Paris - Hotel Place de La R\u00e9publique","isPartOf":{"@id":"https:\/\/www.hotelexcelsior.fr\/#website"},"datePublished":"2019-10-15T08:26:38+00:00","dateModified":"2019-11-14T17:43:21+00:00","description":"localiza\u00e7\u00e3o do hotel Repulbique Paris, Em pleno centro de Paris, a dois passos da pra\u00e7a da Rep\u00fablica fica no cora\u00e7\u00e3o da anima\u00e7\u00e3o dos grandes boulevards..","breadcrumb":{"@id":"https:\/\/www.hotelexcelsior.fr\/pt-br\/localizacao-hotel-excelsior\/#breadcrumb"},"inLanguage":"pt-BR","potentialAction":[{"@type":"ReadAction","target":["https:\/\/www.hotelexcelsior.fr\/pt-br\/localizacao-hotel-excelsior\/"]}]},{"@type":"BreadcrumbList","@id":"https:\/\/www.hotelexcelsior.fr\/pt-br\/localizacao-hotel-excelsior\/#breadcrumb","itemListElement":[{"@type":"ListItem","position":1,"name":"Accueil","item":"https:\/\/www.hotelexcelsior.fr\/pt-br\/"},{"@type":"ListItem","position":2,"name":"Situation"}]},{"@type":"WebSite","@id":"https:\/\/www.hotelexcelsior.fr\/#website","url":"https:\/\/www.hotelexcelsior.fr\/","name":"H\u00f4tel Excelsior R\u00e9publique","description":"H\u00f4tel proche de la place de la R\u00e9publique","potentialAction":[{"@type":"SearchAction","target":{"@type":"EntryPoint","urlTemplate":"https:\/\/www.hotelexcelsior.fr\/?s={search_term_string}"},"query-input":"required name=search_term_string"}],"inLanguage":"pt-BR"}]}},"_links":{"self":[{"href":"https:\/\/www.hotelexcelsior.fr\/pt-br\/wp-json\/wp\/v2\/pages\/252"}],"collection":[{"href":"https:\/\/www.hotelexcelsior.fr\/pt-br\/wp-json\/wp\/v2\/pages"}],"about":[{"href":"https:\/\/www.hotelexcelsior.fr\/pt-br\/wp-json\/wp\/v2\/types\/page"}],"author":[{"embeddable":true,"href":"https:\/\/www.hotelexcelsior.fr\/pt-br\/wp-json\/wp\/v2\/users\/1"}],"replies":[{"embeddable":true,"href":"https:\/\/www.hotelexcelsior.fr\/pt-br\/wp-json\/wp\/v2\/comments?post=252"}],"version-history":[{"count":2,"href":"https:\/\/www.hotelexcelsior.fr\/pt-br\/wp-json\/wp\/v2\/pages\/252\/revisions"}],"predecessor-version":[{"id":355,"href":"https:\/\/www.hotelexcelsior.fr\/pt-br\/wp-json\/wp\/v2\/pages\/252\/revisions\/355"}],"wp:attachment":[{"href":"https:\/\/www.hotelexcelsior.fr\/pt-br\/wp-json\/wp\/v2\/media?parent=252"}],"curies":[{"name":"wp","href":"https:\/\/api.w.org\/{rel}","templated":true}]}}