{"id":242,"date":"2019-10-15T10:59:40","date_gmt":"2019-10-15T08:59:40","guid":{"rendered":"https:\/\/www.hotelexcelsior.fr\/quartier-hotel-excelsior-paris\/"},"modified":"2019-11-14T18:34:47","modified_gmt":"2019-11-14T17:34:47","slug":"o-bairro-hotel-excelsior-paris","status":"publish","type":"page","link":"https:\/\/www.hotelexcelsior.fr\/pt-br\/o-bairro-hotel-excelsior-paris\/","title":{"rendered":"Quartier"},"content":{"rendered":"\n\t<section class=\"section\" id=\"section_1730364076\">\n\t\t<div class=\"bg section-bg fill bg-fill  bg-loaded\" >\n\n\t\t\t\n\t\t\t\n\t\t\t\n\n\t\t<\/div><!-- .section-bg -->\n\n\t\t<div class=\"section-content relative\">\n\t\t\t\n\n<p><iframe loading=\"lazy\" width=\"100%\" height=\"350\" frameborder=\"0\" scrolling=\"no\" marginheight=\"0\" marginwidth=\"0\" src=\"https:\/\/maps.google.fr\/maps?f=q&amp;source=s_q&amp;hl=fr&amp;geocode=&amp;q=4+Rue+de+Lancry,+75010+Paris&amp;aq=&amp;sll=48.86878,2.360129&amp;sspn=0.011913,0.027874&amp;ie=UTF8&amp;hq=&amp;hnear=4+Rue+de+Lancry,+75010+Paris,+%C3%8Ele-de-France&amp;t=m&amp;ll=48.87228,2.361546&amp;spn=0.019759,0.05579&amp;z=14&amp;iwloc=A&amp;output=embed\"><\/iframe><\/p>\n<div class=\"row\"  id=\"row-282261756\">\n\n<div class=\"col small-12 large-12\"  ><div class=\"col-inner\"  >\n\n<h1 style=\"text-align: center;\">O bairro do hotel Excelsior R\u00e9publique<\/h1>\n<p style=\"text-align: center;\">A proximidade do metr\u00f4 linha 3 direto para a esta\u00e7\u00e3o Op\u00e9ra ou Saint Lazare e suas grandes lojas como as Galerias Lafayette fazem deste hotel um lugar ideal para uma estadia tipicamente parisiense.<\/p>\n\n<\/div><\/div>\n\n<\/div>\n\n\t\t<\/div><!-- .section-content -->\n\n\t\t\n<style scope=\"scope\">\n\n#section_1730364076 {\n  padding-top: 0px;\n  padding-bottom: 0px;\n  margin-bottom: 0px;\n}\n<\/style>\n\t<\/section>\n\t\n\t<section class=\"section\" id=\"section_895628106\">\n\t\t<div class=\"bg section-bg fill bg-fill  bg-loaded\" >\n\n\t\t\t\n\t\t\t\n\t\t\t\n\n\t\t<\/div><!-- .section-bg -->\n\n\t\t<div class=\"section-content relative\">\n\t\t\t\n\n<div class=\"row\"  id=\"row-634783370\">\n\n<div class=\"col medium-5 small-12 large-5 medium-col-first\"  ><div class=\"col-inner\"  >\n\n<div class=\"slider-wrapper relative\" id=\"slider-1502675737\" style=\"margin-bottom:20px;\">\n    <div class=\"slider slider-nav-circle slider-nav-large slider-nav-light slider-style-normal\"\n        data-flickity-options='{\n            \"cellAlign\": \"center\",\n            \"imagesLoaded\": true,\n            \"lazyLoad\": 1,\n            \"freeScroll\": false,\n            \"wrapAround\": true,\n            \"autoPlay\": 6000,\n            \"pauseAutoPlayOnHover\" : true,\n            \"prevNextButtons\": true,\n            \"contain\" : true,\n            \"adaptiveHeight\" : true,\n            \"dragThreshold\" : 10,\n            \"percentPosition\": true,\n            \"pageDots\": true,\n            \"rightToLeft\": false,\n            \"draggable\": true,\n            \"selectedAttraction\": 0.1,\n            \"parallax\" : 0,\n            \"friction\": 0.6        }'\n        >\n        \n\n\t<div class=\"img has-hover x md-x lg-x y md-y lg-y\" id=\"image_53907875\">\n\t\t\t\t\t\t\t\t<div class=\"img-inner dark\" >\n\t\t\t<img loading=\"lazy\" decoding=\"async\" width=\"650\" height=\"433\" src=\"https:\/\/www.hotelexcelsior.fr\/wp-content\/uploads\/2019\/10\/1-1.jpg\" class=\"attachment-large size-large\" alt=\"Place de la R\u00e9publique\" srcset=\"https:\/\/www.hotelexcelsior.fr\/wp-content\/uploads\/2019\/10\/1-1.jpg 650w, https:\/\/www.hotelexcelsior.fr\/wp-content\/uploads\/2019\/10\/1-1-300x200.jpg 300w\" sizes=\"(max-width: 650px) 100vw, 650px\" \/>\t\t\t\t\t\t\n\t\t\t\t\t<\/div>\n\t\t\t\t\t\t\t\t\n<style scope=\"scope\">\n\n#image_53907875 {\n  width: 100%;\n}\n<\/style>\n\t<\/div>\n\t\n\n\t<div class=\"img has-hover x md-x lg-x y md-y lg-y\" id=\"image_1616020883\">\n\t\t\t\t\t\t\t\t<div class=\"img-inner dark\" >\n\t\t\t<img loading=\"lazy\" decoding=\"async\" width=\"650\" height=\"433\" src=\"https:\/\/www.hotelexcelsior.fr\/wp-content\/uploads\/2019\/10\/2-1.jpg\" class=\"attachment-large size-large\" alt=\"Place de la R\u00e9publique\" srcset=\"https:\/\/www.hotelexcelsior.fr\/wp-content\/uploads\/2019\/10\/2-1.jpg 650w, https:\/\/www.hotelexcelsior.fr\/wp-content\/uploads\/2019\/10\/2-1-300x200.jpg 300w\" sizes=\"(max-width: 650px) 100vw, 650px\" \/>\t\t\t\t\t\t\n\t\t\t\t\t<\/div>\n\t\t\t\t\t\t\t\t\n<style scope=\"scope\">\n\n#image_1616020883 {\n  width: 100%;\n}\n<\/style>\n\t<\/div>\n\t\n\n\n     <\/div>\n\n     <div class=\"loading-spin dark large centered\"><\/div>\n\n     <style scope=\"scope\">\n             <\/style>\n<\/div><!-- .ux-slider-wrapper -->\n\n\n<h3>Os Transportes P\u00fablicos<\/h3>\n<p><strong>&#8211; Metr\u00f4 :<\/strong> R\u00e9publique<br \/><strong>&#8211; RER :<\/strong> Gare du Nord<br \/><strong>&#8211; \u00d4nibus :<\/strong> linhas 20 \u2013 54 \u2013 56 \u2013 65 &#8211; 75<br \/><strong>&#8211; Gares :<\/strong> Nord &#8211; Est &#8211; Lyon<\/p>\n\n<\/div><\/div>\n<div class=\"col medium-7 small-12 large-7\"  ><div class=\"col-inner\"  >\n\n<h3>Place de La R\u00e9publique (Pra\u00e7a da Rep\u00fablica)<\/h3>\n<p>Verdadeiro cora\u00e7\u00e3o da cidade, a Place de la R\u00e9publique \u00e9 um bairro muito animado e popular de Paris. \u00c9 uma das maiores pra\u00e7as parisienses (280mx120m, 3,6 ha), uma cria\u00e7\u00e3o urbana do s\u00e9culo XIX.<\/p>\n<p>Ao centro, a est\u00e1tua em bronze da Rep\u00fablica, monumento \u00e0 gl\u00f3ria da Rep\u00fablica na capital, com 9.5m de altura, repousa num pedestal de 15.5m e foi inaugurada em 1883.<br \/>A Pra\u00e7a s\u00f3 ter\u00e1 seu nome definitivo em 1889.<\/p>\n<p>As tr\u00eas grandes est\u00e1tuas de pedra situadas sobre o pedestal representam: a Liberdade, segurando os ferros rompidos e brandindo uma chama; a Igualdade, ostentando a bandeira tricolor e um esquadro nivelado; e a Fraternidade, rodeada por atributos agr\u00edcolas e crian\u00e7as lendo.<br \/>\nUm le\u00e3o de bronze verde, de 3 metros de altura, deitado ao p\u00e9 do monumento em frente a uma urna simbolizando o sufr\u00e1gio universal.<\/p>\n\n<\/div><\/div>\n\n<\/div>\n\n\t\t<\/div><!-- .section-content -->\n\n\t\t\n<style scope=\"scope\">\n\n#section_895628106 {\n  padding-top: 0px;\n  padding-bottom: 0px;\n}\n<\/style>\n\t<\/section>\n\t\n\t<section class=\"section\" id=\"section_354411119\">\n\t\t<div class=\"bg section-bg fill bg-fill  \" >\n\n\t\t\t\n\t\t\t\n\t\t\t\n\n\t\t<\/div><!-- .section-bg -->\n\n\t\t<div class=\"section-content relative\">\n\t\t\t\n\n\n\t\t<\/div><!-- .section-content -->\n\n\t\t\n<style scope=\"scope\">\n\n#section_354411119 {\n  padding-top: 0px;\n  padding-bottom: 0px;\n  min-height: 200px;\n}\n#section_354411119 .section-bg.bg-loaded {\n  background-image: url(https:\/\/www.hotelexcelsior.fr\/wp-content\/uploads\/2019\/10\/musee-arts-metiers.jpg);\n}\n#section_354411119 .section-bg {\n  background-position: bottom;\n}\n<\/style>\n\t<\/section>\n\t\n\t<section class=\"section\" id=\"section_163952161\">\n\t\t<div class=\"bg section-bg fill bg-fill  bg-loaded\" >\n\n\t\t\t\n\t\t\t\n\t\t\t\n\n\t\t<\/div><!-- .section-bg -->\n\n\t\t<div class=\"section-content relative\">\n\t\t\t\n\n<div class=\"row\"  id=\"row-176777402\">\n\n<div class=\"col medium-6 small-12 large-6\"  ><div class=\"col-inner\"  >\n\n<h3>O museu e Conservat\u00f3rio des Arts et M\u00e9tiers (Artes e Of\u00edcios)<\/h3>\n<p>60 Rue R\u00e9aumur 75003 Paris, France<br \/>Tel : +33 1 53 01 82 00<\/p>\n<p><strong>Metr\u00f4:<\/strong><br \/>Linhas 3 e 11 \u2013 Esta\u00e7\u00e3o Arts-et-M\u00e9tiers<br \/>\nLinha 4 \u2013 Esta\u00e7\u00e3o R\u00e9aumur-S\u00e9bastopol<\/p>\n<p>O Conservat\u00f3rio des Arts et M\u00e9tiers, fundado em 1794, era inicialmente um estabelecimento destinado a formar t\u00e9cnicos e engenheiros.<br \/>\nEste conjunto arquitet\u00f4nico consider\u00e1vel foi atribu\u00eddo ao Conservat\u00f3rio em 1798.<\/p>\n\n<\/div><\/div>\n<div class=\"col medium-6 small-12 large-6\"  ><div class=\"col-inner\"  >\n\n<p>As primeiras cole\u00e7\u00f5es foram reunidas por iniciativa do mec\u00e2nico franc\u00eas Jacques de Vaucanson.<br \/>\nCom o fim de favorecer a difus\u00e3o dos saberes t\u00e9cnicos outrora reservados a uma elite e difundidos atrav\u00e9s das corpora\u00e7\u00f5es e of\u00edcios, a Revolu\u00e7\u00e3o procurou colocar \u00e0 disposi\u00e7\u00e3o de todos os cidad\u00e3os as cole\u00e7\u00f5es cient\u00edficas e t\u00e9cnicas. Depois do Mus\u00e9um National d\u2019Histoire Naturelle (Museu Nacional de Hist\u00f3ria Natural), formado a partir do antigo Jardim do Rei, o Conservat\u00f3rio de Artes e Of\u00edcios reunir\u00e1 as cole\u00e7\u00f5es dos gabinetes de f\u00edsica dos aristocratas ou da antiga Academia Real das Ci\u00eancias.<br \/>\nAs galerias do museu abrem suas portas em maio de 1802.<br \/>\nA exposi\u00e7\u00e3o permanente do Mus\u00e9e des arts et m\u00e9tiers est\u00e1 organizada em sete cole\u00e7\u00f5es tem\u00e1ticas.<\/p>\n\n<\/div><\/div>\n\n<\/div>\n\n\t\t<\/div><!-- .section-content -->\n\n\t\t\n<style scope=\"scope\">\n\n#section_163952161 {\n  padding-top: 30px;\n  padding-bottom: 30px;\n  margin-bottom: 0px;\n}\n<\/style>\n\t<\/section>\n\t\n\t<section class=\"section\" id=\"section_895570533\">\n\t\t<div class=\"bg section-bg fill bg-fill  \" >\n\n\t\t\t\n\t\t\t\n\t\t\t\n\n\t\t<\/div><!-- .section-bg -->\n\n\t\t<div class=\"section-content relative\">\n\t\t\t\n\n\n\t\t<\/div><!-- .section-content -->\n\n\t\t\n<style scope=\"scope\">\n\n#section_895570533 {\n  padding-top: 0px;\n  padding-bottom: 0px;\n  min-height: 200px;\n}\n#section_895570533 .section-bg.bg-loaded {\n  background-image: url(https:\/\/www.hotelexcelsior.fr\/wp-content\/uploads\/2019\/10\/cirque-hiver.jpg);\n}\n#section_895570533 .section-bg {\n  background-position: top;\n}\n<\/style>\n\t<\/section>\n\t\n\t<section class=\"section\" id=\"section_1353725\">\n\t\t<div class=\"bg section-bg fill bg-fill  bg-loaded\" >\n\n\t\t\t\n\t\t\t\n\t\t\t\n\n\t\t<\/div><!-- .section-bg -->\n\n\t\t<div class=\"section-content relative\">\n\t\t\t\n\n<div class=\"row\"  id=\"row-690043774\">\n\n<div class=\"col medium-6 small-12 large-6\"  ><div class=\"col-inner\"  >\n\n<h3>Para suas noites,<\/h3>\n<p>o hotel Excelsior est\u00e1 situado nos arredores de in\u00fameros teatros como:<\/p>\n<p>&#8211; Le Caveau de la R\u00e9publique: Le Caveau, \u00e9 riso e s\u00e1tira !<br \/>O teatro do humor, Descobridor de talentos <br \/>Reserva : 01 42 78 44 45<br \/>Caveau de la R\u00e9publique<br \/>1, bd Saint-Martin<br \/>75003 Paris<\/p>\n\n<\/div><\/div>\n<div class=\"col medium-6 small-12 large-6\"  ><div class=\"col-inner\"  >\n\n<h3>Os passeios em fam\u00edlia:<\/h3>\n<p>&#8211; O Cirque d\u2019Hiver (Circo de Inverno), a alguns passos do hotel.<\/p>\n<p>No cora\u00e7\u00e3o do mais antigo circo do mundo, encontre acrobatas, trapezistas, tigres, c\u00e3es e cavalos, bem como palha\u00e7os e a orquestra do Cirque d\u2019Hiver de la Famille Bouglione <br \/>Reserva: 01 47 00 28 81<\/p>\n\n<\/div><\/div>\n\n<\/div>\n\n\t\t<\/div><!-- .section-content -->\n\n\t\t\n<style scope=\"scope\">\n\n#section_1353725 {\n  padding-top: 30px;\n  padding-bottom: 30px;\n}\n<\/style>\n\t<\/section>\n\t\n\n","protected":false},"excerpt":{"rendered":"","protected":false},"author":1,"featured_media":0,"parent":0,"menu_order":0,"comment_status":"closed","ping_status":"closed","template":"page-blank.php","meta":{"footnotes":""},"yoast_head":"<!-- This site is optimized with the Yoast SEO plugin v22.0 - https:\/\/yoast.com\/wordpress\/plugins\/seo\/ -->\n<title>o bairro do hotel Excelsior R\u00e9publique Paris - Place de La R\u00e9publique<\/title>\n<meta name=\"description\" content=\"o bairro do hotel Excelsior R\u00e9publique, Em pleno centro de Paris, a dois passos da pra\u00e7a da Rep\u00fablica fica no cora\u00e7\u00e3o da anima\u00e7\u00e3o dos grandes boulevards.\" \/>\n<meta name=\"robots\" content=\"index, follow, max-snippet:-1, max-image-preview:large, max-video-preview:-1\" \/>\n<link rel=\"canonical\" href=\"https:\/\/www.hotelexcelsior.fr\/pt-br\/o-bairro-hotel-excelsior-paris\/\" \/>\n<meta property=\"og:locale\" content=\"pt_BR\" \/>\n<meta property=\"og:type\" content=\"article\" \/>\n<meta property=\"og:title\" content=\"o bairro do hotel Excelsior R\u00e9publique Paris - Place de La R\u00e9publique\" \/>\n<meta property=\"og:description\" content=\"o bairro do hotel Excelsior R\u00e9publique, Em pleno centro de Paris, a dois passos da pra\u00e7a da Rep\u00fablica fica no cora\u00e7\u00e3o da anima\u00e7\u00e3o dos grandes boulevards.\" \/>\n<meta property=\"og:url\" content=\"https:\/\/www.hotelexcelsior.fr\/pt-br\/o-bairro-hotel-excelsior-paris\/\" \/>\n<meta property=\"og:site_name\" content=\"H\u00f4tel Excelsior R\u00e9publique\" \/>\n<meta property=\"article:modified_time\" content=\"2019-11-14T17:34:47+00:00\" \/>\n<meta name=\"twitter:card\" content=\"summary_large_image\" \/>\n<meta name=\"twitter:label1\" content=\"Est. tempo de leitura\" \/>\n\t<meta name=\"twitter:data1\" content=\"3 minutos\" \/>\n<script type=\"application\/ld+json\" class=\"yoast-schema-graph\">{\"@context\":\"https:\/\/schema.org\",\"@graph\":[{\"@type\":\"WebPage\",\"@id\":\"https:\/\/www.hotelexcelsior.fr\/pt-br\/o-bairro-hotel-excelsior-paris\/\",\"url\":\"https:\/\/www.hotelexcelsior.fr\/pt-br\/o-bairro-hotel-excelsior-paris\/\",\"name\":\"o bairro do hotel Excelsior R\u00e9publique Paris - Place de La R\u00e9publique\",\"isPartOf\":{\"@id\":\"https:\/\/www.hotelexcelsior.fr\/#website\"},\"datePublished\":\"2019-10-15T08:59:40+00:00\",\"dateModified\":\"2019-11-14T17:34:47+00:00\",\"description\":\"o bairro do hotel Excelsior R\u00e9publique, Em pleno centro de Paris, a dois passos da pra\u00e7a da Rep\u00fablica fica no cora\u00e7\u00e3o da anima\u00e7\u00e3o dos grandes boulevards.\",\"breadcrumb\":{\"@id\":\"https:\/\/www.hotelexcelsior.fr\/pt-br\/o-bairro-hotel-excelsior-paris\/#breadcrumb\"},\"inLanguage\":\"pt-BR\",\"potentialAction\":[{\"@type\":\"ReadAction\",\"target\":[\"https:\/\/www.hotelexcelsior.fr\/pt-br\/o-bairro-hotel-excelsior-paris\/\"]}]},{\"@type\":\"BreadcrumbList\",\"@id\":\"https:\/\/www.hotelexcelsior.fr\/pt-br\/o-bairro-hotel-excelsior-paris\/#breadcrumb\",\"itemListElement\":[{\"@type\":\"ListItem\",\"position\":1,\"name\":\"Accueil\",\"item\":\"https:\/\/www.hotelexcelsior.fr\/pt-br\/\"},{\"@type\":\"ListItem\",\"position\":2,\"name\":\"Quartier\"}]},{\"@type\":\"WebSite\",\"@id\":\"https:\/\/www.hotelexcelsior.fr\/#website\",\"url\":\"https:\/\/www.hotelexcelsior.fr\/\",\"name\":\"H\u00f4tel Excelsior R\u00e9publique\",\"description\":\"H\u00f4tel proche de la place de la R\u00e9publique\",\"potentialAction\":[{\"@type\":\"SearchAction\",\"target\":{\"@type\":\"EntryPoint\",\"urlTemplate\":\"https:\/\/www.hotelexcelsior.fr\/?s={search_term_string}\"},\"query-input\":\"required name=search_term_string\"}],\"inLanguage\":\"pt-BR\"}]}<\/script>\n<!-- \/ Yoast SEO plugin. -->","yoast_head_json":{"title":"o bairro do hotel Excelsior R\u00e9publique Paris - Place de La R\u00e9publique","description":"o bairro do hotel Excelsior R\u00e9publique, Em pleno centro de Paris, a dois passos da pra\u00e7a da Rep\u00fablica fica no cora\u00e7\u00e3o da anima\u00e7\u00e3o dos grandes boulevards.","robots":{"index":"index","follow":"follow","max-snippet":"max-snippet:-1","max-image-preview":"max-image-preview:large","max-video-preview":"max-video-preview:-1"},"canonical":"https:\/\/www.hotelexcelsior.fr\/pt-br\/o-bairro-hotel-excelsior-paris\/","og_locale":"pt_BR","og_type":"article","og_title":"o bairro do hotel Excelsior R\u00e9publique Paris - Place de La R\u00e9publique","og_description":"o bairro do hotel Excelsior R\u00e9publique, Em pleno centro de Paris, a dois passos da pra\u00e7a da Rep\u00fablica fica no cora\u00e7\u00e3o da anima\u00e7\u00e3o dos grandes boulevards.","og_url":"https:\/\/www.hotelexcelsior.fr\/pt-br\/o-bairro-hotel-excelsior-paris\/","og_site_name":"H\u00f4tel Excelsior R\u00e9publique","article_modified_time":"2019-11-14T17:34:47+00:00","twitter_card":"summary_large_image","twitter_misc":{"Est. tempo de leitura":"3 minutos"},"schema":{"@context":"https:\/\/schema.org","@graph":[{"@type":"WebPage","@id":"https:\/\/www.hotelexcelsior.fr\/pt-br\/o-bairro-hotel-excelsior-paris\/","url":"https:\/\/www.hotelexcelsior.fr\/pt-br\/o-bairro-hotel-excelsior-paris\/","name":"o bairro do hotel Excelsior R\u00e9publique Paris - Place de La R\u00e9publique","isPartOf":{"@id":"https:\/\/www.hotelexcelsior.fr\/#website"},"datePublished":"2019-10-15T08:59:40+00:00","dateModified":"2019-11-14T17:34:47+00:00","description":"o bairro do hotel Excelsior R\u00e9publique, Em pleno centro de Paris, a dois passos da pra\u00e7a da Rep\u00fablica fica no cora\u00e7\u00e3o da anima\u00e7\u00e3o dos grandes boulevards.","breadcrumb":{"@id":"https:\/\/www.hotelexcelsior.fr\/pt-br\/o-bairro-hotel-excelsior-paris\/#breadcrumb"},"inLanguage":"pt-BR","potentialAction":[{"@type":"ReadAction","target":["https:\/\/www.hotelexcelsior.fr\/pt-br\/o-bairro-hotel-excelsior-paris\/"]}]},{"@type":"BreadcrumbList","@id":"https:\/\/www.hotelexcelsior.fr\/pt-br\/o-bairro-hotel-excelsior-paris\/#breadcrumb","itemListElement":[{"@type":"ListItem","position":1,"name":"Accueil","item":"https:\/\/www.hotelexcelsior.fr\/pt-br\/"},{"@type":"ListItem","position":2,"name":"Quartier"}]},{"@type":"WebSite","@id":"https:\/\/www.hotelexcelsior.fr\/#website","url":"https:\/\/www.hotelexcelsior.fr\/","name":"H\u00f4tel Excelsior R\u00e9publique","description":"H\u00f4tel proche de la place de la R\u00e9publique","potentialAction":[{"@type":"SearchAction","target":{"@type":"EntryPoint","urlTemplate":"https:\/\/www.hotelexcelsior.fr\/?s={search_term_string}"},"query-input":"required name=search_term_string"}],"inLanguage":"pt-BR"}]}},"_links":{"self":[{"href":"https:\/\/www.hotelexcelsior.fr\/pt-br\/wp-json\/wp\/v2\/pages\/242"}],"collection":[{"href":"https:\/\/www.hotelexcelsior.fr\/pt-br\/wp-json\/wp\/v2\/pages"}],"about":[{"href":"https:\/\/www.hotelexcelsior.fr\/pt-br\/wp-json\/wp\/v2\/types\/page"}],"author":[{"embeddable":true,"href":"https:\/\/www.hotelexcelsior.fr\/pt-br\/wp-json\/wp\/v2\/users\/1"}],"replies":[{"embeddable":true,"href":"https:\/\/www.hotelexcelsior.fr\/pt-br\/wp-json\/wp\/v2\/comments?post=242"}],"version-history":[{"count":3,"href":"https:\/\/www.hotelexcelsior.fr\/pt-br\/wp-json\/wp\/v2\/pages\/242\/revisions"}],"predecessor-version":[{"id":351,"href":"https:\/\/www.hotelexcelsior.fr\/pt-br\/wp-json\/wp\/v2\/pages\/242\/revisions\/351"}],"wp:attachment":[{"href":"https:\/\/www.hotelexcelsior.fr\/pt-br\/wp-json\/wp\/v2\/media?parent=242"}],"curies":[{"name":"wp","href":"https:\/\/api.w.org\/{rel}","templated":true}]}}