{"id":246,"date":"2019-10-15T08:48:51","date_gmt":"2019-10-15T06:48:51","guid":{"rendered":"https:\/\/www.hotelexcelsior.fr\/services-hotel-excelsior-republique\/"},"modified":"2019-11-15T11:36:34","modified_gmt":"2019-11-15T10:36:34","slug":"services-hotel-excelsior-republique","status":"publish","type":"page","link":"https:\/\/www.hotelexcelsior.fr\/ko\/services-hotel-excelsior-republique\/","title":{"rendered":"Services"},"content":{"rendered":"\n\t<section class=\"section\" id=\"section_1174707611\">\n\t\t<div class=\"bg section-bg fill bg-fill  bg-loaded\" >\n\n\t\t\t\n\t\t\t<button class=\"scroll-for-more z-5 icon absolute bottom h-center\"><i class=\"icon-angle-down\" style=\"font-size:42px;\"><\/i><\/button>\n\t\t\t\n\n\t\t<\/div><!-- .section-bg -->\n\n\t\t<div class=\"section-content relative\">\n\t\t\t\n\n<div class=\"slider-wrapper relative\" id=\"slider-1404304646\" >\n    <div class=\"slider slider-nav-circle slider-nav-large slider-nav-light slider-style-normal\"\n        data-flickity-options='{\n            \"cellAlign\": \"center\",\n            \"imagesLoaded\": true,\n            \"lazyLoad\": 1,\n            \"freeScroll\": false,\n            \"wrapAround\": true,\n            \"autoPlay\": 6000,\n            \"pauseAutoPlayOnHover\" : true,\n            \"prevNextButtons\": true,\n            \"contain\" : true,\n            \"adaptiveHeight\" : true,\n            \"dragThreshold\" : 10,\n            \"percentPosition\": true,\n            \"pageDots\": false,\n            \"rightToLeft\": false,\n            \"draggable\": true,\n            \"selectedAttraction\": 0.1,\n            \"parallax\" : 0,\n            \"friction\": 0.6        }'\n        >\n        \n\n\n  <div class=\"banner has-hover is-full-height\" id=\"banner-1801469266\">\n          <div class=\"banner-inner fill\">\n        <div class=\"banner-bg fill\" >\n            <div class=\"bg fill bg-fill \"><\/div>\n                                    \n                    <\/div><!-- bg-layers -->\n        <div class=\"banner-layers container\">\n            <div class=\"fill banner-link\"><\/div>            \n\n   <div id=\"text-box-1664775223\" class=\"text-box banner-layer x50 md-x50 lg-x50 y50 md-y50 lg-y50 res-text\">\n                                <div class=\"text dark\">\n              \n              <div class=\"text-inner text-center\">\n                  \n\n\n              <\/div>\n           <\/div><!-- text-box-inner -->\n                            \n<style scope=\"scope\">\n\n#text-box-1664775223 {\n  width: 60%;\n}\n#text-box-1664775223 .text {\n  font-size: 100%;\n}\n<\/style>\n    <\/div><!-- text-box -->\n \n\n        <\/div><!-- .banner-layers -->\n      <\/div><!-- .banner-inner -->\n\n            \n<style scope=\"scope\">\n\n#banner-1801469266 {\n  padding-top: 100%;\n}\n#banner-1801469266 .bg.bg-loaded {\n  background-image: url(https:\/\/www.hotelexcelsior.fr\/wp-content\/uploads\/2019\/10\/hotel-excelsior-salon-reception-07-md.jpg);\n}\n<\/style>\n  <\/div><!-- .banner -->\n\n\n\n  <div class=\"banner has-hover is-full-height\" id=\"banner-187094560\">\n          <div class=\"banner-inner fill\">\n        <div class=\"banner-bg fill\" >\n            <div class=\"bg fill bg-fill \"><\/div>\n                                    \n                    <\/div><!-- bg-layers -->\n        <div class=\"banner-layers container\">\n            <div class=\"fill banner-link\"><\/div>            \n\n   <div id=\"text-box-1934616358\" class=\"text-box banner-layer x50 md-x50 lg-x50 y50 md-y50 lg-y50 res-text\">\n                                <div class=\"text dark\">\n              \n              <div class=\"text-inner text-center\">\n                  \n\n\n              <\/div>\n           <\/div><!-- text-box-inner -->\n                            \n<style scope=\"scope\">\n\n#text-box-1934616358 {\n  width: 60%;\n}\n#text-box-1934616358 .text {\n  font-size: 100%;\n}\n<\/style>\n    <\/div><!-- text-box -->\n \n\n        <\/div><!-- .banner-layers -->\n      <\/div><!-- .banner-inner -->\n\n            \n<style scope=\"scope\">\n\n#banner-187094560 {\n  padding-top: 100%;\n}\n#banner-187094560 .bg.bg-loaded {\n  background-image: url(https:\/\/www.hotelexcelsior.fr\/wp-content\/uploads\/2019\/10\/hotel-excelsior-salle-dejeuner-11-md.jpg);\n}\n<\/style>\n  <\/div><!-- .banner -->\n\n\n\n  <div class=\"banner has-hover is-full-height\" id=\"banner-2127830939\">\n          <div class=\"banner-inner fill\">\n        <div class=\"banner-bg fill\" >\n            <div class=\"bg fill bg-fill \"><\/div>\n                                    \n                    <\/div><!-- bg-layers -->\n        <div class=\"banner-layers container\">\n            <div class=\"fill banner-link\"><\/div>            \n\n   <div id=\"text-box-424336091\" class=\"text-box banner-layer x50 md-x50 lg-x50 y50 md-y50 lg-y50 res-text\">\n                                <div class=\"text dark\">\n              \n              <div class=\"text-inner text-center\">\n                  \n\n\n              <\/div>\n           <\/div><!-- text-box-inner -->\n                            \n<style scope=\"scope\">\n\n#text-box-424336091 {\n  width: 60%;\n}\n#text-box-424336091 .text {\n  font-size: 100%;\n}\n<\/style>\n    <\/div><!-- text-box -->\n \n\n        <\/div><!-- .banner-layers -->\n      <\/div><!-- .banner-inner -->\n\n            \n<style scope=\"scope\">\n\n#banner-2127830939 {\n  padding-top: 100%;\n}\n#banner-2127830939 .bg.bg-loaded {\n  background-image: url(https:\/\/www.hotelexcelsior.fr\/wp-content\/uploads\/2019\/10\/7.jpg);\n}\n<\/style>\n  <\/div><!-- .banner -->\n\n\n\n  <div class=\"banner has-hover is-full-height\" id=\"banner-2126841260\">\n          <div class=\"banner-inner fill\">\n        <div class=\"banner-bg fill\" >\n            <div class=\"bg fill bg-fill \"><\/div>\n                                    \n                    <\/div><!-- bg-layers -->\n        <div class=\"banner-layers container\">\n            <div class=\"fill banner-link\"><\/div>            \n\n   <div id=\"text-box-890584704\" class=\"text-box banner-layer x50 md-x50 lg-x50 y50 md-y50 lg-y50 res-text\">\n                                <div class=\"text dark\">\n              \n              <div class=\"text-inner text-center\">\n                  \n\n\n              <\/div>\n           <\/div><!-- text-box-inner -->\n                            \n<style scope=\"scope\">\n\n#text-box-890584704 {\n  width: 60%;\n}\n#text-box-890584704 .text {\n  font-size: 100%;\n}\n<\/style>\n    <\/div><!-- text-box -->\n \n\n        <\/div><!-- .banner-layers -->\n      <\/div><!-- .banner-inner -->\n\n            \n<style scope=\"scope\">\n\n#banner-2126841260 {\n  padding-top: 100%;\n}\n#banner-2126841260 .bg.bg-loaded {\n  background-image: url(https:\/\/www.hotelexcelsior.fr\/wp-content\/uploads\/2019\/10\/hotel-excelsior-chambre-01-08-md.jpg);\n}\n<\/style>\n  <\/div><!-- .banner -->\n\n\n\n     <\/div>\n\n     <div class=\"loading-spin dark large centered\"><\/div>\n\n     <style scope=\"scope\">\n             <\/style>\n<\/div><!-- .ux-slider-wrapper -->\n\n\n<div class=\"container-widget-resa\"><iframe id=\"ReservitBestPriceWidget\" style=\"background-color: transparent;\" height=\"400\" width=\"260\" scrolling=\"no\" frameborder=\"0\"><\/iframe><script type=\"text\/javascript\" src=\"https:\/\/www.hotelexcelsior.fr\/widget-config_en.js\"><\/script><\/div>\n\n\n\t\t<\/div><!-- .section-content -->\n\n\t\t\n<style scope=\"scope\">\n\n#section_1174707611 {\n  padding-top: 0px;\n  padding-bottom: 0px;\n}\n<\/style>\n\t<\/section>\n\t\n\t<section class=\"section\" id=\"section_774079090\">\n\t\t<div class=\"bg section-bg fill bg-fill  bg-loaded\" >\n\n\t\t\t\n\t\t\t\n\t\t\t\n\n\t\t<\/div><!-- .section-bg -->\n\n\t\t<div class=\"section-content relative\">\n\t\t\t\n\n<div class=\"row\"  id=\"row-1296072809\">\n\n<div class=\"col small-12 large-12\"  ><div class=\"col-inner\"  >\n\n<h1 style=\"text-align: center;\">\ud638\ud154 \uc5d1\uc140\uc2dc\uc624\ub974 \ub808\ud4cc\ube14\ub9ac\ud06c\uc758 \uace0\uac1d \uc11c\ube44\uc2a4<\/h1>\n\n<\/div><\/div>\n\n<\/div>\n<div class=\"row\"  id=\"row-1426958539\">\n\n<div class=\"col medium-6 small-12 large-6\"  ><div class=\"col-inner\"  >\n\n<h3>\ub9ac\uc149\uc158<\/h3>\n<p>\uc720\ub2a5\ud55c \ub9ac\uc149\uc158 \uc9c1\uc6d0\uc774 24\uc2dc\uac04 \uc0c1\uc8fc\ud558\uba74\uc11c \uace0\uac1d\uc774 \uae30\ubd84 \uc88b\uac8c \uba38\ubb3c\ub2e4 \uac00\uc2e4 \uc218 \uc788\ub3c4\ub85d \uc548\ub0b4\uc640 \uc870\uc5b8\uc744 \uc81c\uacf5\ud574\ub4dc\ub9bd\ub2c8\ub2e4. \ud22c\uc219\uac1d\uc758 \ud3b8\uc758\ub97c \uc704\ud574 \uc5d8\ub9ac\ubca0\uc774\ud130\uac00 \uc124\uce58\ub418\uc5b4 \uc788\uace0 \ubb34\ub8cc \uc640\uc774\ud30c\uc774, \ubcf5\uc0ac, \ud329\uc2a4 \uc11c\ube44\uc2a4\ub97c \uc81c\uacf5\ud569\ub2c8\ub2e4. \uc8fc\ucc28\ub294 \ud638\ud154 \uadfc\ucc98 \uacf5\uc601 \uc8fc\ucc28\uc7a5\uc744 \uc774\uc6a9\ud558\uc2e4 \uc218 \uc788\uc2b5\ub2c8\ub2e4.<\/p>\n<a rel=\"noopener noreferrer\" href=\"https:\/\/secure.reservit.com\/reservit\/reserhotel.php?lang=EN&#038;id=2&#038;hotelid=6115\" target=\"_blank\" class=\"button primary is-underline is-small expand\"  >\n    <span>\uc608\uc57d\ud558\uae30<\/span>\n  <\/a>\n\n\n\n<\/div><\/div>\n<div class=\"col medium-6 small-12 large-6\"  ><div class=\"col-inner\"  >\n\n\t<div class=\"img has-hover x md-x lg-x y md-y lg-y\" id=\"image_63298694\">\n\t\t\t\t\t\t\t\t<div class=\"img-inner dark\" >\n\t\t\t<img loading=\"lazy\" decoding=\"async\" width=\"650\" height=\"433\" src=\"https:\/\/www.hotelexcelsior.fr\/wp-content\/uploads\/2019\/10\/4-1.jpg\" class=\"attachment-original size-original\" alt=\"Reception hotel excelsior republique\" srcset=\"https:\/\/www.hotelexcelsior.fr\/wp-content\/uploads\/2019\/10\/4-1.jpg 650w, https:\/\/www.hotelexcelsior.fr\/wp-content\/uploads\/2019\/10\/4-1-300x200.jpg 300w\" sizes=\"(max-width: 650px) 100vw, 650px\" \/>\t\t\t\t\t\t\n\t\t\t\t\t<\/div>\n\t\t\t\t\t\t\t\t\n<style scope=\"scope\">\n\n#image_63298694 {\n  width: 100%;\n}\n<\/style>\n\t<\/div>\n\t\n\n\n<\/div><\/div>\n\n<\/div>\n\n\t\t<\/div><!-- .section-content -->\n\n\t\t\n<style scope=\"scope\">\n\n#section_774079090 {\n  padding-top: 30px;\n  padding-bottom: 30px;\n  margin-bottom: 0px;\n}\n<\/style>\n\t<\/section>\n\t\n\t<section class=\"section\" id=\"section_751693621\">\n\t\t<div class=\"bg section-bg fill bg-fill  bg-loaded\" >\n\n\t\t\t\n\t\t\t\n\t\t\t\n\n\t\t<\/div><!-- .section-bg -->\n\n\t\t<div class=\"section-content relative\">\n\t\t\t\n\n<div class=\"row\"  id=\"row-171179705\">\n\n<div class=\"col medium-6 small-12 large-6\"  ><div class=\"col-inner\"  >\n\n\t<div class=\"img has-hover x md-x lg-x y md-y lg-y\" id=\"image_1911791211\">\n\t\t\t\t\t\t\t\t<div class=\"img-inner dark\" >\n\t\t\t<img loading=\"lazy\" decoding=\"async\" width=\"650\" height=\"433\" src=\"https:\/\/www.hotelexcelsior.fr\/wp-content\/uploads\/2019\/10\/2-2.jpg\" class=\"attachment-large size-large\" alt=\"Salon H\u00f4tel Excelsior R\u00e9publique\" srcset=\"https:\/\/www.hotelexcelsior.fr\/wp-content\/uploads\/2019\/10\/2-2.jpg 650w, https:\/\/www.hotelexcelsior.fr\/wp-content\/uploads\/2019\/10\/2-2-300x200.jpg 300w\" sizes=\"(max-width: 650px) 100vw, 650px\" \/>\t\t\t\t\t\t\n\t\t\t\t\t<\/div>\n\t\t\t\t\t\t\t\t\n<style scope=\"scope\">\n\n#image_1911791211 {\n  width: 100%;\n}\n<\/style>\n\t<\/div>\n\t\n\n\n<\/div><\/div>\n<div class=\"col medium-6 small-12 large-6 small-col-first\"  ><div class=\"col-inner\"  >\n\n<h3>\ub77c\uc6b4\uc9c0<\/h3>\n<p>\ud638\ud154 \uc548\uc5d0 \ub9c8\ub828\ub418\uc5b4 \uc788\ub294 \ub77c\uc6b4\uc9c0 \uacf5\uac04\uc5d0\uc11c \uc2e0\ubb38\uc744 \ubcf4\uac70\ub098 \ub9db \uc88b\uc740 \uc5d0\uc2a4\ud504\ub808\uc18c \ucee4\ud53c\uc640 \ud568\uaed8 \ud734\uc2dd\uc744 \uc990\uae30\uc2e4 \uc218 \uc788\uc2b5\ub2c8\ub2e4.<\/p>\n<a rel=\"noopener noreferrer\" href=\"https:\/\/secure.reservit.com\/reservit\/reserhotel.php?lang=EN&#038;id=2&#038;hotelid=6115\" target=\"_blank\" class=\"button primary is-underline is-small expand\"  >\n    <span>\uc608\uc57d\ud558\uae30<\/span>\n  <\/a>\n\n\n\n<\/div><\/div>\n\n<\/div>\n\n\t\t<\/div><!-- .section-content -->\n\n\t\t\n<style scope=\"scope\">\n\n#section_751693621 {\n  padding-top: 30px;\n  padding-bottom: 30px;\n  background-color: rgb(222, 206, 183);\n}\n<\/style>\n\t<\/section>\n\t\n\t<section class=\"section\" id=\"section_380172714\">\n\t\t<div class=\"bg section-bg fill bg-fill  bg-loaded\" >\n\n\t\t\t\n\t\t\t\n\t\t\t\n\n\t\t<\/div><!-- .section-bg -->\n\n\t\t<div class=\"section-content relative\">\n\t\t\t\n\n<div class=\"row\"  id=\"row-2055729605\">\n\n<div class=\"col medium-6 small-12 large-6\"  ><div class=\"col-inner\"  >\n\n<h3>\uc870\uc2dd<\/h3>\n<p>\uc624\uc804 7\uc2dc\ubd80\ud130 10\uc2dc\uae4c\uc9c0 \ucf8c\uc801\ud55c \uc2dd\ub2f9\uc5d0\uc11c \uc870\uc2dd\uc774 \uc11c\ube59\ub429\ub2c8\ub2e4. \uac1d\uc2e4\uc5d0\uc11c \uc870\uc2dd\uc744 \ub4dc\uc2e4 \uc218\ub3c4 \uc788\uc2b5\ub2c8\ub2e4(\uac1d\uc2e4 \uc694\uae08\uc5d0 \uc870\uc2dd\uc740 \ubbf8\ud3ec\ud568).<\/p>\n<p>\uc870\uc2dd \uba54\ub274: \ud398\uc774\uc2a4\ud2b8\ub9ac, \ube75, \ubc84\ud130, \uc7bc, \uc694\uad6c\ub974\ud2b8(+\/-), \uacfc\uc77c\uacfc \ucee4\ud53c, \ucd08\ucf5c\ub9bf, \ucc28, \uacfc\uc77c \uc8fc\uc2a4 \ub4f1\uc758 \uc74c\ub8cc.<\/p>\n<a rel=\"noopener noreferrer\" href=\"https:\/\/secure.reservit.com\/reservit\/reserhotel.php?lang=EN&#038;id=2&#038;hotelid=6115\" target=\"_blank\" class=\"button primary is-underline is-small expand\"  >\n    <span>\uc608\uc57d\ud558\uae30<\/span>\n  <\/a>\n\n\n\n<\/div><\/div>\n<div class=\"col medium-6 small-12 large-6\"  ><div class=\"col-inner\"  >\n\n\t<div class=\"img has-hover x md-x lg-x y md-y lg-y\" id=\"image_1311646715\">\n\t\t\t\t\t\t\t\t<div class=\"img-inner dark\" >\n\t\t\t<img loading=\"lazy\" decoding=\"async\" width=\"1020\" height=\"680\" src=\"https:\/\/www.hotelexcelsior.fr\/wp-content\/uploads\/2019\/10\/hotel-excelsior-salle-dejeuner-14-md-1024x683.jpg\" class=\"attachment-large size-large\" alt=\"HOTEL EXCELSIOR PARIS\" srcset=\"https:\/\/www.hotelexcelsior.fr\/wp-content\/uploads\/2019\/10\/hotel-excelsior-salle-dejeuner-14-md-1024x683.jpg 1024w, https:\/\/www.hotelexcelsior.fr\/wp-content\/uploads\/2019\/10\/hotel-excelsior-salle-dejeuner-14-md-300x200.jpg 300w, https:\/\/www.hotelexcelsior.fr\/wp-content\/uploads\/2019\/10\/hotel-excelsior-salle-dejeuner-14-md-768x512.jpg 768w, https:\/\/www.hotelexcelsior.fr\/wp-content\/uploads\/2019\/10\/hotel-excelsior-salle-dejeuner-14-md.jpg 1600w\" sizes=\"(max-width: 1020px) 100vw, 1020px\" \/>\t\t\t\t\t\t\n\t\t\t\t\t<\/div>\n\t\t\t\t\t\t\t\t\n<style scope=\"scope\">\n\n#image_1311646715 {\n  width: 100%;\n}\n<\/style>\n\t<\/div>\n\t\n\n\n<\/div><\/div>\n\n<\/div>\n\n\t\t<\/div><!-- .section-content -->\n\n\t\t\n<style scope=\"scope\">\n\n#section_380172714 {\n  padding-top: 30px;\n  padding-bottom: 30px;\n}\n<\/style>\n\t<\/section>\n\t\n\n","protected":false},"excerpt":{"rendered":"","protected":false},"author":1,"featured_media":0,"parent":0,"menu_order":0,"comment_status":"closed","ping_status":"closed","template":"page-transparent-header.php","meta":{"footnotes":""},"yoast_head":"<!-- This site is optimized with the Yoast SEO plugin v22.0 - https:\/\/yoast.com\/wordpress\/plugins\/seo\/ -->\n<title>\ud638\ud154 \uc5d1\uc140\uc2dc\uc624\ub974 \ub808\ud4cc\ube14\ub9ac\ud06c\uc758 \uace0\uac1d \uc11c\ube44\uc2a4<\/title>\n<meta name=\"description\" content=\"\ud638\ud154 \uc5d1\uc140\uc2dc\uc624\ub974 \ub808\ud4cc\ube14\ub9ac\ud06c**\uc5d0 \uc624\uc2e0 \uac83\uc744 \ud658\uc601\ud569\ub2c8\ub2e4, \ud30c\ub9ac \uc2dc\ub0b4 \ud55c\uac00\uc6b4\ub370 \ub808\ud4cc\ube14\ub9ac\ud06c \uad11\uc7a5\uc744 \uc9c0\ucc99\uc5d0 \ub454 \uc800\ud76c \ud638\ud154\uc740 \ub9c8\ub808 \uc9c0\uad6c\uc758 \ubd81\uc801\uc774\ub294 \uadf8\ub791 \ubd88\ub974\ubc14\ub974\uc640 \uc1fc\ud551\uac00, \uadf9\uc7a5, \ubc15\ubb3c\uad00, \ubbf8\uc220\uad00\uc5d0 \ub458\ub7ec\uc2f8\uc5ec \uc788\uc2b5\ub2c8\ub2e4.\" \/>\n<meta name=\"robots\" content=\"index, follow, max-snippet:-1, max-image-preview:large, max-video-preview:-1\" \/>\n<link rel=\"canonical\" href=\"https:\/\/www.hotelexcelsior.fr\/ko\/services-hotel-excelsior-republique\/\" \/>\n<meta property=\"og:locale\" content=\"ko_KR\" \/>\n<meta property=\"og:type\" content=\"article\" \/>\n<meta property=\"og:title\" content=\"\ud638\ud154 \uc5d1\uc140\uc2dc\uc624\ub974 \ub808\ud4cc\ube14\ub9ac\ud06c\uc758 \uace0\uac1d \uc11c\ube44\uc2a4\" \/>\n<meta property=\"og:description\" content=\"\ud638\ud154 \uc5d1\uc140\uc2dc\uc624\ub974 \ub808\ud4cc\ube14\ub9ac\ud06c**\uc5d0 \uc624\uc2e0 \uac83\uc744 \ud658\uc601\ud569\ub2c8\ub2e4, \ud30c\ub9ac \uc2dc\ub0b4 \ud55c\uac00\uc6b4\ub370 \ub808\ud4cc\ube14\ub9ac\ud06c \uad11\uc7a5\uc744 \uc9c0\ucc99\uc5d0 \ub454 \uc800\ud76c \ud638\ud154\uc740 \ub9c8\ub808 \uc9c0\uad6c\uc758 \ubd81\uc801\uc774\ub294 \uadf8\ub791 \ubd88\ub974\ubc14\ub974\uc640 \uc1fc\ud551\uac00, \uadf9\uc7a5, \ubc15\ubb3c\uad00, \ubbf8\uc220\uad00\uc5d0 \ub458\ub7ec\uc2f8\uc5ec \uc788\uc2b5\ub2c8\ub2e4.\" \/>\n<meta property=\"og:url\" content=\"https:\/\/www.hotelexcelsior.fr\/ko\/services-hotel-excelsior-republique\/\" \/>\n<meta property=\"og:site_name\" content=\"H\u00f4tel Excelsior R\u00e9publique\" \/>\n<meta property=\"article:modified_time\" content=\"2019-11-15T10:36:34+00:00\" \/>\n<meta name=\"twitter:card\" content=\"summary_large_image\" \/>\n<meta name=\"twitter:label1\" content=\"Est. reading time\" \/>\n\t<meta name=\"twitter:data1\" content=\"1\ubd84\" \/>\n<script type=\"application\/ld+json\" class=\"yoast-schema-graph\">{\"@context\":\"https:\/\/schema.org\",\"@graph\":[{\"@type\":\"WebPage\",\"@id\":\"https:\/\/www.hotelexcelsior.fr\/ko\/services-hotel-excelsior-republique\/\",\"url\":\"https:\/\/www.hotelexcelsior.fr\/ko\/services-hotel-excelsior-republique\/\",\"name\":\"\ud638\ud154 \uc5d1\uc140\uc2dc\uc624\ub974 \ub808\ud4cc\ube14\ub9ac\ud06c\uc758 \uace0\uac1d \uc11c\ube44\uc2a4\",\"isPartOf\":{\"@id\":\"https:\/\/www.hotelexcelsior.fr\/#website\"},\"datePublished\":\"2019-10-15T06:48:51+00:00\",\"dateModified\":\"2019-11-15T10:36:34+00:00\",\"description\":\"\ud638\ud154 \uc5d1\uc140\uc2dc\uc624\ub974 \ub808\ud4cc\ube14\ub9ac\ud06c**\uc5d0 \uc624\uc2e0 \uac83\uc744 \ud658\uc601\ud569\ub2c8\ub2e4, \ud30c\ub9ac \uc2dc\ub0b4 \ud55c\uac00\uc6b4\ub370 \ub808\ud4cc\ube14\ub9ac\ud06c \uad11\uc7a5\uc744 \uc9c0\ucc99\uc5d0 \ub454 \uc800\ud76c \ud638\ud154\uc740 \ub9c8\ub808 \uc9c0\uad6c\uc758 \ubd81\uc801\uc774\ub294 \uadf8\ub791 \ubd88\ub974\ubc14\ub974\uc640 \uc1fc\ud551\uac00, \uadf9\uc7a5, \ubc15\ubb3c\uad00, \ubbf8\uc220\uad00\uc5d0 \ub458\ub7ec\uc2f8\uc5ec \uc788\uc2b5\ub2c8\ub2e4.\",\"breadcrumb\":{\"@id\":\"https:\/\/www.hotelexcelsior.fr\/ko\/services-hotel-excelsior-republique\/#breadcrumb\"},\"inLanguage\":\"ko-KR\",\"potentialAction\":[{\"@type\":\"ReadAction\",\"target\":[\"https:\/\/www.hotelexcelsior.fr\/ko\/services-hotel-excelsior-republique\/\"]}]},{\"@type\":\"BreadcrumbList\",\"@id\":\"https:\/\/www.hotelexcelsior.fr\/ko\/services-hotel-excelsior-republique\/#breadcrumb\",\"itemListElement\":[{\"@type\":\"ListItem\",\"position\":1,\"name\":\"Accueil\",\"item\":\"https:\/\/www.hotelexcelsior.fr\/ko\/\"},{\"@type\":\"ListItem\",\"position\":2,\"name\":\"Services\"}]},{\"@type\":\"WebSite\",\"@id\":\"https:\/\/www.hotelexcelsior.fr\/#website\",\"url\":\"https:\/\/www.hotelexcelsior.fr\/\",\"name\":\"H\u00f4tel Excelsior R\u00e9publique\",\"description\":\"H\u00f4tel proche de la place de la R\u00e9publique\",\"potentialAction\":[{\"@type\":\"SearchAction\",\"target\":{\"@type\":\"EntryPoint\",\"urlTemplate\":\"https:\/\/www.hotelexcelsior.fr\/?s={search_term_string}\"},\"query-input\":\"required name=search_term_string\"}],\"inLanguage\":\"ko-KR\"}]}<\/script>\n<!-- \/ Yoast SEO plugin. -->","yoast_head_json":{"title":"\ud638\ud154 \uc5d1\uc140\uc2dc\uc624\ub974 \ub808\ud4cc\ube14\ub9ac\ud06c\uc758 \uace0\uac1d \uc11c\ube44\uc2a4","description":"\ud638\ud154 \uc5d1\uc140\uc2dc\uc624\ub974 \ub808\ud4cc\ube14\ub9ac\ud06c**\uc5d0 \uc624\uc2e0 \uac83\uc744 \ud658\uc601\ud569\ub2c8\ub2e4, \ud30c\ub9ac \uc2dc\ub0b4 \ud55c\uac00\uc6b4\ub370 \ub808\ud4cc\ube14\ub9ac\ud06c \uad11\uc7a5\uc744 \uc9c0\ucc99\uc5d0 \ub454 \uc800\ud76c \ud638\ud154\uc740 \ub9c8\ub808 \uc9c0\uad6c\uc758 \ubd81\uc801\uc774\ub294 \uadf8\ub791 \ubd88\ub974\ubc14\ub974\uc640 \uc1fc\ud551\uac00, \uadf9\uc7a5, \ubc15\ubb3c\uad00, \ubbf8\uc220\uad00\uc5d0 \ub458\ub7ec\uc2f8\uc5ec \uc788\uc2b5\ub2c8\ub2e4.","robots":{"index":"index","follow":"follow","max-snippet":"max-snippet:-1","max-image-preview":"max-image-preview:large","max-video-preview":"max-video-preview:-1"},"canonical":"https:\/\/www.hotelexcelsior.fr\/ko\/services-hotel-excelsior-republique\/","og_locale":"ko_KR","og_type":"article","og_title":"\ud638\ud154 \uc5d1\uc140\uc2dc\uc624\ub974 \ub808\ud4cc\ube14\ub9ac\ud06c\uc758 \uace0\uac1d \uc11c\ube44\uc2a4","og_description":"\ud638\ud154 \uc5d1\uc140\uc2dc\uc624\ub974 \ub808\ud4cc\ube14\ub9ac\ud06c**\uc5d0 \uc624\uc2e0 \uac83\uc744 \ud658\uc601\ud569\ub2c8\ub2e4, \ud30c\ub9ac \uc2dc\ub0b4 \ud55c\uac00\uc6b4\ub370 \ub808\ud4cc\ube14\ub9ac\ud06c \uad11\uc7a5\uc744 \uc9c0\ucc99\uc5d0 \ub454 \uc800\ud76c \ud638\ud154\uc740 \ub9c8\ub808 \uc9c0\uad6c\uc758 \ubd81\uc801\uc774\ub294 \uadf8\ub791 \ubd88\ub974\ubc14\ub974\uc640 \uc1fc\ud551\uac00, \uadf9\uc7a5, \ubc15\ubb3c\uad00, \ubbf8\uc220\uad00\uc5d0 \ub458\ub7ec\uc2f8\uc5ec \uc788\uc2b5\ub2c8\ub2e4.","og_url":"https:\/\/www.hotelexcelsior.fr\/ko\/services-hotel-excelsior-republique\/","og_site_name":"H\u00f4tel Excelsior R\u00e9publique","article_modified_time":"2019-11-15T10:36:34+00:00","twitter_card":"summary_large_image","twitter_misc":{"Est. reading time":"1\ubd84"},"schema":{"@context":"https:\/\/schema.org","@graph":[{"@type":"WebPage","@id":"https:\/\/www.hotelexcelsior.fr\/ko\/services-hotel-excelsior-republique\/","url":"https:\/\/www.hotelexcelsior.fr\/ko\/services-hotel-excelsior-republique\/","name":"\ud638\ud154 \uc5d1\uc140\uc2dc\uc624\ub974 \ub808\ud4cc\ube14\ub9ac\ud06c\uc758 \uace0\uac1d \uc11c\ube44\uc2a4","isPartOf":{"@id":"https:\/\/www.hotelexcelsior.fr\/#website"},"datePublished":"2019-10-15T06:48:51+00:00","dateModified":"2019-11-15T10:36:34+00:00","description":"\ud638\ud154 \uc5d1\uc140\uc2dc\uc624\ub974 \ub808\ud4cc\ube14\ub9ac\ud06c**\uc5d0 \uc624\uc2e0 \uac83\uc744 \ud658\uc601\ud569\ub2c8\ub2e4, \ud30c\ub9ac \uc2dc\ub0b4 \ud55c\uac00\uc6b4\ub370 \ub808\ud4cc\ube14\ub9ac\ud06c \uad11\uc7a5\uc744 \uc9c0\ucc99\uc5d0 \ub454 \uc800\ud76c \ud638\ud154\uc740 \ub9c8\ub808 \uc9c0\uad6c\uc758 \ubd81\uc801\uc774\ub294 \uadf8\ub791 \ubd88\ub974\ubc14\ub974\uc640 \uc1fc\ud551\uac00, \uadf9\uc7a5, \ubc15\ubb3c\uad00, \ubbf8\uc220\uad00\uc5d0 \ub458\ub7ec\uc2f8\uc5ec \uc788\uc2b5\ub2c8\ub2e4.","breadcrumb":{"@id":"https:\/\/www.hotelexcelsior.fr\/ko\/services-hotel-excelsior-republique\/#breadcrumb"},"inLanguage":"ko-KR","potentialAction":[{"@type":"ReadAction","target":["https:\/\/www.hotelexcelsior.fr\/ko\/services-hotel-excelsior-republique\/"]}]},{"@type":"BreadcrumbList","@id":"https:\/\/www.hotelexcelsior.fr\/ko\/services-hotel-excelsior-republique\/#breadcrumb","itemListElement":[{"@type":"ListItem","position":1,"name":"Accueil","item":"https:\/\/www.hotelexcelsior.fr\/ko\/"},{"@type":"ListItem","position":2,"name":"Services"}]},{"@type":"WebSite","@id":"https:\/\/www.hotelexcelsior.fr\/#website","url":"https:\/\/www.hotelexcelsior.fr\/","name":"H\u00f4tel Excelsior R\u00e9publique","description":"H\u00f4tel proche de la place de la R\u00e9publique","potentialAction":[{"@type":"SearchAction","target":{"@type":"EntryPoint","urlTemplate":"https:\/\/www.hotelexcelsior.fr\/?s={search_term_string}"},"query-input":"required name=search_term_string"}],"inLanguage":"ko-KR"}]}},"_links":{"self":[{"href":"https:\/\/www.hotelexcelsior.fr\/ko\/wp-json\/wp\/v2\/pages\/246"}],"collection":[{"href":"https:\/\/www.hotelexcelsior.fr\/ko\/wp-json\/wp\/v2\/pages"}],"about":[{"href":"https:\/\/www.hotelexcelsior.fr\/ko\/wp-json\/wp\/v2\/types\/page"}],"author":[{"embeddable":true,"href":"https:\/\/www.hotelexcelsior.fr\/ko\/wp-json\/wp\/v2\/users\/1"}],"replies":[{"embeddable":true,"href":"https:\/\/www.hotelexcelsior.fr\/ko\/wp-json\/wp\/v2\/comments?post=246"}],"version-history":[{"count":3,"href":"https:\/\/www.hotelexcelsior.fr\/ko\/wp-json\/wp\/v2\/pages\/246\/revisions"}],"predecessor-version":[{"id":391,"href":"https:\/\/www.hotelexcelsior.fr\/ko\/wp-json\/wp\/v2\/pages\/246\/revisions\/391"}],"wp:attachment":[{"href":"https:\/\/www.hotelexcelsior.fr\/ko\/wp-json\/wp\/v2\/media?parent=246"}],"curies":[{"name":"wp","href":"https:\/\/api.w.org\/{rel}","templated":true}]}}