{"id":241,"date":"2019-10-15T10:59:40","date_gmt":"2019-10-15T08:59:40","guid":{"rendered":"https:\/\/www.hotelexcelsior.fr\/quartier-hotel-excelsior-paris\/"},"modified":"2019-11-15T11:30:13","modified_gmt":"2019-11-15T10:30:13","slug":"district-hotel-excelsior-paris","status":"publish","type":"page","link":"https:\/\/www.hotelexcelsior.fr\/ko\/district-hotel-excelsior-paris\/","title":{"rendered":"Quartier"},"content":{"rendered":"\n\t<section class=\"section\" id=\"section_500538215\">\n\t\t<div class=\"bg section-bg fill bg-fill  bg-loaded\" >\n\n\t\t\t\n\t\t\t\n\t\t\t\n\n\t\t<\/div><!-- .section-bg -->\n\n\t\t<div class=\"section-content relative\">\n\t\t\t\n\n<p><iframe loading=\"lazy\" width=\"100%\" height=\"350\" frameborder=\"0\" scrolling=\"no\" marginheight=\"0\" marginwidth=\"0\" src=\"https:\/\/maps.google.fr\/maps?f=q&amp;source=s_q&amp;hl=fr&amp;geocode=&amp;q=4+Rue+de+Lancry,+75010+Paris&amp;aq=&amp;sll=48.86878,2.360129&amp;sspn=0.011913,0.027874&amp;ie=UTF8&amp;hq=&amp;hnear=4+Rue+de+Lancry,+75010+Paris,+%C3%8Ele-de-France&amp;t=m&amp;ll=48.87228,2.361546&amp;spn=0.019759,0.05579&amp;z=14&amp;iwloc=A&amp;output=embed\"><\/iframe><\/p>\n<div class=\"row\"  id=\"row-1246502278\">\n\n<div class=\"col small-12 large-12\"  ><div class=\"col-inner\"  >\n\n<h1 style=\"text-align: center;\">\ud638\ud154 \uc5d1\uc140\uc2dc\uc624\ub974 \ub808\ud4cc\ube14\ub9ac\ud06c\uc758 \uc8fc\ubcc0 \ud658\uacbd<\/h1>\n<p style=\"text-align: center;\">\uc624\ud398\ub77c \uc5ed, \uc0dd \ub77c\uc790\ub974 \uc5ed, \uac24\ub7ec\ub9ac \ub77c\ud30c\uc608\ud2b8\ub97c \ube44\ub86f\ud55c \uc720\uba85 \ubc31\ud654\uc810\uacfc \uc9c1\ud1b5\uc73c\ub85c \uc5f0\uacb0\ub418\ub294 \uc9c0\ud558\ucca0 3\ud638\uc120\uc774 \uac00\uae4c\uc774\uc5d0 \uc788\uc5b4 \ud30c\ub9ac \uad00\uad11\uc744 \uc990\uae30\uae30\uc5d0 \uc774\uc0c1\uc801\uc778 \ud638\ud154\uc785\ub2c8\ub2e4<\/p>\n\n<\/div><\/div>\n\n<\/div>\n\n\t\t<\/div><!-- .section-content -->\n\n\t\t\n<style scope=\"scope\">\n\n#section_500538215 {\n  padding-top: 0px;\n  padding-bottom: 0px;\n  margin-bottom: 0px;\n}\n<\/style>\n\t<\/section>\n\t\n\t<section class=\"section\" id=\"section_1446839958\">\n\t\t<div class=\"bg section-bg fill bg-fill  bg-loaded\" >\n\n\t\t\t\n\t\t\t\n\t\t\t\n\n\t\t<\/div><!-- .section-bg -->\n\n\t\t<div class=\"section-content relative\">\n\t\t\t\n\n<div class=\"row\"  id=\"row-1972525816\">\n\n<div class=\"col medium-5 small-12 large-5 medium-col-first\"  ><div class=\"col-inner\"  >\n\n<div class=\"slider-wrapper relative\" id=\"slider-934053942\" style=\"margin-bottom:20px;\">\n    <div class=\"slider slider-nav-circle slider-nav-large slider-nav-light slider-style-normal\"\n        data-flickity-options='{\n            \"cellAlign\": \"center\",\n            \"imagesLoaded\": true,\n            \"lazyLoad\": 1,\n            \"freeScroll\": false,\n            \"wrapAround\": true,\n            \"autoPlay\": 6000,\n            \"pauseAutoPlayOnHover\" : true,\n            \"prevNextButtons\": true,\n            \"contain\" : true,\n            \"adaptiveHeight\" : true,\n            \"dragThreshold\" : 10,\n            \"percentPosition\": true,\n            \"pageDots\": true,\n            \"rightToLeft\": false,\n            \"draggable\": true,\n            \"selectedAttraction\": 0.1,\n            \"parallax\" : 0,\n            \"friction\": 0.6        }'\n        >\n        \n\n\t<div class=\"img has-hover x md-x lg-x y md-y lg-y\" id=\"image_2092894389\">\n\t\t\t\t\t\t\t\t<div class=\"img-inner dark\" >\n\t\t\t<img loading=\"lazy\" decoding=\"async\" width=\"650\" height=\"433\" src=\"https:\/\/www.hotelexcelsior.fr\/wp-content\/uploads\/2019\/10\/1-1.jpg\" class=\"attachment-large size-large\" alt=\"Place de la R\u00e9publique\" srcset=\"https:\/\/www.hotelexcelsior.fr\/wp-content\/uploads\/2019\/10\/1-1.jpg 650w, https:\/\/www.hotelexcelsior.fr\/wp-content\/uploads\/2019\/10\/1-1-300x200.jpg 300w\" sizes=\"(max-width: 650px) 100vw, 650px\" \/>\t\t\t\t\t\t\n\t\t\t\t\t<\/div>\n\t\t\t\t\t\t\t\t\n<style scope=\"scope\">\n\n#image_2092894389 {\n  width: 100%;\n}\n<\/style>\n\t<\/div>\n\t\n\n\t<div class=\"img has-hover x md-x lg-x y md-y lg-y\" id=\"image_1565832095\">\n\t\t\t\t\t\t\t\t<div class=\"img-inner dark\" >\n\t\t\t<img loading=\"lazy\" decoding=\"async\" width=\"650\" height=\"433\" src=\"https:\/\/www.hotelexcelsior.fr\/wp-content\/uploads\/2019\/10\/2-1.jpg\" class=\"attachment-large size-large\" alt=\"Place de la R\u00e9publique\" srcset=\"https:\/\/www.hotelexcelsior.fr\/wp-content\/uploads\/2019\/10\/2-1.jpg 650w, https:\/\/www.hotelexcelsior.fr\/wp-content\/uploads\/2019\/10\/2-1-300x200.jpg 300w\" sizes=\"(max-width: 650px) 100vw, 650px\" \/>\t\t\t\t\t\t\n\t\t\t\t\t<\/div>\n\t\t\t\t\t\t\t\t\n<style scope=\"scope\">\n\n#image_1565832095 {\n  width: 100%;\n}\n<\/style>\n\t<\/div>\n\t\n\n\n     <\/div>\n\n     <div class=\"loading-spin dark large centered\"><\/div>\n\n     <style scope=\"scope\">\n             <\/style>\n<\/div><!-- .ux-slider-wrapper -->\n\n\n<h3>\ub300\uc911\uad50\ud1b5<\/h3>\n<p><strong>\u2013 \uc9c0\ud558\ucca0:<\/strong> \ub808\ud4cc\ube14\ub9ac\ud06c(R\u00e9publique)<br \/><strong>\u2013 RER :<\/strong> \uac00\ub974 \ub4a4 \ub178\ub974(Gare du Nord)<br \/><strong>\u2013 \ubc84\uc2a4 \ub178\uc120:<\/strong> 20 \u2013 54 \u2013 56 \u2013 65 \u2013 75<br \/><strong>\u2013 \uae30\ucc28\uc5ed:<\/strong> \ubd81\uc5ed(Nord) \u2013 \ub3d9\uc5ed(Est) \u2013 \ub9ac\uc639\uc5ed(Lyon)<\/p>\n\n<\/div><\/div>\n<div class=\"col medium-7 small-12 large-7\"  ><div class=\"col-inner\"  >\n\n<h3>\ub808\ud4cc\ube14\ub9ac\ud06c \uad11\uc7a5<\/h3>\n<p>\ud30c\ub9ac \uc2dc\ub0b4 \uc911\uc2ec\ubd80\uc5d0 \uc704\uce58\ud55c \ub808\ud4cc\ube14\ub9ac\ud06c \uad11\uc7a5(Place de la R\u00e9publique)\uc740 \uc720\ub3d9 \uc778\uad6c\uac00 \ub9ce\uc740 \ub300\uc911\uc801 \uba85\uc18c\uc785\ub2c8\ub2e4. 19\uc138\uae30 \ub3c4\uc2dc \uac1c\uc870 \uc0ac\uc5c5\uc758 \uacb0\uacfc\ub85c \ud0c4\uc0dd\ud55c \uc774\uacf3\uc740 \ud30c\ub9ac\uc758 \uad11\uc7a5\ub4e4 \uc911 \ucd5c\ub300 \uaddc\ubaa8\ub97c \uc790\ub791\ud569\ub2c8\ub2e4(280mx120m, 3.6ha). <\/p>\n<p>\uad11\uc7a5 \uc911\uc559\uc5d0 \uc138\uc6cc\uc838 \uc788\ub294 \uacf5\ud654\uad6d \uc5ec\uc2e0\uc758 \uccad\ub3d9\uc0c1\uc740 \ud504\ub791\uc2a4 \uacf5\ud654\uad6d\uc758 \uc601\uad11\uc744 \uc0c1\uc9d5\ud558\ub294 \uac83\uc73c\ub85c 1883\ub144\uc5d0 \uc81c\uc791\ub418\uc5c8\uc2b5\ub2c8\ub2e4. \uc774 \uae30\ub150\ubb3c\uc740 \ub192\uc774\uac00 9.5m\uc774\uace0 15.50m\uc758 \uc88c\ub300 \uc704\uc5d0 \uc62c\ub824\uc838 \uc788\uc2b5\ub2c8\ub2e4.\n\uc774\uacf3\uc774 \ub808\ud4cc\ube14\ub9ac\ud06c \uad11\uc7a5\uc73c\ub85c \ubd88\ub9ac\uae30 \uc2dc\uc791\ud55c \uac83\uc740 1889\ub144\uc758 \uc77c\uc774\uc5c8\uc2b5\ub2c8\ub2e4.<\/p>\n<p>\uc88c\ub300\ub97c \uc911\uc2ec\uc73c\ub85c \ud504\ub791\uc2a4 \uacf5\ud654\uad6d\uc758 \uac00\uce58\uc778 \uc790\uc720, \ud3c9\ub4f1, \ud615\uc81c\uc560\ub97c \uc0c1\uc9d5\ud558\ub294 \uc138 \uac1c\uc758 \uc11d\uc0c1\uc774 \uc88c\ub300\ub97c \uc5d0\uc6cc\uc2f8\uace0 \uc788\ub294\ub370 \uc790\uc720\ub294 \uc591\uc190\uc5d0 \uac01\uac01 \ub04a\uc5b4\uc9c4 \uc1e0\uc904\uacfc \ud683\ubd88\uc744, \ud3c9\ub4f1\uc740 \uc0bc\uc0c9\uae30\uc640 \uc218\ud3c9\uc790\ub97c \ub4e4\uace0 \uc788\uace0 \ud615\uc81c\uc560\ub294 \ub18d\uc5c5\uc5d0 \uad00\ud55c \uc0c1\uc9d5\uacfc \ucc45 \uc77d\ub294 \uc544\uc774\ub4e4\uc5d0 \ub458\ub7ec\uc2f8\uc5ec \uc788\uc2b5\ub2c8\ub2e4.\n\uae30\ub150\ube44 \uc544\ub798, \ubcf4\ud3b8\uc801 \ucc38\uc815\uad8c\uc744 \uc0c1\uc9d5\ud558\ub294 \ud22c\ud45c\ud568 \uc55e\uc5d0\ub294 \ub192\uc774 3m\uc758 \ub179\uc0c9 \uccad\ub3d9 \uc0ac\uc790\uc0c1\uc774 \ub204\uc6cc \uc788\uc2b5\ub2c8\ub2e4.<\/p>\n\n<\/div><\/div>\n\n<\/div>\n\n\t\t<\/div><!-- .section-content -->\n\n\t\t\n<style scope=\"scope\">\n\n#section_1446839958 {\n  padding-top: 0px;\n  padding-bottom: 0px;\n}\n<\/style>\n\t<\/section>\n\t\n\t<section class=\"section\" id=\"section_1630007970\">\n\t\t<div class=\"bg section-bg fill bg-fill  \" >\n\n\t\t\t\n\t\t\t\n\t\t\t\n\n\t\t<\/div><!-- .section-bg -->\n\n\t\t<div class=\"section-content relative\">\n\t\t\t\n\n\n\t\t<\/div><!-- .section-content -->\n\n\t\t\n<style scope=\"scope\">\n\n#section_1630007970 {\n  padding-top: 0px;\n  padding-bottom: 0px;\n  min-height: 200px;\n}\n#section_1630007970 .section-bg.bg-loaded {\n  background-image: url(https:\/\/www.hotelexcelsior.fr\/wp-content\/uploads\/2019\/10\/musee-arts-metiers.jpg);\n}\n#section_1630007970 .section-bg {\n  background-position: bottom;\n}\n<\/style>\n\t<\/section>\n\t\n\t<section class=\"section\" id=\"section_930727732\">\n\t\t<div class=\"bg section-bg fill bg-fill  bg-loaded\" >\n\n\t\t\t\n\t\t\t\n\t\t\t\n\n\t\t<\/div><!-- .section-bg -->\n\n\t\t<div class=\"section-content relative\">\n\t\t\t\n\n<div class=\"row\"  id=\"row-121831739\">\n\n<div class=\"col medium-6 small-12 large-6\"  ><div class=\"col-inner\"  >\n\n<h3>\uae30\uc220 \uacf5\uc608 \ubc15\ubb3c\uad00\uacfc \uad6d\ub9bd \uacf5\uc608\uc6d0<\/h3>\n<p>60 Rue R\u00e9aumur 75003 Paris, France<br \/>\uc804\ud654: +33 1 53 01 82 00<\/p>\n<p><strong>\uc9c0\ud558\ucca0:<\/strong><br \/>3\ud638\uc120, 11\ud638\uc120 \u2013 \uc544\ub974 \uc5d0 \uba54\ud2f0\uc5d0(Arts-et-M\u00e9tiers)\uc5ed<br \/>4\ud638\uc120 \u2013 \ub808\uc624\ubb88\ub974-\uc138\ubc14\uc2a4\ud1a0\ud3f4(R\u00e9aumur-S\u00e9bastopol)\uc5ed<\/p>\n<p>1794\ub144\uc5d0 \uc124\ub9bd\ub41c \uad6d\ub9bd \uacf5\uc608\uc6d0(Conservatoire des arts et m\u00e9tiers)\uc740 \uc6d0\ub798 \uae30\uc220\uc790\uc640 \uc5d4\uc9c0\ub2c8\uc5b4\ub97c \uc591\uc131\ud560 \ubaa9\uc801\uc73c\ub85c \uc138\uc6cc\uc9c4 \uae30\uad00\uc785\ub2c8\ub2e4.\n\uc774 \uac70\ub300\ud55c \ubcf5\ud569 \uac74\ucd95\ubb3c\uc774 \uacf5\uc608\uc6d0\uc73c\ub85c \ubc14\ub010 \uac83\uc740 1798\ub144\uc758 \uc77c\uc774\uc5c8\uc2b5\ub2c8\ub2e4.<\/p>\n\n<\/div><\/div>\n<div class=\"col medium-6 small-12 large-6\"  ><div class=\"col-inner\"  >\n\n<p>\ucd08\ucc3d\uae30 \uc18c\uc7a5\ud488\uc740 \ud504\ub791\uc2a4\uc758 \uc5d4\uc9c0\ub2c8\uc5b4 \uc790\ud06c \ub4dc \ubcf4\uce89\uc1a1(Jacques de Vaucanson)\uc758 \uc8fc\ub3c4\ud558\uc5d0 \uc218\uc9d1\ub418\uc5c8\uc2b5\ub2c8\ub2e4.<br \/>\n\ud504\ub791\uc2a4 \ud601\uba85\uc744 \uacc4\uae30\ub85c \uacfc\uac70 \uc5d8\ub9ac\ud2b8\uce35\uc758 \uc804\uc720\ubb3c\ub85c \ub3d9\uc5c5\uc870\ud569\uacfc \uc9c1\uc5c5\uc778\ub4e4\uc744 \ud1b5\ud574 \ud3d0\uc1c4\uc801\uc73c\ub85c \uc720\ud1b5\ub418\uc5b4 \uc624\ub358 \uc9c0\uc2dd\uacfc \uae30\uc220\uc758 \ubcf4\uae09\uc744 \ucd09\uc9c4\ud558\ub294 \ucde8\uc9c0\uc5d0\uc11c \uacfc\ud559\uc801, \uae30\uc220\uc801 \uc18c\uc7a5\ud488\uc774 \uc2dc\ubbfc \ubaa8\ub450\uc5d0\uac8c \uac1c\ubc29\ub418\uc5c8\uc2b5\ub2c8\ub2e4. \uc790\uc5f0\uc0ac\ubc15\ubb3c\uad00(Mus\u00e9um national d\u2019histoire naturelle)\uc774 \uc655\uc2e4 \uc815\uc6d0(Jardin du Roi)\uc744 \ud1a0\ub300\ub85c \uc870\uc131\ub41c \uac83\ucc98\ub7fc \uad6d\ub9bd \uacf5\uc608\uc6d0\uc740 \uadc0\uc871\ub4e4\uc758 \ubb3c\ub9ac\ud559 \uc5f0\uad6c\uc2e4\uc774\ub098 \uad6c \uc655\uc2e4 \uacfc\ud559 \ud55c\ub9bc\uc6d0(Acad\u00e9mie royale des sciences)\uc758 \uc18c\uc7a5\ud488\uc744 \ud1b5\ud569\ud55c \uac83\uc785\ub2c8\ub2e4.<br \/>\n\ubc15\ubb3c\uad00 \uac24\ub7ec\ub9ac\ub294 1802\ub144 5\uc6d4\uc5d0 \ubb38\uc744 \uc5f4\uc5c8\uc2b5\ub2c8\ub2e4.<br \/>\n\uae30\uc220 \uacf5\uc608 \ubc15\ubb3c\uad00\uc758 \uc0c1\uc124 \uc804\uc2dc\ub294 7\uc885\uc758 \uc8fc\uc81c\ubcc4 \uceec\ub809\uc158\uc73c\ub85c \uc774\ub8e8\uc5b4\uc838 \uc788\uc2b5\ub2c8\ub2e4.<\/p>\n\n<\/div><\/div>\n\n<\/div>\n\n\t\t<\/div><!-- .section-content -->\n\n\t\t\n<style scope=\"scope\">\n\n#section_930727732 {\n  padding-top: 30px;\n  padding-bottom: 30px;\n  margin-bottom: 0px;\n}\n<\/style>\n\t<\/section>\n\t\n\t<section class=\"section\" id=\"section_1586609535\">\n\t\t<div class=\"bg section-bg fill bg-fill  \" >\n\n\t\t\t\n\t\t\t\n\t\t\t\n\n\t\t<\/div><!-- .section-bg -->\n\n\t\t<div class=\"section-content relative\">\n\t\t\t\n\n\n\t\t<\/div><!-- .section-content -->\n\n\t\t\n<style scope=\"scope\">\n\n#section_1586609535 {\n  padding-top: 0px;\n  padding-bottom: 0px;\n  min-height: 200px;\n}\n#section_1586609535 .section-bg.bg-loaded {\n  background-image: url(https:\/\/www.hotelexcelsior.fr\/wp-content\/uploads\/2019\/10\/cirque-hiver.jpg);\n}\n#section_1586609535 .section-bg {\n  background-position: top;\n}\n<\/style>\n\t<\/section>\n\t\n\t<section class=\"section\" id=\"section_1193965044\">\n\t\t<div class=\"bg section-bg fill bg-fill  bg-loaded\" >\n\n\t\t\t\n\t\t\t\n\t\t\t\n\n\t\t<\/div><!-- .section-bg -->\n\n\t\t<div class=\"section-content relative\">\n\t\t\t\n\n<div class=\"row\"  id=\"row-640025167\">\n\n<div class=\"col medium-6 small-12 large-6\"  ><div class=\"col-inner\"  >\n\n<h3>\uc800\ub141\uc5d0 \ubcfc\ub9cc\ud55c \uacf5\uc5f0<\/h3>\n<p>\ud638\ud154 \uc5d1\uc140\uc2dc\uc624\ub974\uc640 \uc544\uc8fc \uac00\uae4c\uc6b4 \uac70\ub9ac\uc5d0 \uadf9\uc7a5\uc774 \uc788\uc2b5\ub2c8\ub2e4.<\/p>\n<p>\u2013 \ub974 \uce74\ubcf4 \ub4dc \ub77c \ub808\ud4cc\ube14\ub9ac\ud06c(Le Caveau de la R\u00e9publique) : \uc6c3\uc74c\uacfc \ud48d\uc790\uc758 \ub300\uba85\uc0ac, \ub974\uce74\ubcf4!<br \/>\uc720\uba85 \ucf54\ubbf8\ub514\uc5b8\uc744 \ub2e4\uc218 \ubc30\ucd9c\ud55c \ucf54\ubbf8\ub514\uc758 \uba54\uce74<br \/>\uc608\uc57d \uc804\ud654: 01 42 78 44 45<br \/>Caveau de la R\u00e9publique<br \/>1, bd Saint-Martin<br \/>75003 Paris<\/p>\n\n<\/div><\/div>\n<div class=\"col medium-6 small-12 large-6\"  ><div class=\"col-inner\"  >\n\n<h3>\uc628 \uac00\uc871\uc774 \uc990\uae38 \uc218 \uc788\ub294 \uacf5\uc5f0:<\/h3>\n<p>\u2013 \uaca8\uc6b8 \uc11c\ucee4\uc2a4(Le cirque d\u2019hiver), \ud638\ud154\uc5d0\uc11c \uba87 \ubc1c\uc790\uad6d\ub9cc \uac78\uc5b4\uac00\uba74 \uad00\ub78c \uac00\ub2a5\ud569\ub2c8\ub2e4.<\/p>\n<p>\uc138\uacc4\uc5d0\uc11c \uac00\uc7a5 \uc624\ub798\ub41c \uc11c\ucee4\uc2a4\ub97c \uad6c\uacbd\ud558\uc138\uc694. \uc904\uc774\ub098 \uacf5\uc911\uadf8\ub124\ub97c \ud0c0\ub294 \uace1\uc608\uc0ac, \ud638\ub791\uc774, \uac1c, \ub9d0, \uad11\ub300 \uadf8\ub9ac\uace0 \ubd80\uae00\ub9ac\uc628(Bouglione) \uac00\uc871\uc758 \uaca8\uc6b8 \uc11c\ucee4\uc2a4 \uc624\ucf00\uc2a4\ud2b8\ub77c\ub97c \ub9cc\ub098\uc2e4 \uc218 \uc788\uc2b5\ub2c8\ub2e4<br \/>\uc608\uc57d \uc804\ud654: 01 47 00 28 81<\/p>\n\n<\/div><\/div>\n\n<\/div>\n\n\t\t<\/div><!-- .section-content -->\n\n\t\t\n<style scope=\"scope\">\n\n#section_1193965044 {\n  padding-top: 30px;\n  padding-bottom: 30px;\n}\n<\/style>\n\t<\/section>\n\t\n\n","protected":false},"excerpt":{"rendered":"","protected":false},"author":1,"featured_media":0,"parent":0,"menu_order":0,"comment_status":"closed","ping_status":"closed","template":"page-blank.php","meta":{"footnotes":""},"yoast_head":"<!-- This site is optimized with the Yoast SEO plugin v22.0 - https:\/\/yoast.com\/wordpress\/plugins\/seo\/ -->\n<title>\ud638\ud154 \uc5d1\uc140\uc2dc\uc624\ub974 \ub808\ud4cc\ube14\ub9ac\ud06c\uc758 \uc8fc\ubcc0 \ud658\uacbd<\/title>\n<meta name=\"description\" content=\"\uc624\ud398\ub77c \uc5ed, \uc0dd \ub77c\uc790\ub974 \uc5ed, \uac24\ub7ec\ub9ac \ub77c\ud30c\uc608\ud2b8\ub97c \ube44\ub86f\ud55c \uc720\uba85 \ubc31\ud654\uc810\uacfc \uc9c1\ud1b5\uc73c\ub85c \uc5f0\uacb0\ub418\ub294 \uc9c0\ud558\ucca0 3\ud638\uc120\uc774 \uac00\uae4c\uc774\uc5d0 \uc788\uc5b4 \ud30c\ub9ac \uad00\uad11\uc744 \uc990\uae30\uae30\uc5d0 \uc774\uc0c1\uc801\uc778 \ud638\ud154\uc785\ub2c8\ub2e4\" \/>\n<meta name=\"robots\" content=\"index, follow, max-snippet:-1, max-image-preview:large, max-video-preview:-1\" \/>\n<link rel=\"canonical\" href=\"https:\/\/www.hotelexcelsior.fr\/ko\/district-hotel-excelsior-paris\/\" \/>\n<meta property=\"og:locale\" content=\"ko_KR\" \/>\n<meta property=\"og:type\" content=\"article\" \/>\n<meta property=\"og:title\" content=\"\ud638\ud154 \uc5d1\uc140\uc2dc\uc624\ub974 \ub808\ud4cc\ube14\ub9ac\ud06c\uc758 \uc8fc\ubcc0 \ud658\uacbd\" \/>\n<meta property=\"og:description\" content=\"\uc624\ud398\ub77c \uc5ed, \uc0dd \ub77c\uc790\ub974 \uc5ed, \uac24\ub7ec\ub9ac \ub77c\ud30c\uc608\ud2b8\ub97c \ube44\ub86f\ud55c \uc720\uba85 \ubc31\ud654\uc810\uacfc \uc9c1\ud1b5\uc73c\ub85c \uc5f0\uacb0\ub418\ub294 \uc9c0\ud558\ucca0 3\ud638\uc120\uc774 \uac00\uae4c\uc774\uc5d0 \uc788\uc5b4 \ud30c\ub9ac \uad00\uad11\uc744 \uc990\uae30\uae30\uc5d0 \uc774\uc0c1\uc801\uc778 \ud638\ud154\uc785\ub2c8\ub2e4\" \/>\n<meta property=\"og:url\" content=\"https:\/\/www.hotelexcelsior.fr\/ko\/district-hotel-excelsior-paris\/\" \/>\n<meta property=\"og:site_name\" content=\"H\u00f4tel Excelsior R\u00e9publique\" \/>\n<meta property=\"article:modified_time\" content=\"2019-11-15T10:30:13+00:00\" \/>\n<meta name=\"twitter:card\" content=\"summary_large_image\" \/>\n<meta name=\"twitter:label1\" content=\"Est. reading time\" \/>\n\t<meta name=\"twitter:data1\" content=\"1\ubd84\" \/>\n<script type=\"application\/ld+json\" class=\"yoast-schema-graph\">{\"@context\":\"https:\/\/schema.org\",\"@graph\":[{\"@type\":\"WebPage\",\"@id\":\"https:\/\/www.hotelexcelsior.fr\/ko\/district-hotel-excelsior-paris\/\",\"url\":\"https:\/\/www.hotelexcelsior.fr\/ko\/district-hotel-excelsior-paris\/\",\"name\":\"\ud638\ud154 \uc5d1\uc140\uc2dc\uc624\ub974 \ub808\ud4cc\ube14\ub9ac\ud06c\uc758 \uc8fc\ubcc0 \ud658\uacbd\",\"isPartOf\":{\"@id\":\"https:\/\/www.hotelexcelsior.fr\/#website\"},\"datePublished\":\"2019-10-15T08:59:40+00:00\",\"dateModified\":\"2019-11-15T10:30:13+00:00\",\"description\":\"\uc624\ud398\ub77c \uc5ed, \uc0dd \ub77c\uc790\ub974 \uc5ed, \uac24\ub7ec\ub9ac \ub77c\ud30c\uc608\ud2b8\ub97c \ube44\ub86f\ud55c \uc720\uba85 \ubc31\ud654\uc810\uacfc \uc9c1\ud1b5\uc73c\ub85c \uc5f0\uacb0\ub418\ub294 \uc9c0\ud558\ucca0 3\ud638\uc120\uc774 \uac00\uae4c\uc774\uc5d0 \uc788\uc5b4 \ud30c\ub9ac \uad00\uad11\uc744 \uc990\uae30\uae30\uc5d0 \uc774\uc0c1\uc801\uc778 \ud638\ud154\uc785\ub2c8\ub2e4\",\"breadcrumb\":{\"@id\":\"https:\/\/www.hotelexcelsior.fr\/ko\/district-hotel-excelsior-paris\/#breadcrumb\"},\"inLanguage\":\"ko-KR\",\"potentialAction\":[{\"@type\":\"ReadAction\",\"target\":[\"https:\/\/www.hotelexcelsior.fr\/ko\/district-hotel-excelsior-paris\/\"]}]},{\"@type\":\"BreadcrumbList\",\"@id\":\"https:\/\/www.hotelexcelsior.fr\/ko\/district-hotel-excelsior-paris\/#breadcrumb\",\"itemListElement\":[{\"@type\":\"ListItem\",\"position\":1,\"name\":\"Accueil\",\"item\":\"https:\/\/www.hotelexcelsior.fr\/ko\/\"},{\"@type\":\"ListItem\",\"position\":2,\"name\":\"Quartier\"}]},{\"@type\":\"WebSite\",\"@id\":\"https:\/\/www.hotelexcelsior.fr\/#website\",\"url\":\"https:\/\/www.hotelexcelsior.fr\/\",\"name\":\"H\u00f4tel Excelsior R\u00e9publique\",\"description\":\"H\u00f4tel proche de la place de la R\u00e9publique\",\"potentialAction\":[{\"@type\":\"SearchAction\",\"target\":{\"@type\":\"EntryPoint\",\"urlTemplate\":\"https:\/\/www.hotelexcelsior.fr\/?s={search_term_string}\"},\"query-input\":\"required name=search_term_string\"}],\"inLanguage\":\"ko-KR\"}]}<\/script>\n<!-- \/ Yoast SEO plugin. -->","yoast_head_json":{"title":"\ud638\ud154 \uc5d1\uc140\uc2dc\uc624\ub974 \ub808\ud4cc\ube14\ub9ac\ud06c\uc758 \uc8fc\ubcc0 \ud658\uacbd","description":"\uc624\ud398\ub77c \uc5ed, \uc0dd \ub77c\uc790\ub974 \uc5ed, \uac24\ub7ec\ub9ac \ub77c\ud30c\uc608\ud2b8\ub97c \ube44\ub86f\ud55c \uc720\uba85 \ubc31\ud654\uc810\uacfc \uc9c1\ud1b5\uc73c\ub85c \uc5f0\uacb0\ub418\ub294 \uc9c0\ud558\ucca0 3\ud638\uc120\uc774 \uac00\uae4c\uc774\uc5d0 \uc788\uc5b4 \ud30c\ub9ac \uad00\uad11\uc744 \uc990\uae30\uae30\uc5d0 \uc774\uc0c1\uc801\uc778 \ud638\ud154\uc785\ub2c8\ub2e4","robots":{"index":"index","follow":"follow","max-snippet":"max-snippet:-1","max-image-preview":"max-image-preview:large","max-video-preview":"max-video-preview:-1"},"canonical":"https:\/\/www.hotelexcelsior.fr\/ko\/district-hotel-excelsior-paris\/","og_locale":"ko_KR","og_type":"article","og_title":"\ud638\ud154 \uc5d1\uc140\uc2dc\uc624\ub974 \ub808\ud4cc\ube14\ub9ac\ud06c\uc758 \uc8fc\ubcc0 \ud658\uacbd","og_description":"\uc624\ud398\ub77c \uc5ed, \uc0dd \ub77c\uc790\ub974 \uc5ed, \uac24\ub7ec\ub9ac \ub77c\ud30c\uc608\ud2b8\ub97c \ube44\ub86f\ud55c \uc720\uba85 \ubc31\ud654\uc810\uacfc \uc9c1\ud1b5\uc73c\ub85c \uc5f0\uacb0\ub418\ub294 \uc9c0\ud558\ucca0 3\ud638\uc120\uc774 \uac00\uae4c\uc774\uc5d0 \uc788\uc5b4 \ud30c\ub9ac \uad00\uad11\uc744 \uc990\uae30\uae30\uc5d0 \uc774\uc0c1\uc801\uc778 \ud638\ud154\uc785\ub2c8\ub2e4","og_url":"https:\/\/www.hotelexcelsior.fr\/ko\/district-hotel-excelsior-paris\/","og_site_name":"H\u00f4tel Excelsior R\u00e9publique","article_modified_time":"2019-11-15T10:30:13+00:00","twitter_card":"summary_large_image","twitter_misc":{"Est. reading time":"1\ubd84"},"schema":{"@context":"https:\/\/schema.org","@graph":[{"@type":"WebPage","@id":"https:\/\/www.hotelexcelsior.fr\/ko\/district-hotel-excelsior-paris\/","url":"https:\/\/www.hotelexcelsior.fr\/ko\/district-hotel-excelsior-paris\/","name":"\ud638\ud154 \uc5d1\uc140\uc2dc\uc624\ub974 \ub808\ud4cc\ube14\ub9ac\ud06c\uc758 \uc8fc\ubcc0 \ud658\uacbd","isPartOf":{"@id":"https:\/\/www.hotelexcelsior.fr\/#website"},"datePublished":"2019-10-15T08:59:40+00:00","dateModified":"2019-11-15T10:30:13+00:00","description":"\uc624\ud398\ub77c \uc5ed, \uc0dd \ub77c\uc790\ub974 \uc5ed, \uac24\ub7ec\ub9ac \ub77c\ud30c\uc608\ud2b8\ub97c \ube44\ub86f\ud55c \uc720\uba85 \ubc31\ud654\uc810\uacfc \uc9c1\ud1b5\uc73c\ub85c \uc5f0\uacb0\ub418\ub294 \uc9c0\ud558\ucca0 3\ud638\uc120\uc774 \uac00\uae4c\uc774\uc5d0 \uc788\uc5b4 \ud30c\ub9ac \uad00\uad11\uc744 \uc990\uae30\uae30\uc5d0 \uc774\uc0c1\uc801\uc778 \ud638\ud154\uc785\ub2c8\ub2e4","breadcrumb":{"@id":"https:\/\/www.hotelexcelsior.fr\/ko\/district-hotel-excelsior-paris\/#breadcrumb"},"inLanguage":"ko-KR","potentialAction":[{"@type":"ReadAction","target":["https:\/\/www.hotelexcelsior.fr\/ko\/district-hotel-excelsior-paris\/"]}]},{"@type":"BreadcrumbList","@id":"https:\/\/www.hotelexcelsior.fr\/ko\/district-hotel-excelsior-paris\/#breadcrumb","itemListElement":[{"@type":"ListItem","position":1,"name":"Accueil","item":"https:\/\/www.hotelexcelsior.fr\/ko\/"},{"@type":"ListItem","position":2,"name":"Quartier"}]},{"@type":"WebSite","@id":"https:\/\/www.hotelexcelsior.fr\/#website","url":"https:\/\/www.hotelexcelsior.fr\/","name":"H\u00f4tel Excelsior R\u00e9publique","description":"H\u00f4tel proche de la place de la R\u00e9publique","potentialAction":[{"@type":"SearchAction","target":{"@type":"EntryPoint","urlTemplate":"https:\/\/www.hotelexcelsior.fr\/?s={search_term_string}"},"query-input":"required name=search_term_string"}],"inLanguage":"ko-KR"}]}},"_links":{"self":[{"href":"https:\/\/www.hotelexcelsior.fr\/ko\/wp-json\/wp\/v2\/pages\/241"}],"collection":[{"href":"https:\/\/www.hotelexcelsior.fr\/ko\/wp-json\/wp\/v2\/pages"}],"about":[{"href":"https:\/\/www.hotelexcelsior.fr\/ko\/wp-json\/wp\/v2\/types\/page"}],"author":[{"embeddable":true,"href":"https:\/\/www.hotelexcelsior.fr\/ko\/wp-json\/wp\/v2\/users\/1"}],"replies":[{"embeddable":true,"href":"https:\/\/www.hotelexcelsior.fr\/ko\/wp-json\/wp\/v2\/comments?post=241"}],"version-history":[{"count":4,"href":"https:\/\/www.hotelexcelsior.fr\/ko\/wp-json\/wp\/v2\/pages\/241\/revisions"}],"predecessor-version":[{"id":388,"href":"https:\/\/www.hotelexcelsior.fr\/ko\/wp-json\/wp\/v2\/pages\/241\/revisions\/388"}],"wp:attachment":[{"href":"https:\/\/www.hotelexcelsior.fr\/ko\/wp-json\/wp\/v2\/media?parent=241"}],"curies":[{"name":"wp","href":"https:\/\/api.w.org\/{rel}","templated":true}]}}