{"id":230,"date":"2019-10-15T09:10:58","date_gmt":"2019-10-15T07:10:58","guid":{"rendered":"https:\/\/www.hotelexcelsior.fr\/chambres-hotel-excelsior-paris\/"},"modified":"2024-02-22T14:46:01","modified_gmt":"2024-02-22T13:46:01","slug":"camere-hotel-excelsior-paris","status":"publish","type":"page","link":"https:\/\/www.hotelexcelsior.fr\/it\/camere-hotel-excelsior-paris\/","title":{"rendered":"Chambres"},"content":{"rendered":"\n\t<section class=\"section\" id=\"section_1419787047\">\n\t\t<div class=\"bg section-bg fill bg-fill  bg-loaded\" >\n\n\t\t\t\n\t\t\t\n\t\t\t\n\n\t\t<\/div><!-- .section-bg -->\n\n\t\t<div class=\"section-content relative\">\n\t\t\t\n\n<div class=\"row\"  id=\"row-2091333843\">\n\n<div class=\"col small-12 large-12\"  ><div class=\"col-inner\"  >\n\n<h1 style=\"text-align: center;\">Le camere dell\u2019hotel Excelsior R\u00e9publique<\/h1>\n<p style=\"text-align: center;\">L\u2019hotel dispone di 34 camere perfettamente equipaggiate e con doppi vetri.<\/p>\n\n<\/div><\/div>\n\n<\/div>\n<div class=\"row\"  id=\"row-1681799833\">\n\n<div class=\"col medium-4 small-12 large-4\"  ><div class=\"col-inner box-shadow-3\"  >\n\n<div class=\"slider-wrapper relative\" id=\"slider-257767023\" >\n    <div class=\"slider slider-nav-circle slider-nav-large slider-nav-light slider-style-normal\"\n        data-flickity-options='{\n            \"cellAlign\": \"center\",\n            \"imagesLoaded\": true,\n            \"lazyLoad\": 1,\n            \"freeScroll\": false,\n            \"wrapAround\": true,\n            \"autoPlay\": 6000,\n            \"pauseAutoPlayOnHover\" : true,\n            \"prevNextButtons\": true,\n            \"contain\" : true,\n            \"adaptiveHeight\" : true,\n            \"dragThreshold\" : 10,\n            \"percentPosition\": true,\n            \"pageDots\": false,\n            \"rightToLeft\": false,\n            \"draggable\": true,\n            \"selectedAttraction\": 0.1,\n            \"parallax\" : 0,\n            \"friction\": 0.6        }'\n        >\n        \n\n\t<div class=\"img has-hover x md-x lg-x y md-y lg-y\" id=\"image_1788418683\">\n\t\t<a class=\"image-lightbox lightbox-gallery\" href=\"https:\/\/www.hotelexcelsior.fr\/wp-content\/uploads\/2019\/10\/hotel-excelsior-chambre-03-01-md-1024x683.jpg\" title=\"\">\t\t\t\t\t\t<div class=\"img-inner dark\" >\n\t\t\t<img loading=\"lazy\" decoding=\"async\" width=\"1020\" height=\"680\" src=\"https:\/\/www.hotelexcelsior.fr\/wp-content\/uploads\/2019\/10\/hotel-excelsior-chambre-03-01-md-1024x683.jpg\" class=\"attachment-large size-large\" alt=\"HOTEL EXCELSIOR PARIS\" srcset=\"https:\/\/www.hotelexcelsior.fr\/wp-content\/uploads\/2019\/10\/hotel-excelsior-chambre-03-01-md-1024x683.jpg 1024w, https:\/\/www.hotelexcelsior.fr\/wp-content\/uploads\/2019\/10\/hotel-excelsior-chambre-03-01-md-300x200.jpg 300w, https:\/\/www.hotelexcelsior.fr\/wp-content\/uploads\/2019\/10\/hotel-excelsior-chambre-03-01-md-768x512.jpg 768w, https:\/\/www.hotelexcelsior.fr\/wp-content\/uploads\/2019\/10\/hotel-excelsior-chambre-03-01-md.jpg 1600w\" sizes=\"(max-width: 1020px) 100vw, 1020px\" \/>\t\t\t\t\t\t\n\t\t\t\t\t<\/div>\n\t\t\t\t\t\t<\/a>\t\t\n<style scope=\"scope\">\n\n#image_1788418683 {\n  width: 100%;\n}\n<\/style>\n\t<\/div>\n\t\n\n\n     <\/div>\n\n     <div class=\"loading-spin dark large centered\"><\/div>\n\n     <style scope=\"scope\">\n             <\/style>\n<\/div><!-- .ux-slider-wrapper -->\n\n\n<div class=\"row row-collapse\"  id=\"row-629356303\">\n\n<div class=\"col small-12 large-12\"  ><div class=\"col-inner\" style=\"padding:10px 10px 10px 10px;\" >\n\n<h3>Singola<\/h3>\n<h4>1 persona &#8211; 1 letto singolo<\/h4>\n<p>Resterete affascinati dalle nostre camere singole molto funzionali.<\/p>\n<a rel=\"noopener noreferrer\" href=\"https:\/\/secure.reservit.com\/reservit\/reserhotel.php?lang=IT&#038;id=2&#038;hotelid=6115\" target=\"_blank\" class=\"button primary is-small expand\"  >\n    <span>Prenotare<\/span>\n  <\/a>\n\n\n\n<\/div><\/div>\n\n\n<style scope=\"scope\">\n\n#row-629356303 > .col > .col-inner {\n  padding: 0 0px 0px 0px;\n}\n<\/style>\n<\/div>\n\n<\/div><\/div>\n<div class=\"col medium-4 small-12 large-4\"  ><div class=\"col-inner box-shadow-3\"  >\n\n<div class=\"slider-wrapper relative\" id=\"slider-1973180755\" >\n    <div class=\"slider slider-nav-circle slider-nav-large slider-nav-light slider-style-normal\"\n        data-flickity-options='{\n            \"cellAlign\": \"center\",\n            \"imagesLoaded\": true,\n            \"lazyLoad\": 1,\n            \"freeScroll\": false,\n            \"wrapAround\": true,\n            \"autoPlay\": 6000,\n            \"pauseAutoPlayOnHover\" : true,\n            \"prevNextButtons\": true,\n            \"contain\" : true,\n            \"adaptiveHeight\" : true,\n            \"dragThreshold\" : 10,\n            \"percentPosition\": true,\n            \"pageDots\": false,\n            \"rightToLeft\": false,\n            \"draggable\": true,\n            \"selectedAttraction\": 0.1,\n            \"parallax\" : 0,\n            \"friction\": 0.6        }'\n        >\n        \n\n\t<div class=\"img has-hover x md-x lg-x y md-y lg-y\" id=\"image_2000110535\">\n\t\t<a class=\"image-lightbox lightbox-gallery\" href=\"https:\/\/www.hotelexcelsior.fr\/wp-content\/uploads\/2019\/10\/6-1024x683.jpg\" title=\"\">\t\t\t\t\t\t<div class=\"img-inner dark\" >\n\t\t\t<img loading=\"lazy\" decoding=\"async\" width=\"1020\" height=\"680\" src=\"https:\/\/www.hotelexcelsior.fr\/wp-content\/uploads\/2019\/10\/6-1024x683.jpg\" class=\"attachment-large size-large\" alt=\"HOTEL EXCELSIOR PARIS\" srcset=\"https:\/\/www.hotelexcelsior.fr\/wp-content\/uploads\/2019\/10\/6-1024x683.jpg 1024w, https:\/\/www.hotelexcelsior.fr\/wp-content\/uploads\/2019\/10\/6-300x200.jpg 300w, https:\/\/www.hotelexcelsior.fr\/wp-content\/uploads\/2019\/10\/6-768x512.jpg 768w, https:\/\/www.hotelexcelsior.fr\/wp-content\/uploads\/2019\/10\/6.jpg 1600w\" sizes=\"(max-width: 1020px) 100vw, 1020px\" \/>\t\t\t\t\t\t\n\t\t\t\t\t<\/div>\n\t\t\t\t\t\t<\/a>\t\t\n<style scope=\"scope\">\n\n#image_2000110535 {\n  width: 100%;\n}\n<\/style>\n\t<\/div>\n\t\n\n\n     <\/div>\n\n     <div class=\"loading-spin dark large centered\"><\/div>\n\n     <style scope=\"scope\">\n             <\/style>\n<\/div><!-- .ux-slider-wrapper -->\n\n\n<div class=\"row row-collapse\"  id=\"row-1255204256\">\n\n<div class=\"col small-12 large-12\"  ><div class=\"col-inner\" style=\"padding:10px 10px 10px 10px;\" >\n\n<h3>Doppia<\/h3>\n<h4>2 persone &#8211; 1 letto matrimoniale <\/h4>\n<p>Le nostre luminose camere doppie sono accoglienti e confortevoli.<\/p>\n<a rel=\"noopener noreferrer\" href=\"https:\/\/secure.reservit.com\/reservit\/reserhotel.php?lang=IT&#038;id=2&#038;hotelid=6115\" target=\"_blank\" class=\"button primary is-small expand\"  >\n    <span>Prenotare<\/span>\n  <\/a>\n\n\n\n<\/div><\/div>\n\n\n<style scope=\"scope\">\n\n#row-1255204256 > .col > .col-inner {\n  padding: 0 0px 0px 0px;\n}\n<\/style>\n<\/div>\n\n<\/div><\/div>\n<div class=\"col medium-4 small-12 large-4\"  ><div class=\"col-inner box-shadow-3\"  >\n\n<div class=\"slider-wrapper relative\" id=\"slider-435133139\" >\n    <div class=\"slider slider-nav-circle slider-nav-large slider-nav-light slider-style-normal\"\n        data-flickity-options='{\n            \"cellAlign\": \"center\",\n            \"imagesLoaded\": true,\n            \"lazyLoad\": 1,\n            \"freeScroll\": false,\n            \"wrapAround\": true,\n            \"autoPlay\": 6000,\n            \"pauseAutoPlayOnHover\" : true,\n            \"prevNextButtons\": true,\n            \"contain\" : true,\n            \"adaptiveHeight\" : true,\n            \"dragThreshold\" : 10,\n            \"percentPosition\": true,\n            \"pageDots\": false,\n            \"rightToLeft\": false,\n            \"draggable\": true,\n            \"selectedAttraction\": 0.1,\n            \"parallax\" : 0,\n            \"friction\": 0.6        }'\n        >\n        \n\n\t<div class=\"img has-hover x md-x lg-x y md-y lg-y\" id=\"image_1538943376\">\n\t\t<a class=\"image-lightbox lightbox-gallery\" href=\"https:\/\/www.hotelexcelsior.fr\/wp-content\/uploads\/2019\/10\/5-1024x683.jpg\" title=\"\">\t\t\t\t\t\t<div class=\"img-inner dark\" >\n\t\t\t<img loading=\"lazy\" decoding=\"async\" width=\"1020\" height=\"680\" src=\"https:\/\/www.hotelexcelsior.fr\/wp-content\/uploads\/2019\/10\/5-1024x683.jpg\" class=\"attachment-large size-large\" alt=\"HOTEL EXCELSIOR PARIS\" srcset=\"https:\/\/www.hotelexcelsior.fr\/wp-content\/uploads\/2019\/10\/5-1024x683.jpg 1024w, https:\/\/www.hotelexcelsior.fr\/wp-content\/uploads\/2019\/10\/5-300x200.jpg 300w, https:\/\/www.hotelexcelsior.fr\/wp-content\/uploads\/2019\/10\/5-768x512.jpg 768w, https:\/\/www.hotelexcelsior.fr\/wp-content\/uploads\/2019\/10\/5.jpg 1600w\" sizes=\"(max-width: 1020px) 100vw, 1020px\" \/>\t\t\t\t\t\t\n\t\t\t\t\t<\/div>\n\t\t\t\t\t\t<\/a>\t\t\n<style scope=\"scope\">\n\n#image_1538943376 {\n  width: 100%;\n}\n<\/style>\n\t<\/div>\n\t\n\n\n     <\/div>\n\n     <div class=\"loading-spin dark large centered\"><\/div>\n\n     <style scope=\"scope\">\n             <\/style>\n<\/div><!-- .ux-slider-wrapper -->\n\n\n<div class=\"row row-collapse\"  id=\"row-118398379\">\n\n<div class=\"col small-12 large-12\"  ><div class=\"col-inner\" style=\"padding:10px 10px 10px 10px;\" >\n\n<h3>Twin<\/h3>\n<h4>2 persone &#8211; 2 letti singoli<\/h4>\n<p>Le nostre luminose camere twin sono accoglienti e confortevoli.<\/p>\n<a rel=\"noopener noreferrer\" href=\"https:\/\/secure.reservit.com\/reservit\/reserhotel.php?lang=IT&#038;id=2&#038;hotelid=6115\" target=\"_blank\" class=\"button primary is-small expand\"  >\n    <span>Prenotare<\/span>\n  <\/a>\n\n\n\n<\/div><\/div>\n\n\n<style scope=\"scope\">\n\n#row-118398379 > .col > .col-inner {\n  padding: 0 0px 0px 0px;\n}\n<\/style>\n<\/div>\n\n<\/div><\/div>\n<div class=\"col medium-4 small-12 large-4\"  ><div class=\"col-inner box-shadow-3\"  >\n\n<div class=\"slider-wrapper relative\" id=\"slider-332152180\" >\n    <div class=\"slider slider-nav-circle slider-nav-large slider-nav-light slider-style-normal\"\n        data-flickity-options='{\n            \"cellAlign\": \"center\",\n            \"imagesLoaded\": true,\n            \"lazyLoad\": 1,\n            \"freeScroll\": false,\n            \"wrapAround\": true,\n            \"autoPlay\": 6000,\n            \"pauseAutoPlayOnHover\" : true,\n            \"prevNextButtons\": true,\n            \"contain\" : true,\n            \"adaptiveHeight\" : true,\n            \"dragThreshold\" : 10,\n            \"percentPosition\": true,\n            \"pageDots\": false,\n            \"rightToLeft\": false,\n            \"draggable\": true,\n            \"selectedAttraction\": 0.1,\n            \"parallax\" : 0,\n            \"friction\": 0.6        }'\n        >\n        \n\n\t<div class=\"img has-hover x md-x lg-x y md-y lg-y\" id=\"image_1773640255\">\n\t\t<a class=\"image-lightbox lightbox-gallery\" href=\"https:\/\/www.hotelexcelsior.fr\/wp-content\/uploads\/2019\/10\/hotel-excelsior-chambre-02-01-md-1024x683.jpg\" title=\"\">\t\t\t\t\t\t<div class=\"img-inner dark\" >\n\t\t\t<img loading=\"lazy\" decoding=\"async\" width=\"1020\" height=\"680\" src=\"https:\/\/www.hotelexcelsior.fr\/wp-content\/uploads\/2019\/10\/hotel-excelsior-chambre-02-01-md-1024x683.jpg\" class=\"attachment-large size-large\" alt=\"HOTEL EXCELSIOR PARIS\" srcset=\"https:\/\/www.hotelexcelsior.fr\/wp-content\/uploads\/2019\/10\/hotel-excelsior-chambre-02-01-md-1024x683.jpg 1024w, https:\/\/www.hotelexcelsior.fr\/wp-content\/uploads\/2019\/10\/hotel-excelsior-chambre-02-01-md-300x200.jpg 300w, https:\/\/www.hotelexcelsior.fr\/wp-content\/uploads\/2019\/10\/hotel-excelsior-chambre-02-01-md-768x512.jpg 768w, https:\/\/www.hotelexcelsior.fr\/wp-content\/uploads\/2019\/10\/hotel-excelsior-chambre-02-01-md.jpg 1600w\" sizes=\"(max-width: 1020px) 100vw, 1020px\" \/>\t\t\t\t\t\t\n\t\t\t\t\t<\/div>\n\t\t\t\t\t\t<\/a>\t\t\n<style scope=\"scope\">\n\n#image_1773640255 {\n  width: 100%;\n}\n<\/style>\n\t<\/div>\n\t\n\n\n     <\/div>\n\n     <div class=\"loading-spin dark large centered\"><\/div>\n\n     <style scope=\"scope\">\n             <\/style>\n<\/div><!-- .ux-slider-wrapper -->\n\n\n<div class=\"row row-collapse\"  id=\"row-1719833125\">\n\n<div class=\"col small-12 large-12\"  ><div class=\"col-inner\" style=\"padding:10px 10px 10px 10px;\" >\n\n<h3>Tripla<\/h3>\n<h4>3 persone<br \/>1 letto matrimoniale + 1 letto singolo<\/h4>\n<p>Lasciatevi sedurre dalle nostre accoglienti e luminose camere triple. Sono l\u2019ideale per trascorrere una vacanza in famiglia.<\/p>\n<a rel=\"noopener noreferrer\" href=\"https:\/\/secure.reservit.com\/reservit\/reserhotel.php?lang=IT&#038;id=2&#038;hotelid=6115\" target=\"_blank\" class=\"button primary is-small expand\"  >\n    <span>Prenotare<\/span>\n  <\/a>\n\n\n\n<\/div><\/div>\n\n\n<style scope=\"scope\">\n\n#row-1719833125 > .col > .col-inner {\n  padding: 0 0px 0px 0px;\n}\n<\/style>\n<\/div>\n\n<\/div><\/div>\n<div class=\"col medium-4 small-12 large-4\"  ><div class=\"col-inner box-shadow-3\"  >\n\n<div class=\"slider-wrapper relative\" id=\"slider-800000909\" >\n    <div class=\"slider slider-nav-circle slider-nav-large slider-nav-light slider-style-normal\"\n        data-flickity-options='{\n            \"cellAlign\": \"center\",\n            \"imagesLoaded\": true,\n            \"lazyLoad\": 1,\n            \"freeScroll\": false,\n            \"wrapAround\": true,\n            \"autoPlay\": 6000,\n            \"pauseAutoPlayOnHover\" : true,\n            \"prevNextButtons\": true,\n            \"contain\" : true,\n            \"adaptiveHeight\" : true,\n            \"dragThreshold\" : 10,\n            \"percentPosition\": true,\n            \"pageDots\": false,\n            \"rightToLeft\": false,\n            \"draggable\": true,\n            \"selectedAttraction\": 0.1,\n            \"parallax\" : 0,\n            \"friction\": 0.6        }'\n        >\n        \n\n\t<div class=\"img has-hover x md-x lg-x y md-y lg-y\" id=\"image_1348579491\">\n\t\t<a class=\"image-lightbox lightbox-gallery\" href=\"https:\/\/www.hotelexcelsior.fr\/wp-content\/uploads\/2019\/10\/4-1024x683.jpg\" title=\"\">\t\t\t\t\t\t<div class=\"img-inner dark\" >\n\t\t\t<img loading=\"lazy\" decoding=\"async\" width=\"1020\" height=\"680\" src=\"https:\/\/www.hotelexcelsior.fr\/wp-content\/uploads\/2019\/10\/4-1024x683.jpg\" class=\"attachment-large size-large\" alt=\"HOTEL EXCELSIOR PARIS\" srcset=\"https:\/\/www.hotelexcelsior.fr\/wp-content\/uploads\/2019\/10\/4-1024x683.jpg 1024w, https:\/\/www.hotelexcelsior.fr\/wp-content\/uploads\/2019\/10\/4-300x200.jpg 300w, https:\/\/www.hotelexcelsior.fr\/wp-content\/uploads\/2019\/10\/4-768x512.jpg 768w, https:\/\/www.hotelexcelsior.fr\/wp-content\/uploads\/2019\/10\/4.jpg 1600w\" sizes=\"(max-width: 1020px) 100vw, 1020px\" \/>\t\t\t\t\t\t\n\t\t\t\t\t<\/div>\n\t\t\t\t\t\t<\/a>\t\t\n<style scope=\"scope\">\n\n#image_1348579491 {\n  width: 100%;\n}\n<\/style>\n\t<\/div>\n\t\n\n\n     <\/div>\n\n     <div class=\"loading-spin dark large centered\"><\/div>\n\n     <style scope=\"scope\">\n             <\/style>\n<\/div><!-- .ux-slider-wrapper -->\n\n\n<div class=\"row row-collapse\"  id=\"row-2144221490\">\n\n<div class=\"col small-12 large-12\"  ><div class=\"col-inner\" style=\"padding:10px 10px 10px 10px;\" >\n\n<h3>Quadrupla<\/h3>\n<h4>4 persone <br \/>4letti singoli<\/h4>\n<p>Lasciatevi sedurre dalle nostre accoglienti e luminose camere quadruple. Sono l\u2019ideale per trascorrere una vacanza in famiglia.<\/p>\n<a rel=\"noopener noreferrer\" href=\"https:\/\/secure.reservit.com\/reservit\/reserhotel.php?lang=IT&#038;id=2&#038;hotelid=6115\" target=\"_blank\" class=\"button primary is-small expand\"  >\n    <span>Prenotare<\/span>\n  <\/a>\n\n\n\n<\/div><\/div>\n\n\n<style scope=\"scope\">\n\n#row-2144221490 > .col > .col-inner {\n  padding: 0 0px 0px 0px;\n}\n<\/style>\n<\/div>\n\n<\/div><\/div>\n\n<\/div>\n<div class=\"text-center\"><div class=\"is-divider divider clearfix\" style=\"margin-top:2em;margin-bottom:2em;max-width:100%;background-color:rgb(222, 206, 183);\"><\/div><\/div><!-- .divider -->\n\n<div class=\"row\"  id=\"row-158192608\">\n\n<div class=\"col medium-7 small-12 large-7\"  ><div class=\"col-inner\"  >\n\n<h3>Gli equipaggiamenti della camera<\/h3>\n<p>Ciascuna delle nostre camere dispone di:<\/p>\n<ul>\n<li>Bagno con doccia e WC<\/li>\n<li>Asciugacapelli<\/li>\n<li>Televisore<\/li>\n<li>Telefono<\/li>\n<li>Accesso gratuito al Wi-Fi<\/li>\n<\/ul>\n<p>Tutte le camere del nostro hotel sono diverse e ciascuna ha il suo fascino. Alcune dispongono di un balcone.<\/p>\n<a rel=\"noopener noreferrer\" href=\"https:\/\/secure.reservit.com\/reservit\/reserhotel.php?lang=IT&#038;id=2&#038;hotelid=6115\" target=\"_blank\" class=\"button primary is-underline is-small expand\"  >\n    <span>Prenotare<\/span>\n  <\/a>\n\n\n<h4 style=\"margin-top:30px;\">Condizioni di pagamento:<\/h4>\n<p>Carta di credito (bancomat, Visa, Master Card, Visa Electron, Maestro), traveler&#8217;s cheque in euro, contanti<br \/>\nAnnullamento possibile fino a 48 ore prima dell\u2019arrivo. Dopo tale termine sar\u00e0 fatturata la prima notte.<\/p>\n\n<\/div><\/div>\n<div class=\"col medium-5 small-12 large-5\"  ><div class=\"col-inner\" style=\"background-color:rgb(222, 206, 183);padding:20px 20px 20px 20px;\" >\n\n<h3>Informazioni pratiche<\/h3>\n<ul style=\"line-height: 18px;\">\n<li>Check-in dalle ore 14:00<\/li>\n<li>Check-out al pi\u00f9 tardi alle ore 11:00<\/li>\n<li>Reception 24 ore su 24<\/li>\n<li>Colazione in sala o in camera dalle 7:00 alle 10:00<\/li>\n<li>Deposito bagagli<\/li>\n<li>Cassaforte alla reception<\/li>\n<li>Doppi vetri<\/li>\n<li>Giornali alla reception<\/li>\n<li>Prenotazione del taxi<\/li>\n<li>Prenotazione della navetta per l\u2019aeroporto<\/li>\n<li>Digitale terrestre <\/li>\n<li>TV a schermo piatto<\/li>\n<li>Asciugacapelli<\/li>\n<li>Telefono &#8211; Fax alla reception<\/li>\n<li>Lettino per neonati (su richiesta al momento della prenotazione)<\/li>\n<li>Hotel non fumatori<\/li>\n<\/ul>\n\n<\/div><\/div>\n\n\n<style scope=\"scope\">\n\n#row-158192608 > .col > .col-inner {\n  padding: 0px 0px 0px 0px;\n}\n<\/style>\n<\/div>\n\n\t\t<\/div><!-- .section-content -->\n\n\t\t\n<style scope=\"scope\">\n\n#section_1419787047 {\n  padding-top: 30px;\n  padding-bottom: 30px;\n  margin-bottom: 0px;\n}\n<\/style>\n\t<\/section>\n\t\n\n","protected":false},"excerpt":{"rendered":"","protected":false},"author":1,"featured_media":0,"parent":0,"menu_order":0,"comment_status":"closed","ping_status":"closed","template":"page-blank.php","meta":{"footnotes":""},"yoast_head":"<!-- This site is optimized with the Yoast SEO plugin v22.0 - https:\/\/yoast.com\/wordpress\/plugins\/seo\/ -->\n<title>Le camere dell\u2019hotel Excelsior R\u00e9publique Parigi - Place de La R\u00e9publique<\/title>\n<meta name=\"description\" content=\"Le camere dell\u2019hotel Excelsior R\u00e9publique Parigi, L\u2019hotel dispone di 34 camere perfettamente equipaggiate e con doppi vetri.\" \/>\n<meta name=\"robots\" content=\"index, follow, max-snippet:-1, max-image-preview:large, max-video-preview:-1\" \/>\n<link rel=\"canonical\" href=\"https:\/\/www.hotelexcelsior.fr\/it\/camere-hotel-excelsior-paris\/\" \/>\n<meta property=\"og:locale\" content=\"it_IT\" \/>\n<meta property=\"og:type\" content=\"article\" \/>\n<meta property=\"og:title\" content=\"Le camere dell\u2019hotel Excelsior R\u00e9publique Parigi - Place de La R\u00e9publique\" \/>\n<meta property=\"og:description\" content=\"Le camere dell\u2019hotel Excelsior R\u00e9publique Parigi, L\u2019hotel dispone di 34 camere perfettamente equipaggiate e con doppi vetri.\" \/>\n<meta property=\"og:url\" content=\"https:\/\/www.hotelexcelsior.fr\/it\/camere-hotel-excelsior-paris\/\" \/>\n<meta property=\"og:site_name\" content=\"H\u00f4tel Excelsior R\u00e9publique\" \/>\n<meta property=\"article:modified_time\" content=\"2024-02-22T13:46:01+00:00\" \/>\n<meta name=\"twitter:card\" content=\"summary_large_image\" \/>\n<script type=\"application\/ld+json\" class=\"yoast-schema-graph\">{\"@context\":\"https:\/\/schema.org\",\"@graph\":[{\"@type\":\"WebPage\",\"@id\":\"https:\/\/www.hotelexcelsior.fr\/it\/camere-hotel-excelsior-paris\/\",\"url\":\"https:\/\/www.hotelexcelsior.fr\/it\/camere-hotel-excelsior-paris\/\",\"name\":\"Le camere dell\u2019hotel Excelsior R\u00e9publique Parigi - Place de La R\u00e9publique\",\"isPartOf\":{\"@id\":\"https:\/\/www.hotelexcelsior.fr\/#website\"},\"datePublished\":\"2019-10-15T07:10:58+00:00\",\"dateModified\":\"2024-02-22T13:46:01+00:00\",\"description\":\"Le camere dell\u2019hotel Excelsior R\u00e9publique Parigi, L\u2019hotel dispone di 34 camere perfettamente equipaggiate e con doppi vetri.\",\"breadcrumb\":{\"@id\":\"https:\/\/www.hotelexcelsior.fr\/it\/camere-hotel-excelsior-paris\/#breadcrumb\"},\"inLanguage\":\"it-IT\",\"potentialAction\":[{\"@type\":\"ReadAction\",\"target\":[\"https:\/\/www.hotelexcelsior.fr\/it\/camere-hotel-excelsior-paris\/\"]}]},{\"@type\":\"BreadcrumbList\",\"@id\":\"https:\/\/www.hotelexcelsior.fr\/it\/camere-hotel-excelsior-paris\/#breadcrumb\",\"itemListElement\":[{\"@type\":\"ListItem\",\"position\":1,\"name\":\"Accueil\",\"item\":\"https:\/\/www.hotelexcelsior.fr\/it\/\"},{\"@type\":\"ListItem\",\"position\":2,\"name\":\"Chambres\"}]},{\"@type\":\"WebSite\",\"@id\":\"https:\/\/www.hotelexcelsior.fr\/#website\",\"url\":\"https:\/\/www.hotelexcelsior.fr\/\",\"name\":\"H\u00f4tel Excelsior R\u00e9publique\",\"description\":\"H\u00f4tel proche de la place de la R\u00e9publique\",\"potentialAction\":[{\"@type\":\"SearchAction\",\"target\":{\"@type\":\"EntryPoint\",\"urlTemplate\":\"https:\/\/www.hotelexcelsior.fr\/?s={search_term_string}\"},\"query-input\":\"required name=search_term_string\"}],\"inLanguage\":\"it-IT\"}]}<\/script>\n<!-- \/ Yoast SEO plugin. -->","yoast_head_json":{"title":"Le camere dell\u2019hotel Excelsior R\u00e9publique Parigi - Place de La R\u00e9publique","description":"Le camere dell\u2019hotel Excelsior R\u00e9publique Parigi, L\u2019hotel dispone di 34 camere perfettamente equipaggiate e con doppi vetri.","robots":{"index":"index","follow":"follow","max-snippet":"max-snippet:-1","max-image-preview":"max-image-preview:large","max-video-preview":"max-video-preview:-1"},"canonical":"https:\/\/www.hotelexcelsior.fr\/it\/camere-hotel-excelsior-paris\/","og_locale":"it_IT","og_type":"article","og_title":"Le camere dell\u2019hotel Excelsior R\u00e9publique Parigi - Place de La R\u00e9publique","og_description":"Le camere dell\u2019hotel Excelsior R\u00e9publique Parigi, L\u2019hotel dispone di 34 camere perfettamente equipaggiate e con doppi vetri.","og_url":"https:\/\/www.hotelexcelsior.fr\/it\/camere-hotel-excelsior-paris\/","og_site_name":"H\u00f4tel Excelsior R\u00e9publique","article_modified_time":"2024-02-22T13:46:01+00:00","twitter_card":"summary_large_image","schema":{"@context":"https:\/\/schema.org","@graph":[{"@type":"WebPage","@id":"https:\/\/www.hotelexcelsior.fr\/it\/camere-hotel-excelsior-paris\/","url":"https:\/\/www.hotelexcelsior.fr\/it\/camere-hotel-excelsior-paris\/","name":"Le camere dell\u2019hotel Excelsior R\u00e9publique Parigi - Place de La R\u00e9publique","isPartOf":{"@id":"https:\/\/www.hotelexcelsior.fr\/#website"},"datePublished":"2019-10-15T07:10:58+00:00","dateModified":"2024-02-22T13:46:01+00:00","description":"Le camere dell\u2019hotel Excelsior R\u00e9publique Parigi, L\u2019hotel dispone di 34 camere perfettamente equipaggiate e con doppi vetri.","breadcrumb":{"@id":"https:\/\/www.hotelexcelsior.fr\/it\/camere-hotel-excelsior-paris\/#breadcrumb"},"inLanguage":"it-IT","potentialAction":[{"@type":"ReadAction","target":["https:\/\/www.hotelexcelsior.fr\/it\/camere-hotel-excelsior-paris\/"]}]},{"@type":"BreadcrumbList","@id":"https:\/\/www.hotelexcelsior.fr\/it\/camere-hotel-excelsior-paris\/#breadcrumb","itemListElement":[{"@type":"ListItem","position":1,"name":"Accueil","item":"https:\/\/www.hotelexcelsior.fr\/it\/"},{"@type":"ListItem","position":2,"name":"Chambres"}]},{"@type":"WebSite","@id":"https:\/\/www.hotelexcelsior.fr\/#website","url":"https:\/\/www.hotelexcelsior.fr\/","name":"H\u00f4tel Excelsior R\u00e9publique","description":"H\u00f4tel proche de la place de la R\u00e9publique","potentialAction":[{"@type":"SearchAction","target":{"@type":"EntryPoint","urlTemplate":"https:\/\/www.hotelexcelsior.fr\/?s={search_term_string}"},"query-input":"required name=search_term_string"}],"inLanguage":"it-IT"}]}},"_links":{"self":[{"href":"https:\/\/www.hotelexcelsior.fr\/it\/wp-json\/wp\/v2\/pages\/230"}],"collection":[{"href":"https:\/\/www.hotelexcelsior.fr\/it\/wp-json\/wp\/v2\/pages"}],"about":[{"href":"https:\/\/www.hotelexcelsior.fr\/it\/wp-json\/wp\/v2\/types\/page"}],"author":[{"embeddable":true,"href":"https:\/\/www.hotelexcelsior.fr\/it\/wp-json\/wp\/v2\/users\/1"}],"replies":[{"embeddable":true,"href":"https:\/\/www.hotelexcelsior.fr\/it\/wp-json\/wp\/v2\/comments?post=230"}],"version-history":[{"count":7,"href":"https:\/\/www.hotelexcelsior.fr\/it\/wp-json\/wp\/v2\/pages\/230\/revisions"}],"predecessor-version":[{"id":494,"href":"https:\/\/www.hotelexcelsior.fr\/it\/wp-json\/wp\/v2\/pages\/230\/revisions\/494"}],"wp:attachment":[{"href":"https:\/\/www.hotelexcelsior.fr\/it\/wp-json\/wp\/v2\/media?parent=230"}],"curies":[{"name":"wp","href":"https:\/\/api.w.org\/{rel}","templated":true}]}}