{"id":174,"date":"2019-10-15T10:59:40","date_gmt":"2019-10-15T08:59:40","guid":{"rendered":"http:\/\/hotelexcelsior.fr\/new\/quartier-hotel-excelsior-paris\/"},"modified":"2019-10-18T11:54:48","modified_gmt":"2019-10-18T09:54:48","slug":"disstrict-hotel-excelsior-paris","status":"publish","type":"page","link":"https:\/\/www.hotelexcelsior.fr\/en\/disstrict-hotel-excelsior-paris\/","title":{"rendered":"Quartier"},"content":{"rendered":"\n\t<section class=\"section\" id=\"section_853173384\">\n\t\t<div class=\"bg section-bg fill bg-fill  bg-loaded\" >\n\n\t\t\t\n\t\t\t\n\t\t\t\n\n\t\t<\/div><!-- .section-bg -->\n\n\t\t<div class=\"section-content relative\">\n\t\t\t\n\n<p><iframe loading=\"lazy\" width=\"100%\" height=\"350\" frameborder=\"0\" scrolling=\"no\" marginheight=\"0\" marginwidth=\"0\" src=\"https:\/\/maps.google.fr\/maps?f=q&amp;source=s_q&amp;hl=fr&amp;geocode=&amp;q=4+Rue+de+Lancry,+75010+Paris&amp;aq=&amp;sll=48.86878,2.360129&amp;sspn=0.011913,0.027874&amp;ie=UTF8&amp;hq=&amp;hnear=4+Rue+de+Lancry,+75010+Paris,+%C3%8Ele-de-France&amp;t=m&amp;ll=48.87228,2.361546&amp;spn=0.019759,0.05579&amp;z=14&amp;iwloc=A&amp;output=embed\"><\/iframe><\/p>\n<div class=\"row\"  id=\"row-597019502\">\n\n<div class=\"col small-12 large-12\"  ><div class=\"col-inner\"  >\n\n<h1 style=\"text-align: center;\">The district of the Hotel Excelsior R\u00e9publique<\/h1>\n<p style=\"text-align: center;\">The proximity of metro line 3, direct to Opera or Saint Lazare station and its department stores (including Galeries Lafayette) make this hotel an ideal place for a typical Parisian stay.<\/p>\n\n<\/div><\/div>\n\n<\/div>\n\n\t\t<\/div><!-- .section-content -->\n\n\t\t\n<style scope=\"scope\">\n\n#section_853173384 {\n  padding-top: 0px;\n  padding-bottom: 0px;\n  margin-bottom: 0px;\n}\n<\/style>\n\t<\/section>\n\t\n\t<section class=\"section\" id=\"section_889651151\">\n\t\t<div class=\"bg section-bg fill bg-fill  bg-loaded\" >\n\n\t\t\t\n\t\t\t\n\t\t\t\n\n\t\t<\/div><!-- .section-bg -->\n\n\t\t<div class=\"section-content relative\">\n\t\t\t\n\n<div class=\"row\"  id=\"row-1504461813\">\n\n<div class=\"col medium-5 small-12 large-5 medium-col-first\"  ><div class=\"col-inner\"  >\n\n<div class=\"slider-wrapper relative\" id=\"slider-926916527\" style=\"margin-bottom:20px;\">\n    <div class=\"slider slider-nav-circle slider-nav-large slider-nav-light slider-style-normal\"\n        data-flickity-options='{\n            \"cellAlign\": \"center\",\n            \"imagesLoaded\": true,\n            \"lazyLoad\": 1,\n            \"freeScroll\": false,\n            \"wrapAround\": true,\n            \"autoPlay\": 6000,\n            \"pauseAutoPlayOnHover\" : true,\n            \"prevNextButtons\": true,\n            \"contain\" : true,\n            \"adaptiveHeight\" : true,\n            \"dragThreshold\" : 10,\n            \"percentPosition\": true,\n            \"pageDots\": true,\n            \"rightToLeft\": false,\n            \"draggable\": true,\n            \"selectedAttraction\": 0.1,\n            \"parallax\" : 0,\n            \"friction\": 0.6        }'\n        >\n        \n\n\t<div class=\"img has-hover x md-x lg-x y md-y lg-y\" id=\"image_1704897762\">\n\t\t\t\t\t\t\t\t<div class=\"img-inner dark\" >\n\t\t\t<img loading=\"lazy\" decoding=\"async\" width=\"650\" height=\"433\" src=\"https:\/\/www.hotelexcelsior.fr\/wp-content\/uploads\/2019\/10\/1-1.jpg\" class=\"attachment-large size-large\" alt=\"Place de la R\u00e9publique\" srcset=\"https:\/\/www.hotelexcelsior.fr\/wp-content\/uploads\/2019\/10\/1-1.jpg 650w, https:\/\/www.hotelexcelsior.fr\/wp-content\/uploads\/2019\/10\/1-1-300x200.jpg 300w\" sizes=\"(max-width: 650px) 100vw, 650px\" \/>\t\t\t\t\t\t\n\t\t\t\t\t<\/div>\n\t\t\t\t\t\t\t\t\n<style scope=\"scope\">\n\n#image_1704897762 {\n  width: 100%;\n}\n<\/style>\n\t<\/div>\n\t\n\n\t<div class=\"img has-hover x md-x lg-x y md-y lg-y\" id=\"image_933191425\">\n\t\t\t\t\t\t\t\t<div class=\"img-inner dark\" >\n\t\t\t<img loading=\"lazy\" decoding=\"async\" width=\"650\" height=\"433\" src=\"https:\/\/www.hotelexcelsior.fr\/wp-content\/uploads\/2019\/10\/2-1.jpg\" class=\"attachment-large size-large\" alt=\"Place de la R\u00e9publique\" srcset=\"https:\/\/www.hotelexcelsior.fr\/wp-content\/uploads\/2019\/10\/2-1.jpg 650w, https:\/\/www.hotelexcelsior.fr\/wp-content\/uploads\/2019\/10\/2-1-300x200.jpg 300w\" sizes=\"(max-width: 650px) 100vw, 650px\" \/>\t\t\t\t\t\t\n\t\t\t\t\t<\/div>\n\t\t\t\t\t\t\t\t\n<style scope=\"scope\">\n\n#image_933191425 {\n  width: 100%;\n}\n<\/style>\n\t<\/div>\n\t\n\n\n     <\/div>\n\n     <div class=\"loading-spin dark large centered\"><\/div>\n\n     <style scope=\"scope\">\n             <\/style>\n<\/div><!-- .ux-slider-wrapper -->\n\n\n<h3>Public transport<\/h3>\n<p><strong>&#8211; Metro :<\/strong> R\u00e9publique<br><strong>&#8211; RER :<\/strong> Gare du Nord<br><strong>&#8211; Bus :<\/strong> ligne 20 \u2013 54 \u2013 56 \u2013 65 &#8211; 75<br><strong>&#8211; Stations:<\/strong> Nord &#8211; Est &#8211; Lyon<\/p>\n\n<\/div><\/div>\n<div class=\"col medium-7 small-12 large-7\"  ><div class=\"col-inner\"  >\n\n<h3>Place de La R\u00e9publique<\/h3>\n<p>The veritable heart of the city, Place de la R\u00e9publique is a very lively and popular neighbourhood of Paris. It is also one of the largest Paris squares (280m x 120m, 3.6 ha), created in the 19th century.<\/p>\n<p>At its centre is the 9.5 metre bronze Statue de la R\u00e9publique, inaugurated in 1883. Standing on a 15.5 metre pedestal, it is a monument in the capital to the glory of the Republic.<\/p>\n<p>The Square was given its present name only in 1889.<br>Three large stone statues on the pedestal represent: Liberty, holding broken chains and brandishing a torch; Equality) holding the tricolour flag and a levelling square; and Fraternity surrounded by agricultural symbols and children reading.<br>A 3 metre-high green bronze lion, lying at the foot of the monument in front of an urn, symbolises universal suffrage.<\/p>\n\n<\/div><\/div>\n\n<\/div>\n\n\t\t<\/div><!-- .section-content -->\n\n\t\t\n<style scope=\"scope\">\n\n#section_889651151 {\n  padding-top: 0px;\n  padding-bottom: 0px;\n}\n<\/style>\n\t<\/section>\n\t\n\t<section class=\"section\" id=\"section_1283155644\">\n\t\t<div class=\"bg section-bg fill bg-fill  \" >\n\n\t\t\t\n\t\t\t\n\t\t\t\n\n\t\t<\/div><!-- .section-bg -->\n\n\t\t<div class=\"section-content relative\">\n\t\t\t\n\n\n\t\t<\/div><!-- .section-content -->\n\n\t\t\n<style scope=\"scope\">\n\n#section_1283155644 {\n  padding-top: 0px;\n  padding-bottom: 0px;\n  min-height: 200px;\n}\n#section_1283155644 .section-bg.bg-loaded {\n  background-image: url(https:\/\/www.hotelexcelsior.fr\/wp-content\/uploads\/2019\/10\/musee-arts-metiers.jpg);\n}\n#section_1283155644 .section-bg {\n  background-position: bottom;\n}\n<\/style>\n\t<\/section>\n\t\n\t<section class=\"section\" id=\"section_1473457907\">\n\t\t<div class=\"bg section-bg fill bg-fill  bg-loaded\" >\n\n\t\t\t\n\t\t\t\n\t\t\t\n\n\t\t<\/div><!-- .section-bg -->\n\n\t\t<div class=\"section-content relative\">\n\t\t\t\n\n<div class=\"row\"  id=\"row-128293040\">\n\n<div class=\"col medium-6 small-12 large-6\"  ><div class=\"col-inner\"  >\n\n<h3>Mus\u00e9e and Conservatoire des Arts et M\u00e9tiers (CNAM)<\/h3>\n<p>60 Rue R\u00e9aumur 75003 Paris, France<br>Tel : +33 1 53 01 82 00<\/p>\n<p><strong>M\u00e9tro :<\/strong><br>Lines 3 and 11 \u2013 &#8220;Arts-et-M\u00e9tiers&#8221; Station<br>Line 4 \u2013 &#8220;R\u00e9aumur-S\u00e9bastopol&#8221; Station<\/p>\n<p>The Conservatoire des Arts et M\u00e9tiers (Conservatory of Arts and Crafts), founded in 1794, was originally set up to train technicians and engineers.<br>The very large architectural complex was given to the Conservatory in 1798.&nbsp;<\/p>\n\n<\/div><\/div>\n<div class=\"col medium-6 small-12 large-6\"  ><div class=\"col-inner\"  >\n\n<p>The first collections were assembled at the initiative of the French mechanic, Jacques de Vaucanson.<br>In order to encourage the dissemination of technical knowledge, which had previous been the reserve of an elite and disseminated via corporations and trades, the French Revolution sought to make the scientific and technical collections available to all citizens. Following the example of the National Natural History Museum, formed out of the former Jardin du Roi (the King\u2019s Garden), the Conservatoire des Arts et M\u00e9tiers amalgamated aristocrats\u2019 collections of physics-related objects and those of the former Acad\u00e9mie royale des sciences (Royal Academy of Sciences).<br>The museums galleries opened their doors in May 1802.<br>The permanent exhibition of the Mus\u00e9e des Arts et M\u00e9tiers (Museum of Arts and Crafts) is organised in seven thematic collections.<\/p>\n\n<\/div><\/div>\n\n<\/div>\n\n\t\t<\/div><!-- .section-content -->\n\n\t\t\n<style scope=\"scope\">\n\n#section_1473457907 {\n  padding-top: 30px;\n  padding-bottom: 30px;\n  margin-bottom: 0px;\n}\n<\/style>\n\t<\/section>\n\t\n\t<section class=\"section\" id=\"section_2079675291\">\n\t\t<div class=\"bg section-bg fill bg-fill  \" >\n\n\t\t\t\n\t\t\t\n\t\t\t\n\n\t\t<\/div><!-- .section-bg -->\n\n\t\t<div class=\"section-content relative\">\n\t\t\t\n\n\n\t\t<\/div><!-- .section-content -->\n\n\t\t\n<style scope=\"scope\">\n\n#section_2079675291 {\n  padding-top: 0px;\n  padding-bottom: 0px;\n  min-height: 200px;\n}\n#section_2079675291 .section-bg.bg-loaded {\n  background-image: url(https:\/\/www.hotelexcelsior.fr\/wp-content\/uploads\/2019\/10\/cirque-hiver.jpg);\n}\n#section_2079675291 .section-bg {\n  background-position: top;\n}\n<\/style>\n\t<\/section>\n\t\n\t<section class=\"section\" id=\"section_365211394\">\n\t\t<div class=\"bg section-bg fill bg-fill  bg-loaded\" >\n\n\t\t\t\n\t\t\t\n\t\t\t\n\n\t\t<\/div><!-- .section-bg -->\n\n\t\t<div class=\"section-content relative\">\n\t\t\t\n\n<div class=\"row\"  id=\"row-1447853709\">\n\n<div class=\"col medium-6 small-12 large-6\"  ><div class=\"col-inner\"  >\n\n<h3>In the evening:<\/h3>\n<p>Hotel Excelsior Republique is close to numerous theatres, such as:<br><br>&#8211; The Caveau de la R\u00e9publique: The Caveau means laughter and satire!<br>The theatre of humour, Discovery of talents<br>Bookings: 01 42 78 44 45<br>Caveau de la R\u00e9publique<br>1, blvd Saint-Martin,<br>75003 Paris&nbsp;<\/p>\n\n<\/div><\/div>\n<div class=\"col medium-6 small-12 large-6\"  ><div class=\"col-inner\"  >\n\n<h3>Family outings :<\/h3>\n<p>&#8211; The Winter Circus, just a few steps from the hotel. <\/p>\n<p>You will find acrobats, trapeze artists, tigers, dogs and horses, as well as the clowns and the orchestra of the Bouglione Family&#8217;s Winter Circus at the oldest circus in the world.\nBookings: 01 47 00 28 81<\/p>\n\n<\/div><\/div>\n\n<\/div>\n\n\t\t<\/div><!-- .section-content -->\n\n\t\t\n<style scope=\"scope\">\n\n#section_365211394 {\n  padding-top: 30px;\n  padding-bottom: 30px;\n}\n<\/style>\n\t<\/section>\n\t\n","protected":false},"excerpt":{"rendered":"","protected":false},"author":1,"featured_media":0,"parent":0,"menu_order":0,"comment_status":"closed","ping_status":"closed","template":"page-blank.php","meta":{"footnotes":""},"yoast_head":"<!-- This site is optimized with the Yoast SEO plugin v22.0 - https:\/\/yoast.com\/wordpress\/plugins\/seo\/ -->\n<title>The district of the Hotel Excelsior Paris - Hotel Place de La R\u00e9publique<\/title>\n<meta name=\"description\" content=\"The disctrict of the Excelsior R\u00e9publique ** hotel, right in the center of Paris, a stone&#039;s throw from Place de la R\u00e9publique and the Marais.\" \/>\n<meta name=\"robots\" content=\"index, follow, max-snippet:-1, max-image-preview:large, max-video-preview:-1\" \/>\n<link rel=\"canonical\" href=\"https:\/\/www.hotelexcelsior.fr\/en\/disstrict-hotel-excelsior-paris\/\" \/>\n<meta property=\"og:locale\" content=\"en_US\" \/>\n<meta property=\"og:type\" content=\"article\" \/>\n<meta property=\"og:title\" content=\"The district of the Hotel Excelsior Paris - Hotel Place de La R\u00e9publique\" \/>\n<meta property=\"og:description\" content=\"The disctrict of the Excelsior R\u00e9publique ** hotel, right in the center of Paris, a stone&#039;s throw from Place de la R\u00e9publique and the Marais.\" \/>\n<meta property=\"og:url\" content=\"https:\/\/www.hotelexcelsior.fr\/en\/disstrict-hotel-excelsior-paris\/\" \/>\n<meta property=\"og:site_name\" content=\"H\u00f4tel Excelsior R\u00e9publique\" \/>\n<meta property=\"article:modified_time\" content=\"2019-10-18T09:54:48+00:00\" \/>\n<meta name=\"twitter:card\" content=\"summary_large_image\" \/>\n<meta name=\"twitter:label1\" content=\"Est. reading time\" \/>\n\t<meta name=\"twitter:data1\" content=\"3 minutes\" \/>\n<script type=\"application\/ld+json\" class=\"yoast-schema-graph\">{\"@context\":\"https:\/\/schema.org\",\"@graph\":[{\"@type\":\"WebPage\",\"@id\":\"https:\/\/www.hotelexcelsior.fr\/en\/disstrict-hotel-excelsior-paris\/\",\"url\":\"https:\/\/www.hotelexcelsior.fr\/en\/disstrict-hotel-excelsior-paris\/\",\"name\":\"The district of the Hotel Excelsior Paris - Hotel Place de La R\u00e9publique\",\"isPartOf\":{\"@id\":\"https:\/\/www.hotelexcelsior.fr\/#website\"},\"datePublished\":\"2019-10-15T08:59:40+00:00\",\"dateModified\":\"2019-10-18T09:54:48+00:00\",\"description\":\"The disctrict of the Excelsior R\u00e9publique ** hotel, right in the center of Paris, a stone's throw from Place de la R\u00e9publique and the Marais.\",\"breadcrumb\":{\"@id\":\"https:\/\/www.hotelexcelsior.fr\/en\/disstrict-hotel-excelsior-paris\/#breadcrumb\"},\"inLanguage\":\"en-US\",\"potentialAction\":[{\"@type\":\"ReadAction\",\"target\":[\"https:\/\/www.hotelexcelsior.fr\/en\/disstrict-hotel-excelsior-paris\/\"]}]},{\"@type\":\"BreadcrumbList\",\"@id\":\"https:\/\/www.hotelexcelsior.fr\/en\/disstrict-hotel-excelsior-paris\/#breadcrumb\",\"itemListElement\":[{\"@type\":\"ListItem\",\"position\":1,\"name\":\"Accueil\",\"item\":\"https:\/\/www.hotelexcelsior.fr\/en\/\"},{\"@type\":\"ListItem\",\"position\":2,\"name\":\"Quartier\"}]},{\"@type\":\"WebSite\",\"@id\":\"https:\/\/www.hotelexcelsior.fr\/#website\",\"url\":\"https:\/\/www.hotelexcelsior.fr\/\",\"name\":\"H\u00f4tel Excelsior R\u00e9publique\",\"description\":\"H\u00f4tel proche de la place de la R\u00e9publique\",\"potentialAction\":[{\"@type\":\"SearchAction\",\"target\":{\"@type\":\"EntryPoint\",\"urlTemplate\":\"https:\/\/www.hotelexcelsior.fr\/?s={search_term_string}\"},\"query-input\":\"required name=search_term_string\"}],\"inLanguage\":\"en-US\"}]}<\/script>\n<!-- \/ Yoast SEO plugin. -->","yoast_head_json":{"title":"The district of the Hotel Excelsior Paris - Hotel Place de La R\u00e9publique","description":"The disctrict of the Excelsior R\u00e9publique ** hotel, right in the center of Paris, a stone's throw from Place de la R\u00e9publique and the Marais.","robots":{"index":"index","follow":"follow","max-snippet":"max-snippet:-1","max-image-preview":"max-image-preview:large","max-video-preview":"max-video-preview:-1"},"canonical":"https:\/\/www.hotelexcelsior.fr\/en\/disstrict-hotel-excelsior-paris\/","og_locale":"en_US","og_type":"article","og_title":"The district of the Hotel Excelsior Paris - Hotel Place de La R\u00e9publique","og_description":"The disctrict of the Excelsior R\u00e9publique ** hotel, right in the center of Paris, a stone's throw from Place de la R\u00e9publique and the Marais.","og_url":"https:\/\/www.hotelexcelsior.fr\/en\/disstrict-hotel-excelsior-paris\/","og_site_name":"H\u00f4tel Excelsior R\u00e9publique","article_modified_time":"2019-10-18T09:54:48+00:00","twitter_card":"summary_large_image","twitter_misc":{"Est. reading time":"3 minutes"},"schema":{"@context":"https:\/\/schema.org","@graph":[{"@type":"WebPage","@id":"https:\/\/www.hotelexcelsior.fr\/en\/disstrict-hotel-excelsior-paris\/","url":"https:\/\/www.hotelexcelsior.fr\/en\/disstrict-hotel-excelsior-paris\/","name":"The district of the Hotel Excelsior Paris - Hotel Place de La R\u00e9publique","isPartOf":{"@id":"https:\/\/www.hotelexcelsior.fr\/#website"},"datePublished":"2019-10-15T08:59:40+00:00","dateModified":"2019-10-18T09:54:48+00:00","description":"The disctrict of the Excelsior R\u00e9publique ** hotel, right in the center of Paris, a stone's throw from Place de la R\u00e9publique and the Marais.","breadcrumb":{"@id":"https:\/\/www.hotelexcelsior.fr\/en\/disstrict-hotel-excelsior-paris\/#breadcrumb"},"inLanguage":"en-US","potentialAction":[{"@type":"ReadAction","target":["https:\/\/www.hotelexcelsior.fr\/en\/disstrict-hotel-excelsior-paris\/"]}]},{"@type":"BreadcrumbList","@id":"https:\/\/www.hotelexcelsior.fr\/en\/disstrict-hotel-excelsior-paris\/#breadcrumb","itemListElement":[{"@type":"ListItem","position":1,"name":"Accueil","item":"https:\/\/www.hotelexcelsior.fr\/en\/"},{"@type":"ListItem","position":2,"name":"Quartier"}]},{"@type":"WebSite","@id":"https:\/\/www.hotelexcelsior.fr\/#website","url":"https:\/\/www.hotelexcelsior.fr\/","name":"H\u00f4tel Excelsior R\u00e9publique","description":"H\u00f4tel proche de la place de la R\u00e9publique","potentialAction":[{"@type":"SearchAction","target":{"@type":"EntryPoint","urlTemplate":"https:\/\/www.hotelexcelsior.fr\/?s={search_term_string}"},"query-input":"required name=search_term_string"}],"inLanguage":"en-US"}]}},"_links":{"self":[{"href":"https:\/\/www.hotelexcelsior.fr\/en\/wp-json\/wp\/v2\/pages\/174"}],"collection":[{"href":"https:\/\/www.hotelexcelsior.fr\/en\/wp-json\/wp\/v2\/pages"}],"about":[{"href":"https:\/\/www.hotelexcelsior.fr\/en\/wp-json\/wp\/v2\/types\/page"}],"author":[{"embeddable":true,"href":"https:\/\/www.hotelexcelsior.fr\/en\/wp-json\/wp\/v2\/users\/1"}],"replies":[{"embeddable":true,"href":"https:\/\/www.hotelexcelsior.fr\/en\/wp-json\/wp\/v2\/comments?post=174"}],"version-history":[{"count":4,"href":"https:\/\/www.hotelexcelsior.fr\/en\/wp-json\/wp\/v2\/pages\/174\/revisions"}],"predecessor-version":[{"id":218,"href":"https:\/\/www.hotelexcelsior.fr\/en\/wp-json\/wp\/v2\/pages\/174\/revisions\/218"}],"wp:attachment":[{"href":"https:\/\/www.hotelexcelsior.fr\/en\/wp-json\/wp\/v2\/media?parent=174"}],"curies":[{"name":"wp","href":"https:\/\/api.w.org\/{rel}","templated":true}]}}