{"id":172,"date":"2019-10-15T09:10:58","date_gmt":"2019-10-15T07:10:58","guid":{"rendered":"http:\/\/hotelexcelsior.fr\/new\/chambres-hotel-excelsior-paris\/"},"modified":"2024-02-23T10:11:42","modified_gmt":"2024-02-23T09:11:42","slug":"rooms-hotel-excelsior-paris","status":"publish","type":"page","link":"https:\/\/www.hotelexcelsior.fr\/en\/rooms-hotel-excelsior-paris\/","title":{"rendered":"Chambres"},"content":{"rendered":"\n\t<section class=\"section\" id=\"section_905190449\">\n\t\t<div class=\"bg section-bg fill bg-fill  bg-loaded\" >\n\n\t\t\t\n\t\t\t\n\t\t\t\n\n\t\t<\/div><!-- .section-bg -->\n\n\t\t<div class=\"section-content relative\">\n\t\t\t\n\n<div class=\"row\"  id=\"row-219524741\">\n\n<div class=\"col small-12 large-12\"  ><div class=\"col-inner\"  >\n\n<h1 style=\"text-align: center;\">The rooms at the hotel Excelsior R\u00e9publique<\/h1>\n<p style=\"text-align: center;\">The hotel offers 34 fully equipped rooms with double glazing.<\/p>\n\n<\/div><\/div>\n\n<\/div>\n<div class=\"row\"  id=\"row-1086101041\">\n\n<div class=\"col medium-4 small-12 large-4\"  ><div class=\"col-inner box-shadow-3\"  >\n\n<div class=\"slider-wrapper relative\" id=\"slider-1250240392\" >\n    <div class=\"slider slider-nav-circle slider-nav-large slider-nav-light slider-style-normal\"\n        data-flickity-options='{\n            \"cellAlign\": \"center\",\n            \"imagesLoaded\": true,\n            \"lazyLoad\": 1,\n            \"freeScroll\": false,\n            \"wrapAround\": true,\n            \"autoPlay\": 6000,\n            \"pauseAutoPlayOnHover\" : true,\n            \"prevNextButtons\": true,\n            \"contain\" : true,\n            \"adaptiveHeight\" : true,\n            \"dragThreshold\" : 10,\n            \"percentPosition\": true,\n            \"pageDots\": false,\n            \"rightToLeft\": false,\n            \"draggable\": true,\n            \"selectedAttraction\": 0.1,\n            \"parallax\" : 0,\n            \"friction\": 0.6        }'\n        >\n        \n\n\t<div class=\"img has-hover x md-x lg-x y md-y lg-y\" id=\"image_1089926258\">\n\t\t<a class=\"image-lightbox lightbox-gallery\" href=\"https:\/\/www.hotelexcelsior.fr\/wp-content\/uploads\/2019\/10\/hotel-excelsior-chambre-03-01-md-1024x683.jpg\" title=\"\">\t\t\t\t\t\t<div class=\"img-inner dark\" >\n\t\t\t<img loading=\"lazy\" decoding=\"async\" width=\"1020\" height=\"680\" src=\"https:\/\/www.hotelexcelsior.fr\/wp-content\/uploads\/2019\/10\/hotel-excelsior-chambre-03-01-md-1024x683.jpg\" class=\"attachment-large size-large\" alt=\"HOTEL EXCELSIOR PARIS\" srcset=\"https:\/\/www.hotelexcelsior.fr\/wp-content\/uploads\/2019\/10\/hotel-excelsior-chambre-03-01-md-1024x683.jpg 1024w, https:\/\/www.hotelexcelsior.fr\/wp-content\/uploads\/2019\/10\/hotel-excelsior-chambre-03-01-md-300x200.jpg 300w, https:\/\/www.hotelexcelsior.fr\/wp-content\/uploads\/2019\/10\/hotel-excelsior-chambre-03-01-md-768x512.jpg 768w, https:\/\/www.hotelexcelsior.fr\/wp-content\/uploads\/2019\/10\/hotel-excelsior-chambre-03-01-md.jpg 1600w\" sizes=\"(max-width: 1020px) 100vw, 1020px\" \/>\t\t\t\t\t\t\n\t\t\t\t\t<\/div>\n\t\t\t\t\t\t<\/a>\t\t\n<style scope=\"scope\">\n\n#image_1089926258 {\n  width: 100%;\n}\n<\/style>\n\t<\/div>\n\t\n\n\n     <\/div>\n\n     <div class=\"loading-spin dark large centered\"><\/div>\n\n     <style scope=\"scope\">\n             <\/style>\n<\/div><!-- .ux-slider-wrapper -->\n\n\n<div class=\"row row-collapse\"  id=\"row-1389036701\">\n\n<div class=\"col small-12 large-12\"  ><div class=\"col-inner\" style=\"padding:10px 10px 10px 10px;\" >\n\n<h3>Single<\/h3>\n<h4>1 person- 1 Single Bed<\/h4>\n<p>You will be charmed by our very functional Single rooms.<\/p>\n<a rel=\"noopener noreferrer\" href=\"https:\/\/secure.reservit.com\/reservit\/reserhotel.php?lang=EN&#038;id=2&#038;hotelid=6115\" target=\"_blank\" class=\"button primary is-small expand\"  >\n    <span>Book now<\/span>\n  <\/a>\n\n\n\n<\/div><\/div>\n\n\n<style scope=\"scope\">\n\n#row-1389036701 > .col > .col-inner {\n  padding: 0 0px 0px 0px;\n}\n<\/style>\n<\/div>\n\n<\/div><\/div>\n<div class=\"col medium-4 small-12 large-4\"  ><div class=\"col-inner box-shadow-3\"  >\n\n<div class=\"slider-wrapper relative\" id=\"slider-1755861476\" >\n    <div class=\"slider slider-nav-circle slider-nav-large slider-nav-light slider-style-normal\"\n        data-flickity-options='{\n            \"cellAlign\": \"center\",\n            \"imagesLoaded\": true,\n            \"lazyLoad\": 1,\n            \"freeScroll\": false,\n            \"wrapAround\": true,\n            \"autoPlay\": 6000,\n            \"pauseAutoPlayOnHover\" : true,\n            \"prevNextButtons\": true,\n            \"contain\" : true,\n            \"adaptiveHeight\" : true,\n            \"dragThreshold\" : 10,\n            \"percentPosition\": true,\n            \"pageDots\": false,\n            \"rightToLeft\": false,\n            \"draggable\": true,\n            \"selectedAttraction\": 0.1,\n            \"parallax\" : 0,\n            \"friction\": 0.6        }'\n        >\n        \n\n\t<div class=\"img has-hover x md-x lg-x y md-y lg-y\" id=\"image_1005381633\">\n\t\t<a class=\"image-lightbox lightbox-gallery\" href=\"https:\/\/www.hotelexcelsior.fr\/wp-content\/uploads\/2019\/10\/6-1024x683.jpg\" title=\"\">\t\t\t\t\t\t<div class=\"img-inner dark\" >\n\t\t\t<img loading=\"lazy\" decoding=\"async\" width=\"1020\" height=\"680\" src=\"https:\/\/www.hotelexcelsior.fr\/wp-content\/uploads\/2019\/10\/6-1024x683.jpg\" class=\"attachment-large size-large\" alt=\"HOTEL EXCELSIOR PARIS\" srcset=\"https:\/\/www.hotelexcelsior.fr\/wp-content\/uploads\/2019\/10\/6-1024x683.jpg 1024w, https:\/\/www.hotelexcelsior.fr\/wp-content\/uploads\/2019\/10\/6-300x200.jpg 300w, https:\/\/www.hotelexcelsior.fr\/wp-content\/uploads\/2019\/10\/6-768x512.jpg 768w, https:\/\/www.hotelexcelsior.fr\/wp-content\/uploads\/2019\/10\/6.jpg 1600w\" sizes=\"(max-width: 1020px) 100vw, 1020px\" \/>\t\t\t\t\t\t\n\t\t\t\t\t<\/div>\n\t\t\t\t\t\t<\/a>\t\t\n<style scope=\"scope\">\n\n#image_1005381633 {\n  width: 100%;\n}\n<\/style>\n\t<\/div>\n\t\n\n\n     <\/div>\n\n     <div class=\"loading-spin dark large centered\"><\/div>\n\n     <style scope=\"scope\">\n             <\/style>\n<\/div><!-- .ux-slider-wrapper -->\n\n\n<div class=\"row row-collapse\"  id=\"row-1366719802\">\n\n<div class=\"col small-12 large-12\"  ><div class=\"col-inner\" style=\"padding:10px 10px 10px 10px;\" >\n\n<h3>Double<\/h3>\n<h4>2 people &#8211; 1 double bed<\/h4>\n<p>Our double rooms are very light, pleasant and comfortable.<\/p>\n<a rel=\"noopener noreferrer\" href=\"https:\/\/secure.reservit.com\/reservit\/reserhotel.php?lang=EN&#038;id=2&#038;hotelid=6115\" target=\"_blank\" class=\"button primary is-small expand\"  >\n    <span>Book now<\/span>\n  <\/a>\n\n\n\n<\/div><\/div>\n\n\n<style scope=\"scope\">\n\n#row-1366719802 > .col > .col-inner {\n  padding: 0 0px 0px 0px;\n}\n<\/style>\n<\/div>\n\n<\/div><\/div>\n<div class=\"col medium-4 small-12 large-4\"  ><div class=\"col-inner box-shadow-3\"  >\n\n<div class=\"slider-wrapper relative\" id=\"slider-1189691887\" >\n    <div class=\"slider slider-nav-circle slider-nav-large slider-nav-light slider-style-normal\"\n        data-flickity-options='{\n            \"cellAlign\": \"center\",\n            \"imagesLoaded\": true,\n            \"lazyLoad\": 1,\n            \"freeScroll\": false,\n            \"wrapAround\": true,\n            \"autoPlay\": 6000,\n            \"pauseAutoPlayOnHover\" : true,\n            \"prevNextButtons\": true,\n            \"contain\" : true,\n            \"adaptiveHeight\" : true,\n            \"dragThreshold\" : 10,\n            \"percentPosition\": true,\n            \"pageDots\": false,\n            \"rightToLeft\": false,\n            \"draggable\": true,\n            \"selectedAttraction\": 0.1,\n            \"parallax\" : 0,\n            \"friction\": 0.6        }'\n        >\n        \n\n\t<div class=\"img has-hover x md-x lg-x y md-y lg-y\" id=\"image_825957546\">\n\t\t<a class=\"image-lightbox lightbox-gallery\" href=\"https:\/\/www.hotelexcelsior.fr\/wp-content\/uploads\/2019\/10\/5-1024x683.jpg\" title=\"\">\t\t\t\t\t\t<div class=\"img-inner dark\" >\n\t\t\t<img loading=\"lazy\" decoding=\"async\" width=\"1020\" height=\"680\" src=\"https:\/\/www.hotelexcelsior.fr\/wp-content\/uploads\/2019\/10\/5-1024x683.jpg\" class=\"attachment-large size-large\" alt=\"HOTEL EXCELSIOR PARIS\" srcset=\"https:\/\/www.hotelexcelsior.fr\/wp-content\/uploads\/2019\/10\/5-1024x683.jpg 1024w, https:\/\/www.hotelexcelsior.fr\/wp-content\/uploads\/2019\/10\/5-300x200.jpg 300w, https:\/\/www.hotelexcelsior.fr\/wp-content\/uploads\/2019\/10\/5-768x512.jpg 768w, https:\/\/www.hotelexcelsior.fr\/wp-content\/uploads\/2019\/10\/5.jpg 1600w\" sizes=\"(max-width: 1020px) 100vw, 1020px\" \/>\t\t\t\t\t\t\n\t\t\t\t\t<\/div>\n\t\t\t\t\t\t<\/a>\t\t\n<style scope=\"scope\">\n\n#image_825957546 {\n  width: 100%;\n}\n<\/style>\n\t<\/div>\n\t\n\n\n     <\/div>\n\n     <div class=\"loading-spin dark large centered\"><\/div>\n\n     <style scope=\"scope\">\n             <\/style>\n<\/div><!-- .ux-slider-wrapper -->\n\n\n<div class=\"row row-collapse\"  id=\"row-544929977\">\n\n<div class=\"col small-12 large-12\"  ><div class=\"col-inner\" style=\"padding:10px 10px 10px 10px;\" >\n\n<h3>Twin<\/h3>\n<h4>2 people &#8211; 2 single beds<\/h4>\n<p>Our twin rooms are very light, pleasant and comfortable.<\/p>\n<a rel=\"noopener noreferrer\" href=\"https:\/\/secure.reservit.com\/reservit\/reserhotel.php?lang=EN&#038;id=2&#038;hotelid=6115\" target=\"_blank\" class=\"button primary is-small expand\"  >\n    <span>Book now<\/span>\n  <\/a>\n\n\n\n<\/div><\/div>\n\n\n<style scope=\"scope\">\n\n#row-544929977 > .col > .col-inner {\n  padding: 0 0px 0px 0px;\n}\n<\/style>\n<\/div>\n\n<\/div><\/div>\n<div class=\"col medium-4 small-12 large-4\"  ><div class=\"col-inner box-shadow-3\"  >\n\n<div class=\"slider-wrapper relative\" id=\"slider-1563347593\" >\n    <div class=\"slider slider-nav-circle slider-nav-large slider-nav-light slider-style-normal\"\n        data-flickity-options='{\n            \"cellAlign\": \"center\",\n            \"imagesLoaded\": true,\n            \"lazyLoad\": 1,\n            \"freeScroll\": false,\n            \"wrapAround\": true,\n            \"autoPlay\": 6000,\n            \"pauseAutoPlayOnHover\" : true,\n            \"prevNextButtons\": true,\n            \"contain\" : true,\n            \"adaptiveHeight\" : true,\n            \"dragThreshold\" : 10,\n            \"percentPosition\": true,\n            \"pageDots\": false,\n            \"rightToLeft\": false,\n            \"draggable\": true,\n            \"selectedAttraction\": 0.1,\n            \"parallax\" : 0,\n            \"friction\": 0.6        }'\n        >\n        \n\n\t<div class=\"img has-hover x md-x lg-x y md-y lg-y\" id=\"image_1599363661\">\n\t\t<a class=\"image-lightbox lightbox-gallery\" href=\"https:\/\/www.hotelexcelsior.fr\/wp-content\/uploads\/2019\/10\/hotel-excelsior-chambre-02-01-md-1024x683.jpg\" title=\"\">\t\t\t\t\t\t<div class=\"img-inner dark\" >\n\t\t\t<img loading=\"lazy\" decoding=\"async\" width=\"1020\" height=\"680\" src=\"https:\/\/www.hotelexcelsior.fr\/wp-content\/uploads\/2019\/10\/hotel-excelsior-chambre-02-01-md-1024x683.jpg\" class=\"attachment-large size-large\" alt=\"HOTEL EXCELSIOR PARIS\" srcset=\"https:\/\/www.hotelexcelsior.fr\/wp-content\/uploads\/2019\/10\/hotel-excelsior-chambre-02-01-md-1024x683.jpg 1024w, https:\/\/www.hotelexcelsior.fr\/wp-content\/uploads\/2019\/10\/hotel-excelsior-chambre-02-01-md-300x200.jpg 300w, https:\/\/www.hotelexcelsior.fr\/wp-content\/uploads\/2019\/10\/hotel-excelsior-chambre-02-01-md-768x512.jpg 768w, https:\/\/www.hotelexcelsior.fr\/wp-content\/uploads\/2019\/10\/hotel-excelsior-chambre-02-01-md.jpg 1600w\" sizes=\"(max-width: 1020px) 100vw, 1020px\" \/>\t\t\t\t\t\t\n\t\t\t\t\t<\/div>\n\t\t\t\t\t\t<\/a>\t\t\n<style scope=\"scope\">\n\n#image_1599363661 {\n  width: 100%;\n}\n<\/style>\n\t<\/div>\n\t\n\n\n     <\/div>\n\n     <div class=\"loading-spin dark large centered\"><\/div>\n\n     <style scope=\"scope\">\n             <\/style>\n<\/div><!-- .ux-slider-wrapper -->\n\n\n<div class=\"row row-collapse\"  id=\"row-55210740\">\n\n<div class=\"col small-12 large-12\"  ><div class=\"col-inner\" style=\"padding:10px 10px 10px 10px;\" >\n\n<h3>Triple<\/h3>\n<h4>3 people<br \/>1 double bed + 1 single bed<\/h4>\n<p>Let yourself be tempted by our bright and cheerful Triple rooms. They are ideal for a holiday with your family.<\/p>\n<a rel=\"noopener noreferrer\" href=\"https:\/\/secure.reservit.com\/reservit\/reserhotel.php?lang=EN&#038;id=2&#038;hotelid=6115\" target=\"_blank\" class=\"button primary is-small expand\"  >\n    <span>Book now<\/span>\n  <\/a>\n\n\n\n<\/div><\/div>\n\n\n<style scope=\"scope\">\n\n#row-55210740 > .col > .col-inner {\n  padding: 0 0px 0px 0px;\n}\n<\/style>\n<\/div>\n\n<\/div><\/div>\n<div class=\"col medium-4 small-12 large-4\"  ><div class=\"col-inner box-shadow-3\"  >\n\n<div class=\"slider-wrapper relative\" id=\"slider-1441682169\" >\n    <div class=\"slider slider-nav-circle slider-nav-large slider-nav-light slider-style-normal\"\n        data-flickity-options='{\n            \"cellAlign\": \"center\",\n            \"imagesLoaded\": true,\n            \"lazyLoad\": 1,\n            \"freeScroll\": false,\n            \"wrapAround\": true,\n            \"autoPlay\": 6000,\n            \"pauseAutoPlayOnHover\" : true,\n            \"prevNextButtons\": true,\n            \"contain\" : true,\n            \"adaptiveHeight\" : true,\n            \"dragThreshold\" : 10,\n            \"percentPosition\": true,\n            \"pageDots\": false,\n            \"rightToLeft\": false,\n            \"draggable\": true,\n            \"selectedAttraction\": 0.1,\n            \"parallax\" : 0,\n            \"friction\": 0.6        }'\n        >\n        \n\n\t<div class=\"img has-hover x md-x lg-x y md-y lg-y\" id=\"image_1897801698\">\n\t\t<a class=\"image-lightbox lightbox-gallery\" href=\"https:\/\/www.hotelexcelsior.fr\/wp-content\/uploads\/2019\/10\/4-1024x683.jpg\" title=\"\">\t\t\t\t\t\t<div class=\"img-inner dark\" >\n\t\t\t<img loading=\"lazy\" decoding=\"async\" width=\"1020\" height=\"680\" src=\"https:\/\/www.hotelexcelsior.fr\/wp-content\/uploads\/2019\/10\/4-1024x683.jpg\" class=\"attachment-large size-large\" alt=\"HOTEL EXCELSIOR PARIS\" srcset=\"https:\/\/www.hotelexcelsior.fr\/wp-content\/uploads\/2019\/10\/4-1024x683.jpg 1024w, https:\/\/www.hotelexcelsior.fr\/wp-content\/uploads\/2019\/10\/4-300x200.jpg 300w, https:\/\/www.hotelexcelsior.fr\/wp-content\/uploads\/2019\/10\/4-768x512.jpg 768w, https:\/\/www.hotelexcelsior.fr\/wp-content\/uploads\/2019\/10\/4.jpg 1600w\" sizes=\"(max-width: 1020px) 100vw, 1020px\" \/>\t\t\t\t\t\t\n\t\t\t\t\t<\/div>\n\t\t\t\t\t\t<\/a>\t\t\n<style scope=\"scope\">\n\n#image_1897801698 {\n  width: 100%;\n}\n<\/style>\n\t<\/div>\n\t\n\n\n     <\/div>\n\n     <div class=\"loading-spin dark large centered\"><\/div>\n\n     <style scope=\"scope\">\n             <\/style>\n<\/div><!-- .ux-slider-wrapper -->\n\n\n<div class=\"row row-collapse\"  id=\"row-388471166\">\n\n<div class=\"col small-12 large-12\"  ><div class=\"col-inner\" style=\"padding:10px 10px 10px 10px;\" >\n\n<h3>Quadruple<\/h3>\n<h4>4 people <br \/>4 single beds<\/h4>\n<p>Let yourself be tempted by our bright and cheerful Quadruple rooms. They are ideal for a holiday with your family.<\/p>\n<a rel=\"noopener noreferrer\" href=\"https:\/\/secure.reservit.com\/reservit\/reserhotel.php?lang=EN&#038;id=2&#038;hotelid=6115\" target=\"_blank\" class=\"button primary is-small expand\"  >\n    <span>Book now<\/span>\n  <\/a>\n\n\n\n<\/div><\/div>\n\n\n<style scope=\"scope\">\n\n#row-388471166 > .col > .col-inner {\n  padding: 0 0px 0px 0px;\n}\n<\/style>\n<\/div>\n\n<\/div><\/div>\n\n<\/div>\n<div class=\"text-center\"><div class=\"is-divider divider clearfix\" style=\"margin-top:2em;margin-bottom:2em;max-width:100%;background-color:rgb(222, 206, 183);\"><\/div><\/div><!-- .divider -->\n\n<div class=\"row\"  id=\"row-1442882614\">\n\n<div class=\"col medium-7 small-12 large-7\"  ><div class=\"col-inner\"  >\n\n<h3>Facilities in rooms<\/h3>\n<p>Each of our rooms is equipped with:<\/p>\n<ul>\n<li>Bathroom with shower and WC<\/li>\n<li>Hairdryer<\/li>\n<li>Television<\/li>\n<li>Phone<\/li>\n<li>Free Wi-Fi Access<\/li>\n<\/ul>\n<p>Our hotel offers individually decorated rooms, each with its own charm, and some have a balcony.<\/p>\n<p>Pets are not allowed in the establishment.<\/p>\n<a rel=\"noopener noreferrer\" href=\"https:\/\/secure.reservit.com\/reservit\/reserhotel.php?lang=EN&#038;id=2&#038;hotelid=6115\" target=\"_blank\" class=\"button primary is-underline is-small expand\"  >\n    <span>Book now<\/span>\n  <\/a>\n\n\n<h4 style=\"margin-top: 30px;\">Payment terms:<\/h4>\n<p>Cards (carte bleue, Visa, master card, visa electron, maestro), travelers cheques in Euros, cash.<br \/>Cancellation possible 48 hours in advance, otherwise the first night is billed<\/p>\n\n<\/div><\/div>\n<div class=\"col medium-5 small-12 large-5\"  ><div class=\"col-inner\" style=\"background-color:rgb(222, 206, 183);padding:20px 20px 20px 20px;\" >\n\n<h3>Practical information:<\/h3>\n<ul style=\"line-height: 18px;\">\n<li>Check in from 2 pm<\/li>\n<li>Check out by 11 am at the latest<\/li>\n<li>Reception 24h\/24<\/li>\n<li>Breakfast in the dining room or your room from 7 am to 10 am<\/li>\n<li>Luggage<\/li>\n<li>Safe at reception<\/li>\n<li>Double Glazing<\/li>\n<li>Newspapers at reception<\/li>\n<li>Taxi booking<\/li>\n<li>Airport shuttle booking<\/li>\n<li>TNT<\/li>\n<li>Flat screen TV<\/li>\n<li>Hairdryer<\/li>\n<li>Telephone &#8211; Fax at reception<\/li>\n<li>Cot (on request when booking)<\/li>\n<li>Non smoking hotel<\/li>\n<\/ul>\n\n<\/div><\/div>\n\n\n<style scope=\"scope\">\n\n#row-1442882614 > .col > .col-inner {\n  padding: 0px 0px 0px 0px;\n}\n<\/style>\n<\/div>\n\n\t\t<\/div><!-- .section-content -->\n\n\t\t\n<style scope=\"scope\">\n\n#section_905190449 {\n  padding-top: 30px;\n  padding-bottom: 30px;\n  margin-bottom: 0px;\n}\n<\/style>\n\t<\/section>\n\t\n\n","protected":false},"excerpt":{"rendered":"","protected":false},"author":1,"featured_media":0,"parent":0,"menu_order":0,"comment_status":"closed","ping_status":"closed","template":"page-blank.php","meta":{"footnotes":""},"yoast_head":"<!-- This site is optimized with the Yoast SEO plugin v22.0 - https:\/\/yoast.com\/wordpress\/plugins\/seo\/ -->\n<title>The rooms of the tel Excelsior Paris, Hotel near Place de La R\u00e9publique<\/title>\n<meta name=\"description\" content=\"Rooms at the Excelsior R\u00e9publique ** hotel, right in the center of Paris, a stone&#039;s throw from Place de la R\u00e9publique and the Marais.\" \/>\n<meta name=\"robots\" content=\"index, follow, max-snippet:-1, max-image-preview:large, max-video-preview:-1\" \/>\n<link rel=\"canonical\" href=\"https:\/\/www.hotelexcelsior.fr\/en\/rooms-hotel-excelsior-paris\/\" \/>\n<meta property=\"og:locale\" content=\"en_US\" \/>\n<meta property=\"og:type\" content=\"article\" \/>\n<meta property=\"og:title\" content=\"The rooms of the tel Excelsior Paris, Hotel near Place de La R\u00e9publique\" \/>\n<meta property=\"og:description\" content=\"Rooms at the Excelsior R\u00e9publique ** hotel, right in the center of Paris, a stone&#039;s throw from Place de la R\u00e9publique and the Marais.\" \/>\n<meta property=\"og:url\" content=\"https:\/\/www.hotelexcelsior.fr\/en\/rooms-hotel-excelsior-paris\/\" \/>\n<meta property=\"og:site_name\" content=\"H\u00f4tel Excelsior R\u00e9publique\" \/>\n<meta property=\"article:modified_time\" content=\"2024-02-23T09:11:42+00:00\" \/>\n<meta name=\"twitter:card\" content=\"summary_large_image\" \/>\n<meta name=\"twitter:label1\" content=\"Est. reading time\" \/>\n\t<meta name=\"twitter:data1\" content=\"3 minutes\" \/>\n<script type=\"application\/ld+json\" class=\"yoast-schema-graph\">{\"@context\":\"https:\/\/schema.org\",\"@graph\":[{\"@type\":\"WebPage\",\"@id\":\"https:\/\/www.hotelexcelsior.fr\/en\/rooms-hotel-excelsior-paris\/\",\"url\":\"https:\/\/www.hotelexcelsior.fr\/en\/rooms-hotel-excelsior-paris\/\",\"name\":\"The rooms of the tel Excelsior Paris, Hotel near Place de La R\u00e9publique\",\"isPartOf\":{\"@id\":\"https:\/\/www.hotelexcelsior.fr\/#website\"},\"datePublished\":\"2019-10-15T07:10:58+00:00\",\"dateModified\":\"2024-02-23T09:11:42+00:00\",\"description\":\"Rooms at the Excelsior R\u00e9publique ** hotel, right in the center of Paris, a stone's throw from Place de la R\u00e9publique and the Marais.\",\"breadcrumb\":{\"@id\":\"https:\/\/www.hotelexcelsior.fr\/en\/rooms-hotel-excelsior-paris\/#breadcrumb\"},\"inLanguage\":\"en-US\",\"potentialAction\":[{\"@type\":\"ReadAction\",\"target\":[\"https:\/\/www.hotelexcelsior.fr\/en\/rooms-hotel-excelsior-paris\/\"]}]},{\"@type\":\"BreadcrumbList\",\"@id\":\"https:\/\/www.hotelexcelsior.fr\/en\/rooms-hotel-excelsior-paris\/#breadcrumb\",\"itemListElement\":[{\"@type\":\"ListItem\",\"position\":1,\"name\":\"Accueil\",\"item\":\"https:\/\/www.hotelexcelsior.fr\/en\/\"},{\"@type\":\"ListItem\",\"position\":2,\"name\":\"Chambres\"}]},{\"@type\":\"WebSite\",\"@id\":\"https:\/\/www.hotelexcelsior.fr\/#website\",\"url\":\"https:\/\/www.hotelexcelsior.fr\/\",\"name\":\"H\u00f4tel Excelsior R\u00e9publique\",\"description\":\"H\u00f4tel proche de la place de la R\u00e9publique\",\"potentialAction\":[{\"@type\":\"SearchAction\",\"target\":{\"@type\":\"EntryPoint\",\"urlTemplate\":\"https:\/\/www.hotelexcelsior.fr\/?s={search_term_string}\"},\"query-input\":\"required name=search_term_string\"}],\"inLanguage\":\"en-US\"}]}<\/script>\n<!-- \/ Yoast SEO plugin. -->","yoast_head_json":{"title":"The rooms of the tel Excelsior Paris, Hotel near Place de La R\u00e9publique","description":"Rooms at the Excelsior R\u00e9publique ** hotel, right in the center of Paris, a stone's throw from Place de la R\u00e9publique and the Marais.","robots":{"index":"index","follow":"follow","max-snippet":"max-snippet:-1","max-image-preview":"max-image-preview:large","max-video-preview":"max-video-preview:-1"},"canonical":"https:\/\/www.hotelexcelsior.fr\/en\/rooms-hotel-excelsior-paris\/","og_locale":"en_US","og_type":"article","og_title":"The rooms of the tel Excelsior Paris, Hotel near Place de La R\u00e9publique","og_description":"Rooms at the Excelsior R\u00e9publique ** hotel, right in the center of Paris, a stone's throw from Place de la R\u00e9publique and the Marais.","og_url":"https:\/\/www.hotelexcelsior.fr\/en\/rooms-hotel-excelsior-paris\/","og_site_name":"H\u00f4tel Excelsior R\u00e9publique","article_modified_time":"2024-02-23T09:11:42+00:00","twitter_card":"summary_large_image","twitter_misc":{"Est. reading time":"3 minutes"},"schema":{"@context":"https:\/\/schema.org","@graph":[{"@type":"WebPage","@id":"https:\/\/www.hotelexcelsior.fr\/en\/rooms-hotel-excelsior-paris\/","url":"https:\/\/www.hotelexcelsior.fr\/en\/rooms-hotel-excelsior-paris\/","name":"The rooms of the tel Excelsior Paris, Hotel near Place de La R\u00e9publique","isPartOf":{"@id":"https:\/\/www.hotelexcelsior.fr\/#website"},"datePublished":"2019-10-15T07:10:58+00:00","dateModified":"2024-02-23T09:11:42+00:00","description":"Rooms at the Excelsior R\u00e9publique ** hotel, right in the center of Paris, a stone's throw from Place de la R\u00e9publique and the Marais.","breadcrumb":{"@id":"https:\/\/www.hotelexcelsior.fr\/en\/rooms-hotel-excelsior-paris\/#breadcrumb"},"inLanguage":"en-US","potentialAction":[{"@type":"ReadAction","target":["https:\/\/www.hotelexcelsior.fr\/en\/rooms-hotel-excelsior-paris\/"]}]},{"@type":"BreadcrumbList","@id":"https:\/\/www.hotelexcelsior.fr\/en\/rooms-hotel-excelsior-paris\/#breadcrumb","itemListElement":[{"@type":"ListItem","position":1,"name":"Accueil","item":"https:\/\/www.hotelexcelsior.fr\/en\/"},{"@type":"ListItem","position":2,"name":"Chambres"}]},{"@type":"WebSite","@id":"https:\/\/www.hotelexcelsior.fr\/#website","url":"https:\/\/www.hotelexcelsior.fr\/","name":"H\u00f4tel Excelsior R\u00e9publique","description":"H\u00f4tel proche de la place de la R\u00e9publique","potentialAction":[{"@type":"SearchAction","target":{"@type":"EntryPoint","urlTemplate":"https:\/\/www.hotelexcelsior.fr\/?s={search_term_string}"},"query-input":"required name=search_term_string"}],"inLanguage":"en-US"}]}},"_links":{"self":[{"href":"https:\/\/www.hotelexcelsior.fr\/en\/wp-json\/wp\/v2\/pages\/172"}],"collection":[{"href":"https:\/\/www.hotelexcelsior.fr\/en\/wp-json\/wp\/v2\/pages"}],"about":[{"href":"https:\/\/www.hotelexcelsior.fr\/en\/wp-json\/wp\/v2\/types\/page"}],"author":[{"embeddable":true,"href":"https:\/\/www.hotelexcelsior.fr\/en\/wp-json\/wp\/v2\/users\/1"}],"replies":[{"embeddable":true,"href":"https:\/\/www.hotelexcelsior.fr\/en\/wp-json\/wp\/v2\/comments?post=172"}],"version-history":[{"count":11,"href":"https:\/\/www.hotelexcelsior.fr\/en\/wp-json\/wp\/v2\/pages\/172\/revisions"}],"predecessor-version":[{"id":509,"href":"https:\/\/www.hotelexcelsior.fr\/en\/wp-json\/wp\/v2\/pages\/172\/revisions\/509"}],"wp:attachment":[{"href":"https:\/\/www.hotelexcelsior.fr\/en\/wp-json\/wp\/v2\/media?parent=172"}],"curies":[{"name":"wp","href":"https:\/\/api.w.org\/{rel}","templated":true}]}}